{"id":3542,"date":"2023-11-06T14:24:59","date_gmt":"2023-11-06T13:24:59","guid":{"rendered":"https:\/\/etev7e.pef.czu.cz\/zs2223\/?post_type=product&#038;p=3542"},"modified":"2023-11-06T14:57:31","modified_gmt":"2023-11-06T13:57:31","slug":"pandora-prsten-pohadkovy-trpyt","status":"publish","type":"product","link":"https:\/\/etev7e.pef.czu.cz\/zs2223\/produkt\/pandora-prsten-pohadkovy-trpyt\/","title":{"rendered":"PANDORA prsten Poh\u00e1dkov\u00fd t\u0159pyt"},"content":{"rendered":"<p>Ru\u010dn\u011b dokon\u010dovan\u00fd t\u0159pytiv\u00fd prst\u00fdnek je vyroben ze sterlingov\u00e9ho st\u0159\u00edbra o ryzosti Ag 925\/1000. Na p\u0159edn\u00ed stran\u011b jsou 3 v\u011bt\u0161\u00ed kam\u00ednky z kubick\u00fdch zirkoni\u00ed. Prsten se hod\u00ed nejen do spole\u010dnosti ale tak\u00e9 na b\u011b\u017en\u00e9 denn\u00ed no\u0161en\u00ed.<\/p>\n","protected":false},"excerpt":{"rendered":"<p>Ru\u010dn\u011b dokon\u010dovan\u00fd t\u0159pytiv\u00fd prst\u00fdnek vyroben ze sterlingov\u00e9ho st\u0159\u00edbra o ryzosti Ag 925\/1000.<\/p>\n","protected":false},"featured_media":3546,"comment_status":"open","ping_status":"closed","template":"","meta":[],"product_brand":[],"product_cat":[933],"product_tag":[1025,797],"class_list":{"0":"post-3542","1":"product","2":"type-product","3":"status-publish","4":"has-post-thumbnail","6":"product_cat-sperky","7":"product_tag-prsteny","8":"product_tag-sperky","10":"first","11":"instock","12":"sale","13":"taxable","14":"shipping-taxable","15":"purchasable","16":"product-type-simple"},"jetpack_sharing_enabled":true,"_links":{"self":[{"href":"https:\/\/etev7e.pef.czu.cz\/zs2223\/wp-json\/wp\/v2\/product\/3542","targetHints":{"allow":["GET"]}}],"collection":[{"href":"https:\/\/etev7e.pef.czu.cz\/zs2223\/wp-json\/wp\/v2\/product"}],"about":[{"href":"https:\/\/etev7e.pef.czu.cz\/zs2223\/wp-json\/wp\/v2\/types\/product"}],"replies":[{"embeddable":true,"href":"https:\/\/etev7e.pef.czu.cz\/zs2223\/wp-json\/wp\/v2\/comments?post=3542"}],"wp:featuredmedia":[{"embeddable":true,"href":"https:\/\/etev7e.pef.czu.cz\/zs2223\/wp-json\/wp\/v2\/media\/3546"}],"wp:attachment":[{"href":"https:\/\/etev7e.pef.czu.cz\/zs2223\/wp-json\/wp\/v2\/media?parent=3542"}],"wp:term":[{"taxonomy":"product_brand","embeddable":true,"href":"https:\/\/etev7e.pef.czu.cz\/zs2223\/wp-json\/wp\/v2\/product_brand?post=3542"},{"taxonomy":"product_cat","embeddable":true,"href":"https:\/\/etev7e.pef.czu.cz\/zs2223\/wp-json\/wp\/v2\/product_cat?post=3542"},{"taxonomy":"product_tag","embeddable":true,"href":"https:\/\/etev7e.pef.czu.cz\/zs2223\/wp-json\/wp\/v2\/product_tag?post=3542"}],"curies":[{"name":"wp","href":"https:\/\/api.w.org\/{rel}","templated":true}]}}