{"id":3550,"date":"2023-11-06T14:44:44","date_gmt":"2023-11-06T13:44:44","guid":{"rendered":"https:\/\/etev7e.pef.czu.cz\/zs2223\/?post_type=product&#038;p=3550"},"modified":"2023-12-18T12:47:32","modified_gmt":"2023-12-18T11:47:32","slug":"sada-odporovych-gum","status":"publish","type":"product","link":"https:\/\/etev7e.pef.czu.cz\/zs2223\/produkt\/sada-odporovych-gum\/","title":{"rendered":"Sada odporov\u00fdch gum"},"content":{"rendered":"<p>Odporov\u00e9 gumy jsou d\u00edky sv\u00e9 elasticit\u011b perfektn\u00ed pom\u016fckou pro posilov\u00e1n\u00ed sval\u016f i k protahov\u00e1n\u00ed. Krom\u011b zv\u011bt\u0161en\u00ed sval\u016f i napom\u00e1haj\u00ed k vytvarov\u00e1n\u00ed celkov\u00e9 postavy. D\u00edky t\u011bmto velmi skladn\u00fdm gum\u00e1m, kter\u00e9 se daj\u00ed lehce slo\u017eit, m\u016f\u017eete cvi\u010dit \u00fapln\u011b kdekoliv. Doma, ve fitness centru, nebo i v kancel\u00e1\u0159i, kdy\u017e se pot\u0159ebujete prot\u00e1hnout po dlouh\u00e9m dni u po\u010d\u00edta\u010de. Jsou vhodn\u00e9 tak\u00e9 nap\u0159\u00edklad jako pom\u016fcka k rehabilitac\u00edm.<\/p>\n","protected":false},"excerpt":{"rendered":"<p>Zdroj: Mark\u00e9ta Solarov\u00e1, vlastn\u00ed pr\u00e1ce autora<\/p>\n","protected":false},"featured_media":3898,"comment_status":"open","ping_status":"closed","template":"","meta":[],"product_brand":[],"product_cat":[1026],"product_tag":[],"class_list":{"0":"post-3550","1":"product","2":"type-product","3":"status-publish","4":"has-post-thumbnail","6":"product_cat-fitnesspomucky","8":"first","9":"instock","10":"sale","11":"taxable","12":"shipping-taxable","13":"purchasable","14":"product-type-simple"},"jetpack_sharing_enabled":true,"_links":{"self":[{"href":"https:\/\/etev7e.pef.czu.cz\/zs2223\/wp-json\/wp\/v2\/product\/3550","targetHints":{"allow":["GET"]}}],"collection":[{"href":"https:\/\/etev7e.pef.czu.cz\/zs2223\/wp-json\/wp\/v2\/product"}],"about":[{"href":"https:\/\/etev7e.pef.czu.cz\/zs2223\/wp-json\/wp\/v2\/types\/product"}],"replies":[{"embeddable":true,"href":"https:\/\/etev7e.pef.czu.cz\/zs2223\/wp-json\/wp\/v2\/comments?post=3550"}],"wp:featuredmedia":[{"embeddable":true,"href":"https:\/\/etev7e.pef.czu.cz\/zs2223\/wp-json\/wp\/v2\/media\/3898"}],"wp:attachment":[{"href":"https:\/\/etev7e.pef.czu.cz\/zs2223\/wp-json\/wp\/v2\/media?parent=3550"}],"wp:term":[{"taxonomy":"product_brand","embeddable":true,"href":"https:\/\/etev7e.pef.czu.cz\/zs2223\/wp-json\/wp\/v2\/product_brand?post=3550"},{"taxonomy":"product_cat","embeddable":true,"href":"https:\/\/etev7e.pef.czu.cz\/zs2223\/wp-json\/wp\/v2\/product_cat?post=3550"},{"taxonomy":"product_tag","embeddable":true,"href":"https:\/\/etev7e.pef.czu.cz\/zs2223\/wp-json\/wp\/v2\/product_tag?post=3550"}],"curies":[{"name":"wp","href":"https:\/\/api.w.org\/{rel}","templated":true}]}}