{"id":3552,"date":"2023-11-06T14:37:02","date_gmt":"2023-11-06T13:37:02","guid":{"rendered":"https:\/\/etev7e.pef.czu.cz\/zs2223\/?post_type=product&#038;p=3552"},"modified":"2023-11-06T14:55:54","modified_gmt":"2023-11-06T13:55:54","slug":"nausnice","status":"publish","type":"product","link":"https:\/\/etev7e.pef.czu.cz\/zs2223\/produkt\/nausnice\/","title":{"rendered":"N\u00e1u\u0161nice ve tvaru srdce"},"content":{"rendered":"<p>N\u00e1u\u0161nice vyroben\u00e9 ze st\u0159\u00edbra. N\u00e1u\u0161nice jsou vytvarov\u00e1ny do tvaru srdce. Ob\u011b n\u00e1u\u0161nice jsou zdobeny jemn\u00fdmi k\u0159i\u0161\u0165\u00e1ly, kter\u00e9 se na sv\u011btle t\u0159pyt\u00ed. Tvar srdce p\u0159edstavuje symbol l\u00e1sky, energie a \u017eivotn\u00ed s\u00edly.<\/p>\n","protected":false},"excerpt":{"rendered":"<p>N\u00e1u\u0161nice vyroben\u00e9 ze st\u0159\u00edbra ve tvaru srdce.<\/p>\n","protected":false},"featured_media":3557,"comment_status":"open","ping_status":"closed","template":"","meta":[],"product_brand":[],"product_cat":[933],"product_tag":[152,797],"class_list":{"0":"post-3552","1":"product","2":"type-product","3":"status-publish","4":"has-post-thumbnail","6":"product_cat-sperky","7":"product_tag-nausnice","8":"product_tag-sperky","10":"first","11":"instock","12":"sale","13":"taxable","14":"shipping-taxable","15":"purchasable","16":"product-type-simple"},"jetpack_sharing_enabled":true,"_links":{"self":[{"href":"https:\/\/etev7e.pef.czu.cz\/zs2223\/wp-json\/wp\/v2\/product\/3552","targetHints":{"allow":["GET"]}}],"collection":[{"href":"https:\/\/etev7e.pef.czu.cz\/zs2223\/wp-json\/wp\/v2\/product"}],"about":[{"href":"https:\/\/etev7e.pef.czu.cz\/zs2223\/wp-json\/wp\/v2\/types\/product"}],"replies":[{"embeddable":true,"href":"https:\/\/etev7e.pef.czu.cz\/zs2223\/wp-json\/wp\/v2\/comments?post=3552"}],"wp:featuredmedia":[{"embeddable":true,"href":"https:\/\/etev7e.pef.czu.cz\/zs2223\/wp-json\/wp\/v2\/media\/3557"}],"wp:attachment":[{"href":"https:\/\/etev7e.pef.czu.cz\/zs2223\/wp-json\/wp\/v2\/media?parent=3552"}],"wp:term":[{"taxonomy":"product_brand","embeddable":true,"href":"https:\/\/etev7e.pef.czu.cz\/zs2223\/wp-json\/wp\/v2\/product_brand?post=3552"},{"taxonomy":"product_cat","embeddable":true,"href":"https:\/\/etev7e.pef.czu.cz\/zs2223\/wp-json\/wp\/v2\/product_cat?post=3552"},{"taxonomy":"product_tag","embeddable":true,"href":"https:\/\/etev7e.pef.czu.cz\/zs2223\/wp-json\/wp\/v2\/product_tag?post=3552"}],"curies":[{"name":"wp","href":"https:\/\/api.w.org\/{rel}","templated":true}]}}