{"id":3558,"date":"2023-11-06T14:41:56","date_gmt":"2023-11-06T13:41:56","guid":{"rendered":"https:\/\/etev7e.pef.czu.cz\/zs2223\/?post_type=product&#038;p=3558"},"modified":"2023-11-06T14:58:27","modified_gmt":"2023-11-06T13:58:27","slug":"nahrdelnik-pulmesic","status":"publish","type":"product","link":"https:\/\/etev7e.pef.czu.cz\/zs2223\/produkt\/nahrdelnik-pulmesic\/","title":{"rendered":"N\u00e1hrdeln\u00edk P\u016flm\u011bs\u00edc"},"content":{"rendered":"<p>N\u00e1hrdeln\u00edk vyroben\u00fd z\u00a0 st\u0159\u00edbra. Hlavn\u00ed ozdobou n\u00e1hrdeln\u00edku je st\u0159\u00edbrn\u00fd p\u016flm\u011bs\u00edc, na kter\u00e9m jsou ozdobn\u00e9 k\u0159i\u0161\u0165\u00e1lov\u00e9 kam\u00ednky. P\u016flm\u011bs\u00edc zna\u010d\u00ed symbol moci, p\u0159edstavuje otev\u0159enost a koncentraci a odkazuje na v\u011b\u010dn\u00fd \u017eivot. P\u016flm\u011bs\u00edc je tak\u00e9 ch\u00e1p\u00e1n jako st\u00e1lost nebo jednota.<\/p>\n","protected":false},"excerpt":{"rendered":"<p>N\u00e1hrdeln\u00edk vyroben\u00fd z\u00a0 st\u0159\u00edbra vynikaj\u00edc\u00ed hlavn\u00ed ozdobou ve tvaru st\u0159\u00edbrn\u00e9ho p\u016flm\u011bs\u00edce.<\/p>\n","protected":false},"featured_media":3561,"comment_status":"open","ping_status":"closed","template":"","meta":[],"product_brand":[],"product_cat":[933],"product_tag":[1029,797],"class_list":{"0":"post-3558","1":"product","2":"type-product","3":"status-publish","4":"has-post-thumbnail","6":"product_cat-sperky","7":"product_tag-nahrdelniky","8":"product_tag-sperky","10":"first","11":"instock","12":"sale","13":"taxable","14":"shipping-taxable","15":"purchasable","16":"product-type-simple"},"jetpack_sharing_enabled":true,"_links":{"self":[{"href":"https:\/\/etev7e.pef.czu.cz\/zs2223\/wp-json\/wp\/v2\/product\/3558","targetHints":{"allow":["GET"]}}],"collection":[{"href":"https:\/\/etev7e.pef.czu.cz\/zs2223\/wp-json\/wp\/v2\/product"}],"about":[{"href":"https:\/\/etev7e.pef.czu.cz\/zs2223\/wp-json\/wp\/v2\/types\/product"}],"replies":[{"embeddable":true,"href":"https:\/\/etev7e.pef.czu.cz\/zs2223\/wp-json\/wp\/v2\/comments?post=3558"}],"wp:featuredmedia":[{"embeddable":true,"href":"https:\/\/etev7e.pef.czu.cz\/zs2223\/wp-json\/wp\/v2\/media\/3561"}],"wp:attachment":[{"href":"https:\/\/etev7e.pef.czu.cz\/zs2223\/wp-json\/wp\/v2\/media?parent=3558"}],"wp:term":[{"taxonomy":"product_brand","embeddable":true,"href":"https:\/\/etev7e.pef.czu.cz\/zs2223\/wp-json\/wp\/v2\/product_brand?post=3558"},{"taxonomy":"product_cat","embeddable":true,"href":"https:\/\/etev7e.pef.czu.cz\/zs2223\/wp-json\/wp\/v2\/product_cat?post=3558"},{"taxonomy":"product_tag","embeddable":true,"href":"https:\/\/etev7e.pef.czu.cz\/zs2223\/wp-json\/wp\/v2\/product_tag?post=3558"}],"curies":[{"name":"wp","href":"https:\/\/api.w.org\/{rel}","templated":true}]}}