{"id":3562,"date":"2023-11-06T14:52:36","date_gmt":"2023-11-06T13:52:36","guid":{"rendered":"https:\/\/etev7e.pef.czu.cz\/zs2223\/?post_type=product&#038;p=3562"},"modified":"2023-12-18T12:46:42","modified_gmt":"2023-12-18T11:46:42","slug":"podlozka-na-cviceni","status":"publish","type":"product","link":"https:\/\/etev7e.pef.czu.cz\/zs2223\/produkt\/podlozka-na-cviceni\/","title":{"rendered":"Podlo\u017eka na cvi\u010den\u00ed"},"content":{"rendered":"<p>Podlo\u017eka na j\u00f3gu je skv\u011blou pom\u016fckou, d\u00edky kter\u00e9 m\u016f\u017ee b\u00fdt Va\u0161e cvi\u010den\u00ed je\u0161t\u011b p\u0159\u00edjemn\u011bj\u0161\u00ed a pohodln\u011bj\u0161\u00ed. Nejen, \u017ee je perfektn\u00ed d\u00edky sv\u00e9mu p\u0159\u00edjemn\u00e9mu materi\u00e1lu, ale i d\u00edky origin\u00e1ln\u00edm r\u016fzn\u00fdm vzor\u016fm budete s touto podlo\u017eku vypadat, jak prav\u00ed profesion\u00e1lov\u00e9.<\/p>\n","protected":false},"excerpt":{"rendered":"<p>Zdroj: Krist\u00fdna K\u016fsov\u00e1, vlastn\u00ed pr\u00e1ce autora<\/p>\n","protected":false},"featured_media":3901,"comment_status":"open","ping_status":"closed","template":"","meta":[],"product_brand":[],"product_cat":[1026],"product_tag":[75,1031,1030,350,1033,1032],"class_list":{"0":"post-3562","1":"product","2":"type-product","3":"status-publish","4":"has-post-thumbnail","6":"product_cat-fitnesspomucky","7":"product_tag-fitness","8":"product_tag-fitness-pomucky","9":"product_tag-joga","10":"product_tag-sport","11":"product_tag-sportovni-prislusenstvi","12":"product_tag-workout","14":"first","15":"instock","16":"sale","17":"taxable","18":"shipping-taxable","19":"purchasable","20":"product-type-simple"},"jetpack_sharing_enabled":true,"_links":{"self":[{"href":"https:\/\/etev7e.pef.czu.cz\/zs2223\/wp-json\/wp\/v2\/product\/3562","targetHints":{"allow":["GET"]}}],"collection":[{"href":"https:\/\/etev7e.pef.czu.cz\/zs2223\/wp-json\/wp\/v2\/product"}],"about":[{"href":"https:\/\/etev7e.pef.czu.cz\/zs2223\/wp-json\/wp\/v2\/types\/product"}],"replies":[{"embeddable":true,"href":"https:\/\/etev7e.pef.czu.cz\/zs2223\/wp-json\/wp\/v2\/comments?post=3562"}],"wp:featuredmedia":[{"embeddable":true,"href":"https:\/\/etev7e.pef.czu.cz\/zs2223\/wp-json\/wp\/v2\/media\/3901"}],"wp:attachment":[{"href":"https:\/\/etev7e.pef.czu.cz\/zs2223\/wp-json\/wp\/v2\/media?parent=3562"}],"wp:term":[{"taxonomy":"product_brand","embeddable":true,"href":"https:\/\/etev7e.pef.czu.cz\/zs2223\/wp-json\/wp\/v2\/product_brand?post=3562"},{"taxonomy":"product_cat","embeddable":true,"href":"https:\/\/etev7e.pef.czu.cz\/zs2223\/wp-json\/wp\/v2\/product_cat?post=3562"},{"taxonomy":"product_tag","embeddable":true,"href":"https:\/\/etev7e.pef.czu.cz\/zs2223\/wp-json\/wp\/v2\/product_tag?post=3562"}],"curies":[{"name":"wp","href":"https:\/\/api.w.org\/{rel}","templated":true}]}}