{"id":3569,"date":"2023-11-06T14:56:04","date_gmt":"2023-11-06T13:56:04","guid":{"rendered":"https:\/\/etev7e.pef.czu.cz\/zs2223\/?post_type=product&#038;p=3569"},"modified":"2023-12-18T12:41:00","modified_gmt":"2023-12-18T11:41:00","slug":"bosu-mic","status":"publish","type":"product","link":"https:\/\/etev7e.pef.czu.cz\/zs2223\/produkt\/bosu-mic\/","title":{"rendered":"Bosu m\u00ed\u010d"},"content":{"rendered":"<p>Bosu m\u00ed\u010d je perfektn\u00ed pom\u016fcka pro procvi\u010den\u00ed stability, d\u00edky kter\u00e9 pos\u00edl\u00edte v\u0161echny svaly v t\u011ble z\u00e1rove\u0148. M\u016f\u017eete ho vyu\u017e\u00edt nejen v posilovn\u011b, p\u0159i cvi\u010den\u00ed, u j\u00f3gy \u010di aerobiku, ale i t\u0159eba ve\u010der u obl\u00edben\u00e9ho seri\u00e1lu, kdy\u017e chcete m\u00edt chvilku pro sebe.<\/p>\n","protected":false},"excerpt":{"rendered":"<p>zdroj: Sportago.cz<\/p>\n","protected":false},"featured_media":0,"comment_status":"open","ping_status":"closed","template":"","meta":[],"product_brand":[],"product_cat":[1026],"product_tag":[75,1031,1030,350,1033],"class_list":{"0":"post-3569","1":"product","2":"type-product","3":"status-publish","5":"product_cat-fitnesspomucky","6":"product_tag-fitness","7":"product_tag-fitness-pomucky","8":"product_tag-joga","9":"product_tag-sport","10":"product_tag-sportovni-prislusenstvi","12":"first","13":"instock","14":"sale","15":"taxable","16":"shipping-taxable","17":"purchasable","18":"product-type-simple"},"jetpack_sharing_enabled":true,"_links":{"self":[{"href":"https:\/\/etev7e.pef.czu.cz\/zs2223\/wp-json\/wp\/v2\/product\/3569","targetHints":{"allow":["GET"]}}],"collection":[{"href":"https:\/\/etev7e.pef.czu.cz\/zs2223\/wp-json\/wp\/v2\/product"}],"about":[{"href":"https:\/\/etev7e.pef.czu.cz\/zs2223\/wp-json\/wp\/v2\/types\/product"}],"replies":[{"embeddable":true,"href":"https:\/\/etev7e.pef.czu.cz\/zs2223\/wp-json\/wp\/v2\/comments?post=3569"}],"wp:attachment":[{"href":"https:\/\/etev7e.pef.czu.cz\/zs2223\/wp-json\/wp\/v2\/media?parent=3569"}],"wp:term":[{"taxonomy":"product_brand","embeddable":true,"href":"https:\/\/etev7e.pef.czu.cz\/zs2223\/wp-json\/wp\/v2\/product_brand?post=3569"},{"taxonomy":"product_cat","embeddable":true,"href":"https:\/\/etev7e.pef.czu.cz\/zs2223\/wp-json\/wp\/v2\/product_cat?post=3569"},{"taxonomy":"product_tag","embeddable":true,"href":"https:\/\/etev7e.pef.czu.cz\/zs2223\/wp-json\/wp\/v2\/product_tag?post=3569"}],"curies":[{"name":"wp","href":"https:\/\/api.w.org\/{rel}","templated":true}]}}