{"id":3571,"date":"2023-11-06T15:14:38","date_gmt":"2023-11-06T14:14:38","guid":{"rendered":"https:\/\/etev7e.pef.czu.cz\/zs2223\/?post_type=product&#038;p=3571"},"modified":"2023-11-06T16:32:16","modified_gmt":"2023-11-06T15:32:16","slug":"chipsy-cizrnove-s-morskou-soli-65-g","status":"publish","type":"product","link":"https:\/\/etev7e.pef.czu.cz\/zs2223\/produkt\/chipsy-cizrnove-s-morskou-soli-65-g\/","title":{"rendered":"Cizrnov\u00e9 chipsy s mo\u0159skou sol\u00ed"},"content":{"rendered":"<p><span lang=\"cs-cz\" xml:lang=\"cs-cz\">Cizrnov\u00e9 chipsy s mo\u0159skou sol\u00ed p\u0159edstavuj\u00ed novou alternativu zdrav\u011bj\u0161\u00edch a chutn\u011bj\u0161\u00edch chips\u016f. Cizrna je lu\u0161t\u011bnina, kter\u00e1 je velmi bohat\u00e1 na velk\u00fd pod\u00edl \u017eeleza, vitam\u00edn\u016f skupiny B, miner\u00e1l\u016f a \u0159adu dal\u0161\u00edch d\u016fle\u017eit\u00fdch \u017eivin. Chipsy jsou vyrobeny ze z\u00e1kladn\u00edch vstupn\u00edch BIO surovin, obsahuj\u00ed a\u017e o 35 % m\u00e9n\u011b tuku ne\u017e standardn\u00ed bramborov\u00e9 chipsy a jsou sma\u017een\u00e9 na slune\u010dnicov\u00e9m oleji. Neobsahuj\u00ed \u017e\u00e1dn\u00fd lepek a lakt\u00f3zu, tak\u017ee jsou vhodn\u00e9 i pro vegany. Jedno balen\u00ed chips\u016f o velikosti 65 g obsahuje BIO mouku z cizrny 36,5 %, BIO bramborov\u00fd \u0161krob, slune\u010dnicov\u00fd olej, BIO bramborovou mouku a mo\u0159skou s\u016fl. Tyto chipsy jsou vyrobeny a baleny v \u010cesk\u00e9 republice. Doporu\u010den\u00ed pro skladov\u00e1n\u00ed chips\u016f je v suchu a chr\u00e1nit je p\u0159ed p\u0159\u00edm\u00fdm slune\u010dn\u00edm z\u00e1\u0159en\u00ed.<\/span><\/p>\n","protected":false},"excerpt":{"rendered":"<p>Cizrnov\u00e9 chipsy s mo\u0159skou sol\u00ed je nov\u00e1 alternativa zdrav\u011bj\u0161\u00edch chips\u016f, kter\u00e1 obsahuje vysok\u00fd pod\u00edl \u017eeleza, a to d\u00edky z\u00e1kladn\u00edm surovin\u00e1m a nav\u00edc obsahuje ni\u017e\u0161\u00ed pod\u00edl soli a tuku ne\u017e bramborov\u00e9 chipsy. Hod\u00ed se jako pochutina k n\u00e1poj\u016fm.<\/p>\n","protected":false},"featured_media":3612,"comment_status":"open","ping_status":"closed","template":"","meta":[],"product_brand":[],"product_cat":[759],"product_tag":[1038,1034,1036,1035,1037,1039],"class_list":{"0":"post-3571","1":"product","2":"type-product","3":"status-publish","4":"has-post-thumbnail","6":"product_cat-zdrava-vyziva","7":"product_tag-baleni","8":"product_tag-chipsy","9":"product_tag-cizrna","10":"product_tag-morska-sul","11":"product_tag-trvanlivy-produkt","12":"product_tag-zdravejsi-alternativa","14":"first","15":"instock","16":"sale","17":"taxable","18":"shipping-taxable","19":"purchasable","20":"product-type-variable"},"jetpack_sharing_enabled":true,"_links":{"self":[{"href":"https:\/\/etev7e.pef.czu.cz\/zs2223\/wp-json\/wp\/v2\/product\/3571","targetHints":{"allow":["GET"]}}],"collection":[{"href":"https:\/\/etev7e.pef.czu.cz\/zs2223\/wp-json\/wp\/v2\/product"}],"about":[{"href":"https:\/\/etev7e.pef.czu.cz\/zs2223\/wp-json\/wp\/v2\/types\/product"}],"replies":[{"embeddable":true,"href":"https:\/\/etev7e.pef.czu.cz\/zs2223\/wp-json\/wp\/v2\/comments?post=3571"}],"wp:featuredmedia":[{"embeddable":true,"href":"https:\/\/etev7e.pef.czu.cz\/zs2223\/wp-json\/wp\/v2\/media\/3612"}],"wp:attachment":[{"href":"https:\/\/etev7e.pef.czu.cz\/zs2223\/wp-json\/wp\/v2\/media?parent=3571"}],"wp:term":[{"taxonomy":"product_brand","embeddable":true,"href":"https:\/\/etev7e.pef.czu.cz\/zs2223\/wp-json\/wp\/v2\/product_brand?post=3571"},{"taxonomy":"product_cat","embeddable":true,"href":"https:\/\/etev7e.pef.czu.cz\/zs2223\/wp-json\/wp\/v2\/product_cat?post=3571"},{"taxonomy":"product_tag","embeddable":true,"href":"https:\/\/etev7e.pef.czu.cz\/zs2223\/wp-json\/wp\/v2\/product_tag?post=3571"}],"curies":[{"name":"wp","href":"https:\/\/api.w.org\/{rel}","templated":true}]}}