{"id":3577,"date":"2023-11-06T15:03:57","date_gmt":"2023-11-06T14:03:57","guid":{"rendered":"https:\/\/etev7e.pef.czu.cz\/zs2223\/?post_type=product&#038;p=3577"},"modified":"2023-12-18T12:45:48","modified_gmt":"2023-12-18T11:45:48","slug":"fitness-bloky-10-ks","status":"publish","type":"product","link":"https:\/\/etev7e.pef.czu.cz\/zs2223\/produkt\/fitness-bloky-10-ks\/","title":{"rendered":"Fitness bloky 10 ks"},"content":{"rendered":"<p>Fitness bloky r\u016fzn\u00fdch barev a velikost\u00ed jsou ide\u00e1ln\u00ed na pomoc p\u0159i r\u016fzn\u00fdch cvik\u016f na protahov\u00e1n\u00ed. Pokud za\u010d\u00edn\u00e1te se stre\u010dinkem a nem\u00e1te tak velk\u00fd rozsah, tak jsou pro v\u00e1s tyto bloky ide\u00e1ln\u00ed.<\/p>\n","protected":false},"excerpt":{"rendered":"<p>Fitness bloky r\u016fzn\u00fdch barev a velikost\u00ed jsou ide\u00e1ln\u00ed na pomoc p\u0159i r\u016fzn\u00fdch cvik\u016f na protahov\u00e1n\u00ed. Pokud za\u010d\u00edn\u00e1te se stre\u010dinkem a nem\u00e1te tak velk\u00fd rozsah, tak jsou pro v\u00e1s tyto bloky ide\u00e1ln\u00ed.<\/p>\n","protected":false},"featured_media":0,"comment_status":"open","ping_status":"closed","template":"","meta":[],"product_brand":[],"product_cat":[1026],"product_tag":[75,1031,1030,350,1033],"class_list":{"0":"post-3577","1":"product","2":"type-product","3":"status-publish","5":"product_cat-fitnesspomucky","6":"product_tag-fitness","7":"product_tag-fitness-pomucky","8":"product_tag-joga","9":"product_tag-sport","10":"product_tag-sportovni-prislusenstvi","12":"first","13":"instock","14":"sale","15":"taxable","16":"shipping-taxable","17":"purchasable","18":"product-type-simple"},"jetpack_sharing_enabled":true,"_links":{"self":[{"href":"https:\/\/etev7e.pef.czu.cz\/zs2223\/wp-json\/wp\/v2\/product\/3577","targetHints":{"allow":["GET"]}}],"collection":[{"href":"https:\/\/etev7e.pef.czu.cz\/zs2223\/wp-json\/wp\/v2\/product"}],"about":[{"href":"https:\/\/etev7e.pef.czu.cz\/zs2223\/wp-json\/wp\/v2\/types\/product"}],"replies":[{"embeddable":true,"href":"https:\/\/etev7e.pef.czu.cz\/zs2223\/wp-json\/wp\/v2\/comments?post=3577"}],"wp:attachment":[{"href":"https:\/\/etev7e.pef.czu.cz\/zs2223\/wp-json\/wp\/v2\/media?parent=3577"}],"wp:term":[{"taxonomy":"product_brand","embeddable":true,"href":"https:\/\/etev7e.pef.czu.cz\/zs2223\/wp-json\/wp\/v2\/product_brand?post=3577"},{"taxonomy":"product_cat","embeddable":true,"href":"https:\/\/etev7e.pef.czu.cz\/zs2223\/wp-json\/wp\/v2\/product_cat?post=3577"},{"taxonomy":"product_tag","embeddable":true,"href":"https:\/\/etev7e.pef.czu.cz\/zs2223\/wp-json\/wp\/v2\/product_tag?post=3577"}],"curies":[{"name":"wp","href":"https:\/\/api.w.org\/{rel}","templated":true}]}}