{"id":3584,"date":"2023-11-06T15:16:50","date_gmt":"2023-11-06T14:16:50","guid":{"rendered":"https:\/\/etev7e.pef.czu.cz\/zs2223\/?post_type=product&#038;p=3584"},"modified":"2023-12-18T12:44:19","modified_gmt":"2023-12-18T11:44:19","slug":"masazni-valec","status":"publish","type":"product","link":"https:\/\/etev7e.pef.czu.cz\/zs2223\/produkt\/masazni-valec\/","title":{"rendered":"Mas\u00e1\u017en\u00ed v\u00e1lec"},"content":{"rendered":"<p>Mas\u00e1\u017en\u00ed v\u00e1lec pro rehabilita\u010dn\u00ed, relaxa\u010dn\u00ed i posilovac\u00ed cvi\u010den\u00ed. V\u00e1lec pom\u00e1h\u00e1 rozkl\u00e1dat podko\u017en\u00ed tukov\u00e9 tk\u00e1n\u011b a je ide\u00e1ln\u00edm pomocn\u00edkem v boji proti celulitid\u011b. Podporuje svalovou flexibilitu a uvol\u0148uje nap\u011bt\u00ed ve svalech. V\u00fdsledkem je eliminace bolesti zad a stabilizace p\u00e1te\u0159e.<\/p>\n","protected":false},"excerpt":{"rendered":"<p>Zdroj: Kate\u0159ina Macurov\u00e1, vlastn\u00ed pr\u00e1ce autora<\/p>\n","protected":false},"featured_media":3895,"comment_status":"open","ping_status":"closed","template":"","meta":[],"product_brand":[],"product_cat":[1026],"product_tag":[75,1031,1030,350,1033],"class_list":{"0":"post-3584","1":"product","2":"type-product","3":"status-publish","4":"has-post-thumbnail","6":"product_cat-fitnesspomucky","7":"product_tag-fitness","8":"product_tag-fitness-pomucky","9":"product_tag-joga","10":"product_tag-sport","11":"product_tag-sportovni-prislusenstvi","13":"first","14":"instock","15":"sale","16":"taxable","17":"shipping-taxable","18":"purchasable","19":"product-type-simple"},"jetpack_sharing_enabled":true,"_links":{"self":[{"href":"https:\/\/etev7e.pef.czu.cz\/zs2223\/wp-json\/wp\/v2\/product\/3584","targetHints":{"allow":["GET"]}}],"collection":[{"href":"https:\/\/etev7e.pef.czu.cz\/zs2223\/wp-json\/wp\/v2\/product"}],"about":[{"href":"https:\/\/etev7e.pef.czu.cz\/zs2223\/wp-json\/wp\/v2\/types\/product"}],"replies":[{"embeddable":true,"href":"https:\/\/etev7e.pef.czu.cz\/zs2223\/wp-json\/wp\/v2\/comments?post=3584"}],"wp:featuredmedia":[{"embeddable":true,"href":"https:\/\/etev7e.pef.czu.cz\/zs2223\/wp-json\/wp\/v2\/media\/3895"}],"wp:attachment":[{"href":"https:\/\/etev7e.pef.czu.cz\/zs2223\/wp-json\/wp\/v2\/media?parent=3584"}],"wp:term":[{"taxonomy":"product_brand","embeddable":true,"href":"https:\/\/etev7e.pef.czu.cz\/zs2223\/wp-json\/wp\/v2\/product_brand?post=3584"},{"taxonomy":"product_cat","embeddable":true,"href":"https:\/\/etev7e.pef.czu.cz\/zs2223\/wp-json\/wp\/v2\/product_cat?post=3584"},{"taxonomy":"product_tag","embeddable":true,"href":"https:\/\/etev7e.pef.czu.cz\/zs2223\/wp-json\/wp\/v2\/product_tag?post=3584"}],"curies":[{"name":"wp","href":"https:\/\/api.w.org\/{rel}","templated":true}]}}