{"id":3594,"date":"2023-11-06T16:11:43","date_gmt":"2023-11-06T15:11:43","guid":{"rendered":"https:\/\/etev7e.pef.czu.cz\/zs2223\/?post_type=product&#038;p=3594"},"modified":"2023-11-06T16:55:04","modified_gmt":"2023-11-06T15:55:04","slug":"psi-obojek","status":"publish","type":"product","link":"https:\/\/etev7e.pef.czu.cz\/zs2223\/produkt\/psi-obojek\/","title":{"rendered":"Ps\u00ed obojek"},"content":{"rendered":"<p>Ps\u00ed obojek zna\u010dky MAC LEATHER v atraktivn\u00ed r\u016f\u017eov\u00e9 barv\u011b s elegantn\u00edm designem. Obojek je vyroben z k\u016f\u017ee s textiln\u00ed pod\u0161\u00edvkou a opat\u0159en kovov\u00fdm medailonkem.<\/p>\n","protected":false},"excerpt":{"rendered":"<p>Ps\u00ed obojek zna\u010dky MAC LEATHER v atraktivn\u00ed r\u016f\u017eov\u00e9 barv\u011b s elegantn\u00edm designem.<\/p>\n","protected":false},"featured_media":3591,"comment_status":"open","ping_status":"closed","template":"","meta":[],"product_brand":[],"product_cat":[1040],"product_tag":[713,60,385],"class_list":{"0":"post-3594","1":"product","2":"type-product","3":"status-publish","4":"has-post-thumbnail","6":"product_cat-vybaveni-pro-psy","7":"product_tag-kuze","8":"product_tag-obojky","9":"product_tag-pes","11":"first","12":"instock","13":"taxable","14":"shipping-taxable","15":"purchasable","16":"product-type-variable"},"jetpack_sharing_enabled":true,"_links":{"self":[{"href":"https:\/\/etev7e.pef.czu.cz\/zs2223\/wp-json\/wp\/v2\/product\/3594","targetHints":{"allow":["GET"]}}],"collection":[{"href":"https:\/\/etev7e.pef.czu.cz\/zs2223\/wp-json\/wp\/v2\/product"}],"about":[{"href":"https:\/\/etev7e.pef.czu.cz\/zs2223\/wp-json\/wp\/v2\/types\/product"}],"replies":[{"embeddable":true,"href":"https:\/\/etev7e.pef.czu.cz\/zs2223\/wp-json\/wp\/v2\/comments?post=3594"}],"wp:featuredmedia":[{"embeddable":true,"href":"https:\/\/etev7e.pef.czu.cz\/zs2223\/wp-json\/wp\/v2\/media\/3591"}],"wp:attachment":[{"href":"https:\/\/etev7e.pef.czu.cz\/zs2223\/wp-json\/wp\/v2\/media?parent=3594"}],"wp:term":[{"taxonomy":"product_brand","embeddable":true,"href":"https:\/\/etev7e.pef.czu.cz\/zs2223\/wp-json\/wp\/v2\/product_brand?post=3594"},{"taxonomy":"product_cat","embeddable":true,"href":"https:\/\/etev7e.pef.czu.cz\/zs2223\/wp-json\/wp\/v2\/product_cat?post=3594"},{"taxonomy":"product_tag","embeddable":true,"href":"https:\/\/etev7e.pef.czu.cz\/zs2223\/wp-json\/wp\/v2\/product_tag?post=3594"}],"curies":[{"name":"wp","href":"https:\/\/api.w.org\/{rel}","templated":true}]}}