{"id":3602,"date":"2023-11-06T16:25:58","date_gmt":"2023-11-06T15:25:58","guid":{"rendered":"https:\/\/etev7e.pef.czu.cz\/zs2223\/?post_type=product&#038;p=3602"},"modified":"2023-11-06T16:25:58","modified_gmt":"2023-11-06T15:25:58","slug":"psi-zachranna-plovaci-vesta","status":"publish","type":"product","link":"https:\/\/etev7e.pef.czu.cz\/zs2223\/produkt\/psi-zachranna-plovaci-vesta\/","title":{"rendered":"Ps\u00ed z\u00e1chrann\u00e1 plovac\u00ed vesta"},"content":{"rendered":"<p>Reflexn\u00ed z\u00e1chrann\u00e1 plovac\u00ed vesta pro psy zna\u010dky Nobby. Rychle a snadno nastaviteln\u00e1 d\u00edky nylonov\u00fdm popruh\u016fm se zap\u00edn\u00e1n\u00edm. Poskytuje bezpe\u010d\u00ed p\u0159i vodn\u00edch sportech. Barva: oran\u017eov\u00e1 nebo \u017elut\u00e1. Uveden\u00e9 rozm\u011bry sed\u00ed na velikost XS.<\/p>\n","protected":false},"excerpt":{"rendered":"<p>Reflexn\u00ed z\u00e1chrann\u00e1 plovac\u00ed vesta pro psy zna\u010dky Nobby.<\/p>\n","protected":false},"featured_media":3611,"comment_status":"open","ping_status":"closed","template":"","meta":[],"product_brand":[],"product_cat":[1040],"product_tag":[87,385,522],"class_list":{"0":"post-3602","1":"product","2":"type-product","3":"status-publish","4":"has-post-thumbnail","6":"product_cat-vybaveni-pro-psy","7":"product_tag-oblecky","8":"product_tag-pes","9":"product_tag-reflexni-vesta","11":"first","12":"instock","13":"sale","14":"taxable","15":"shipping-taxable","16":"purchasable","17":"product-type-variable"},"jetpack_sharing_enabled":true,"_links":{"self":[{"href":"https:\/\/etev7e.pef.czu.cz\/zs2223\/wp-json\/wp\/v2\/product\/3602","targetHints":{"allow":["GET"]}}],"collection":[{"href":"https:\/\/etev7e.pef.czu.cz\/zs2223\/wp-json\/wp\/v2\/product"}],"about":[{"href":"https:\/\/etev7e.pef.czu.cz\/zs2223\/wp-json\/wp\/v2\/types\/product"}],"replies":[{"embeddable":true,"href":"https:\/\/etev7e.pef.czu.cz\/zs2223\/wp-json\/wp\/v2\/comments?post=3602"}],"wp:featuredmedia":[{"embeddable":true,"href":"https:\/\/etev7e.pef.czu.cz\/zs2223\/wp-json\/wp\/v2\/media\/3611"}],"wp:attachment":[{"href":"https:\/\/etev7e.pef.czu.cz\/zs2223\/wp-json\/wp\/v2\/media?parent=3602"}],"wp:term":[{"taxonomy":"product_brand","embeddable":true,"href":"https:\/\/etev7e.pef.czu.cz\/zs2223\/wp-json\/wp\/v2\/product_brand?post=3602"},{"taxonomy":"product_cat","embeddable":true,"href":"https:\/\/etev7e.pef.czu.cz\/zs2223\/wp-json\/wp\/v2\/product_cat?post=3602"},{"taxonomy":"product_tag","embeddable":true,"href":"https:\/\/etev7e.pef.czu.cz\/zs2223\/wp-json\/wp\/v2\/product_tag?post=3602"}],"curies":[{"name":"wp","href":"https:\/\/api.w.org\/{rel}","templated":true}]}}