{"id":3614,"date":"2023-11-06T16:37:09","date_gmt":"2023-11-06T15:37:09","guid":{"rendered":"https:\/\/etev7e.pef.czu.cz\/zs2223\/?post_type=product&#038;p=3614"},"modified":"2023-11-06T16:37:09","modified_gmt":"2023-11-06T15:37:09","slug":"ochranna-deka-pro-psy","status":"publish","type":"product","link":"https:\/\/etev7e.pef.czu.cz\/zs2223\/produkt\/ochranna-deka-pro-psy\/","title":{"rendered":"Ochrann\u00e1 deka pro psy"},"content":{"rendered":"<p>Ochrann\u00e1 deka pro psy odoln\u00e1 proti v\u011btru, de\u0161ti i chladu s reflexn\u00edmi prvky. Deka je vybavena speci\u00e1ln\u00ed technologi\u00ed, kter\u00e1 stimuluje svalovou hmotu a z\u00e1rove\u0148 napom\u00e1h\u00e1 udr\u017eovat optim\u00e1ln\u00ed teplotu pod dekou. Obl\u00e9k\u00e1 se p\u0159es hlavu. Snadn\u00e9 zap\u00edn\u00e1n\u00ed na such\u00fd zip na boc\u00edch deky v\u010detn\u011b p\u00e1sku p\u0159es h\u0159bet zaji\u0161\u0165uj\u00edc\u00ed deku proti p\u0159et\u00e1\u010den\u00ed. Barva: \u010dern\u00e1.<\/p>\n","protected":false},"excerpt":{"rendered":"<p>Ochrann\u00e1 deka pro psy odoln\u00e1 proti v\u011btru, de\u0161ti i chladu s reflexn\u00edmi prvky. Deka je vybavena speci\u00e1ln\u00ed technologi\u00ed, kter\u00e1 stimuluje svalovou hmotu a z\u00e1rove\u0148 napom\u00e1h\u00e1 udr\u017eovat optim\u00e1ln\u00ed teplotu pod dekou.<\/p>\n","protected":false},"featured_media":3619,"comment_status":"open","ping_status":"closed","template":"","meta":[],"product_brand":[],"product_cat":[1040],"product_tag":[87,385,824,843],"class_list":{"0":"post-3614","1":"product","2":"type-product","3":"status-publish","4":"has-post-thumbnail","6":"product_cat-vybaveni-pro-psy","7":"product_tag-oblecky","8":"product_tag-pes","9":"product_tag-podzim","10":"product_tag-zima","12":"first","13":"instock","14":"sale","15":"taxable","16":"shipping-taxable","17":"purchasable","18":"product-type-variable"},"jetpack_sharing_enabled":true,"_links":{"self":[{"href":"https:\/\/etev7e.pef.czu.cz\/zs2223\/wp-json\/wp\/v2\/product\/3614","targetHints":{"allow":["GET"]}}],"collection":[{"href":"https:\/\/etev7e.pef.czu.cz\/zs2223\/wp-json\/wp\/v2\/product"}],"about":[{"href":"https:\/\/etev7e.pef.czu.cz\/zs2223\/wp-json\/wp\/v2\/types\/product"}],"replies":[{"embeddable":true,"href":"https:\/\/etev7e.pef.czu.cz\/zs2223\/wp-json\/wp\/v2\/comments?post=3614"}],"wp:featuredmedia":[{"embeddable":true,"href":"https:\/\/etev7e.pef.czu.cz\/zs2223\/wp-json\/wp\/v2\/media\/3619"}],"wp:attachment":[{"href":"https:\/\/etev7e.pef.czu.cz\/zs2223\/wp-json\/wp\/v2\/media?parent=3614"}],"wp:term":[{"taxonomy":"product_brand","embeddable":true,"href":"https:\/\/etev7e.pef.czu.cz\/zs2223\/wp-json\/wp\/v2\/product_brand?post=3614"},{"taxonomy":"product_cat","embeddable":true,"href":"https:\/\/etev7e.pef.czu.cz\/zs2223\/wp-json\/wp\/v2\/product_cat?post=3614"},{"taxonomy":"product_tag","embeddable":true,"href":"https:\/\/etev7e.pef.czu.cz\/zs2223\/wp-json\/wp\/v2\/product_tag?post=3614"}],"curies":[{"name":"wp","href":"https:\/\/api.w.org\/{rel}","templated":true}]}}