{"id":3620,"date":"2023-11-06T16:45:17","date_gmt":"2023-11-06T15:45:17","guid":{"rendered":"https:\/\/etev7e.pef.czu.cz\/zs2223\/?post_type=product&#038;p=3620"},"modified":"2023-11-06T16:46:43","modified_gmt":"2023-11-06T15:46:43","slug":"nastavitelne-voditko-pro-psy","status":"publish","type":"product","link":"https:\/\/etev7e.pef.czu.cz\/zs2223\/produkt\/nastavitelne-voditko-pro-psy\/","title":{"rendered":"Nastaviteln\u00e9 vod\u00edtko pro psy"},"content":{"rendered":"<p>Vysoce odoln\u00e9 vod\u00edtko z kvalitn\u00edch materi\u00e1l\u016f s dlouhou \u017eivotnost\u00ed. Vod\u00edtko je vyrobeno z horolezeck\u00e9ho lana a obsahuje dv\u011b odoln\u00e9 bezpe\u010dnostn\u00ed Twistlock karabiny na obou konc\u00edch s nosnost\u00ed a\u017e 400 kg, s kter\u00fdmi m\u00e1te jistotu, \u017ee se za \u017e\u00e1dnou cenu neotev\u0159e. D\u00e9lku vod\u00edtka je mo\u017en\u00e9 nastavovat d\u00edky snadno posunovateln\u00e9mu syst\u00e9mu na po\u017eadovanou d\u00e9lku. Barva: tyrkysov\u00e1.<\/p>\n","protected":false},"excerpt":{"rendered":"<p>Vysoce odoln\u00e9 vod\u00edtko z kvalitn\u00edch materi\u00e1l\u016f s dlouhou \u017eivotnost\u00ed.<\/p>\n","protected":false},"featured_media":3625,"comment_status":"open","ping_status":"closed","template":"","meta":[],"product_brand":[],"product_cat":[1040],"product_tag":[60,385,63],"class_list":{"0":"post-3620","1":"product","2":"type-product","3":"status-publish","4":"has-post-thumbnail","6":"product_cat-vybaveni-pro-psy","7":"product_tag-obojky","8":"product_tag-pes","9":"product_tag-voditka","11":"first","12":"instock","13":"taxable","14":"shipping-taxable","15":"purchasable","16":"product-type-variable"},"jetpack_sharing_enabled":true,"_links":{"self":[{"href":"https:\/\/etev7e.pef.czu.cz\/zs2223\/wp-json\/wp\/v2\/product\/3620","targetHints":{"allow":["GET"]}}],"collection":[{"href":"https:\/\/etev7e.pef.czu.cz\/zs2223\/wp-json\/wp\/v2\/product"}],"about":[{"href":"https:\/\/etev7e.pef.czu.cz\/zs2223\/wp-json\/wp\/v2\/types\/product"}],"replies":[{"embeddable":true,"href":"https:\/\/etev7e.pef.czu.cz\/zs2223\/wp-json\/wp\/v2\/comments?post=3620"}],"wp:featuredmedia":[{"embeddable":true,"href":"https:\/\/etev7e.pef.czu.cz\/zs2223\/wp-json\/wp\/v2\/media\/3625"}],"wp:attachment":[{"href":"https:\/\/etev7e.pef.czu.cz\/zs2223\/wp-json\/wp\/v2\/media?parent=3620"}],"wp:term":[{"taxonomy":"product_brand","embeddable":true,"href":"https:\/\/etev7e.pef.czu.cz\/zs2223\/wp-json\/wp\/v2\/product_brand?post=3620"},{"taxonomy":"product_cat","embeddable":true,"href":"https:\/\/etev7e.pef.czu.cz\/zs2223\/wp-json\/wp\/v2\/product_cat?post=3620"},{"taxonomy":"product_tag","embeddable":true,"href":"https:\/\/etev7e.pef.czu.cz\/zs2223\/wp-json\/wp\/v2\/product_tag?post=3620"}],"curies":[{"name":"wp","href":"https:\/\/api.w.org\/{rel}","templated":true}]}}