{"id":3626,"date":"2023-11-06T16:54:06","date_gmt":"2023-11-06T15:54:06","guid":{"rendered":"https:\/\/etev7e.pef.czu.cz\/zs2223\/?post_type=product&#038;p=3626"},"modified":"2023-11-06T16:54:06","modified_gmt":"2023-11-06T15:54:06","slug":"psi-postroj","status":"publish","type":"product","link":"https:\/\/etev7e.pef.czu.cz\/zs2223\/produkt\/psi-postroj\/","title":{"rendered":"Ps\u00ed postroj"},"content":{"rendered":"<p>Nastaviteln\u00fd ps\u00ed postroj od \u010desk\u00e9 zna\u010dky, kter\u00fd se vyzna\u010duje jedine\u010dn\u00fdm polstrov\u00e1n\u00edm, kter\u00e9 zakr\u00fdv\u00e1 kovov\u00e9 krou\u017eky a zabra\u0148uje tak p\u0159\u00edpadn\u00fdm od\u0159enin\u00e1m. D\u00edky reflexn\u00edm prvk\u016fm bude pejsek dob\u0159e vid\u011bt. Postroj je vhodn\u00fd pro psy s citlivou poko\u017ekou a krat\u0161\u00ed srst\u00ed.<\/p>\n","protected":false},"excerpt":{"rendered":"<p>Nastaviteln\u00fd ps\u00ed postroj od \u010desk\u00e9 zna\u010dky, kter\u00fd se vyzna\u010duje jedine\u010dn\u00fdm polstrov\u00e1n\u00edm, kter\u00e9 zakr\u00fdv\u00e1 kovov\u00e9 krou\u017eky a zabra\u0148uje tak p\u0159\u00edpadn\u00fdm od\u0159enin\u00e1m.<\/p>\n","protected":false},"featured_media":3630,"comment_status":"open","ping_status":"closed","template":"","meta":[],"product_brand":[],"product_cat":[1040],"product_tag":[60,385,448,63],"class_list":{"0":"post-3626","1":"product","2":"type-product","3":"status-publish","4":"has-post-thumbnail","6":"product_cat-vybaveni-pro-psy","7":"product_tag-obojky","8":"product_tag-pes","9":"product_tag-postroj","10":"product_tag-voditka","12":"first","13":"instock","14":"sale","15":"taxable","16":"shipping-taxable","17":"purchasable","18":"product-type-variable"},"jetpack_sharing_enabled":true,"_links":{"self":[{"href":"https:\/\/etev7e.pef.czu.cz\/zs2223\/wp-json\/wp\/v2\/product\/3626","targetHints":{"allow":["GET"]}}],"collection":[{"href":"https:\/\/etev7e.pef.czu.cz\/zs2223\/wp-json\/wp\/v2\/product"}],"about":[{"href":"https:\/\/etev7e.pef.czu.cz\/zs2223\/wp-json\/wp\/v2\/types\/product"}],"replies":[{"embeddable":true,"href":"https:\/\/etev7e.pef.czu.cz\/zs2223\/wp-json\/wp\/v2\/comments?post=3626"}],"wp:featuredmedia":[{"embeddable":true,"href":"https:\/\/etev7e.pef.czu.cz\/zs2223\/wp-json\/wp\/v2\/media\/3630"}],"wp:attachment":[{"href":"https:\/\/etev7e.pef.czu.cz\/zs2223\/wp-json\/wp\/v2\/media?parent=3626"}],"wp:term":[{"taxonomy":"product_brand","embeddable":true,"href":"https:\/\/etev7e.pef.czu.cz\/zs2223\/wp-json\/wp\/v2\/product_brand?post=3626"},{"taxonomy":"product_cat","embeddable":true,"href":"https:\/\/etev7e.pef.czu.cz\/zs2223\/wp-json\/wp\/v2\/product_cat?post=3626"},{"taxonomy":"product_tag","embeddable":true,"href":"https:\/\/etev7e.pef.czu.cz\/zs2223\/wp-json\/wp\/v2\/product_tag?post=3626"}],"curies":[{"name":"wp","href":"https:\/\/api.w.org\/{rel}","templated":true}]}}