{"id":3631,"date":"2023-11-06T17:32:51","date_gmt":"2023-11-06T16:32:51","guid":{"rendered":"https:\/\/etev7e.pef.czu.cz\/zs2223\/?post_type=product&#038;p=3631"},"modified":"2023-11-06T17:34:50","modified_gmt":"2023-11-06T16:34:50","slug":"moka-konvice","status":"publish","type":"product","link":"https:\/\/etev7e.pef.czu.cz\/zs2223\/produkt\/moka-konvice\/","title":{"rendered":"Moka konvice"},"content":{"rendered":"<p>T\u011blo konvice je pokryto hlin\u00edkem, kter\u00fd po n\u011bkolika pou\u017eit\u00ed z\u00edsk\u00e1 charakteristick\u00fd povrch, kter\u00fd je nezbytn\u00fd pro spr\u00e1vnou chu\u0165 k\u00e1vy. Moka konvici lze pou\u017e\u00edvat na plynov\u00fdch, elektrick\u00fdch a sklokeramick\u00fdch desk\u00e1ch. Nen\u00ed vhodn\u00e9 k myt\u00ed v my\u010dce.<\/p>\n","protected":false},"excerpt":{"rendered":"<p>Tradi\u010dn\u00ed moka konvice k p\u0159\u00edprav\u011b k\u00e1vy<\/p>\n","protected":false},"featured_media":3632,"comment_status":"open","ping_status":"closed","template":"","meta":[],"product_brand":[],"product_cat":[1041],"product_tag":[1007,1042,1043],"class_list":{"0":"post-3631","1":"product","2":"type-product","3":"status-publish","4":"has-post-thumbnail","6":"product_cat-prislusenstvi-ke-kave-a-priprave-kavy","7":"product_tag-kuchyne","8":"product_tag-male-spotrebice","9":"product_tag-priprava-kavy","11":"first","12":"instock","13":"sale","14":"taxable","15":"shipping-taxable","16":"purchasable","17":"product-type-simple"},"jetpack_sharing_enabled":true,"_links":{"self":[{"href":"https:\/\/etev7e.pef.czu.cz\/zs2223\/wp-json\/wp\/v2\/product\/3631","targetHints":{"allow":["GET"]}}],"collection":[{"href":"https:\/\/etev7e.pef.czu.cz\/zs2223\/wp-json\/wp\/v2\/product"}],"about":[{"href":"https:\/\/etev7e.pef.czu.cz\/zs2223\/wp-json\/wp\/v2\/types\/product"}],"replies":[{"embeddable":true,"href":"https:\/\/etev7e.pef.czu.cz\/zs2223\/wp-json\/wp\/v2\/comments?post=3631"}],"wp:featuredmedia":[{"embeddable":true,"href":"https:\/\/etev7e.pef.czu.cz\/zs2223\/wp-json\/wp\/v2\/media\/3632"}],"wp:attachment":[{"href":"https:\/\/etev7e.pef.czu.cz\/zs2223\/wp-json\/wp\/v2\/media?parent=3631"}],"wp:term":[{"taxonomy":"product_brand","embeddable":true,"href":"https:\/\/etev7e.pef.czu.cz\/zs2223\/wp-json\/wp\/v2\/product_brand?post=3631"},{"taxonomy":"product_cat","embeddable":true,"href":"https:\/\/etev7e.pef.czu.cz\/zs2223\/wp-json\/wp\/v2\/product_cat?post=3631"},{"taxonomy":"product_tag","embeddable":true,"href":"https:\/\/etev7e.pef.czu.cz\/zs2223\/wp-json\/wp\/v2\/product_tag?post=3631"}],"curies":[{"name":"wp","href":"https:\/\/api.w.org\/{rel}","templated":true}]}}