{"id":3636,"date":"2023-11-06T17:41:22","date_gmt":"2023-11-06T16:41:22","guid":{"rendered":"https:\/\/etev7e.pef.czu.cz\/zs2223\/?post_type=product&#038;p=3636"},"modified":"2023-11-06T17:41:22","modified_gmt":"2023-11-06T16:41:22","slug":"konvicka-na-mleko","status":"publish","type":"product","link":"https:\/\/etev7e.pef.czu.cz\/zs2223\/produkt\/konvicka-na-mleko\/","title":{"rendered":"Konvi\u010dka na ml\u00e9ko"},"content":{"rendered":"<p>Konvi\u010dka byla navr\u017eena s c\u00edlem usnadnit \u0161leh\u00e1n\u00ed ml\u00e9ka a vytvo\u0159it dokonalou ml\u00e9\u010dnou p\u011bnu. Je vyrobena z vysoce kvalitn\u00ed potravin\u00e1\u0159sk\u00e9 nerezov\u00e9 oceli o tlou\u0161\u0165ce 1 mm s nep\u0159ilnav\u00fdm teflonov\u00fdm povrchem.<\/p>\n","protected":false},"excerpt":{"rendered":"<p>St\u0159\u00edbrn\u00e1 konvi\u010dka na ml\u00e9ko<\/p>\n","protected":false},"featured_media":3638,"comment_status":"open","ping_status":"closed","template":"","meta":[],"product_brand":[],"product_cat":[1041],"product_tag":[1042,1044],"class_list":{"0":"post-3636","1":"product","2":"type-product","3":"status-publish","4":"has-post-thumbnail","6":"product_cat-prislusenstvi-ke-kave-a-priprave-kavy","7":"product_tag-male-spotrebice","8":"product_tag-priprava-mleka","10":"first","11":"instock","12":"sale","13":"taxable","14":"shipping-taxable","15":"purchasable","16":"product-type-simple"},"jetpack_sharing_enabled":true,"_links":{"self":[{"href":"https:\/\/etev7e.pef.czu.cz\/zs2223\/wp-json\/wp\/v2\/product\/3636","targetHints":{"allow":["GET"]}}],"collection":[{"href":"https:\/\/etev7e.pef.czu.cz\/zs2223\/wp-json\/wp\/v2\/product"}],"about":[{"href":"https:\/\/etev7e.pef.czu.cz\/zs2223\/wp-json\/wp\/v2\/types\/product"}],"replies":[{"embeddable":true,"href":"https:\/\/etev7e.pef.czu.cz\/zs2223\/wp-json\/wp\/v2\/comments?post=3636"}],"wp:featuredmedia":[{"embeddable":true,"href":"https:\/\/etev7e.pef.czu.cz\/zs2223\/wp-json\/wp\/v2\/media\/3638"}],"wp:attachment":[{"href":"https:\/\/etev7e.pef.czu.cz\/zs2223\/wp-json\/wp\/v2\/media?parent=3636"}],"wp:term":[{"taxonomy":"product_brand","embeddable":true,"href":"https:\/\/etev7e.pef.czu.cz\/zs2223\/wp-json\/wp\/v2\/product_brand?post=3636"},{"taxonomy":"product_cat","embeddable":true,"href":"https:\/\/etev7e.pef.czu.cz\/zs2223\/wp-json\/wp\/v2\/product_cat?post=3636"},{"taxonomy":"product_tag","embeddable":true,"href":"https:\/\/etev7e.pef.czu.cz\/zs2223\/wp-json\/wp\/v2\/product_tag?post=3636"}],"curies":[{"name":"wp","href":"https:\/\/api.w.org\/{rel}","templated":true}]}}