{"id":3642,"date":"2023-11-06T18:09:46","date_gmt":"2023-11-06T17:09:46","guid":{"rendered":"https:\/\/etev7e.pef.czu.cz\/zs2223\/?post_type=product&#038;p=3642"},"modified":"2023-11-17T18:47:31","modified_gmt":"2023-11-17T17:47:31","slug":"mleta-kava-tchibo-exclusive","status":"publish","type":"product","link":"https:\/\/etev7e.pef.czu.cz\/zs2223\/produkt\/mleta-kava-tchibo-exclusive\/","title":{"rendered":"Mlet\u00e1 k\u00e1va Tchibo Exclusive"},"content":{"rendered":"<p>Chu\u0165 a v\u016fni mlet\u00e9 k\u00e1vy Tchibo Exclusive si jednodu\u0161e zamilujete. K\u00e1va je p\u011bstov\u00e1na na t\u011bch nejlep\u0161\u00edch jihoamerick\u00fdch plant\u00e1\u017e\u00ed. Bohat\u00e1 chu\u0165 nab\u00edz\u00ed nep\u0159ekonateln\u00e9 k\u00e1vov\u00e9 pot\u011b\u0161en\u00ed. K\u00e1va se py\u0161n\u00ed\u00a0delik\u00e1tn\u00ed aromatickou a harmonickou chut\u00ed.\u00a0Nejkvalitn\u011bj\u0161\u00ed boby k\u00e1vy Arabica spojen\u00e1 s pe\u010dliv\u011b vybran\u00fdmi boby odr\u016fdy Robusta. Ka\u017ed\u00e1 odr\u016fda k\u00e1vy je pra\u017eena individu\u00e1ln\u011b. D\u00edky tomuto zp\u016fsobu pra\u017een\u00ed z\u00edsk\u00e1v\u00e1 k\u00e1va jej\u00ed charakteristickou chu\u0165.<\/p>\n<p>&nbsp;<\/p>\n","protected":false},"excerpt":{"rendered":"<p>Mlet\u00e1 k\u00e1va vyrobena z kvalitn\u00edch\u00a0bob\u016f k\u00e1vy Arabica odr\u016fdy Robusta.<\/p>\n","protected":false},"featured_media":3649,"comment_status":"open","ping_status":"closed","template":"","meta":[],"product_brand":[],"product_cat":[1049],"product_tag":[1050,816],"class_list":{"0":"post-3642","1":"product","2":"type-product","3":"status-publish","4":"has-post-thumbnail","6":"product_cat-kava","7":"product_tag-mleta-kava","8":"product_tag-teple-napoje","10":"first","11":"instock","12":"sale","13":"taxable","14":"shipping-taxable","15":"purchasable","16":"product-type-simple"},"jetpack_sharing_enabled":true,"_links":{"self":[{"href":"https:\/\/etev7e.pef.czu.cz\/zs2223\/wp-json\/wp\/v2\/product\/3642","targetHints":{"allow":["GET"]}}],"collection":[{"href":"https:\/\/etev7e.pef.czu.cz\/zs2223\/wp-json\/wp\/v2\/product"}],"about":[{"href":"https:\/\/etev7e.pef.czu.cz\/zs2223\/wp-json\/wp\/v2\/types\/product"}],"replies":[{"embeddable":true,"href":"https:\/\/etev7e.pef.czu.cz\/zs2223\/wp-json\/wp\/v2\/comments?post=3642"}],"wp:featuredmedia":[{"embeddable":true,"href":"https:\/\/etev7e.pef.czu.cz\/zs2223\/wp-json\/wp\/v2\/media\/3649"}],"wp:attachment":[{"href":"https:\/\/etev7e.pef.czu.cz\/zs2223\/wp-json\/wp\/v2\/media?parent=3642"}],"wp:term":[{"taxonomy":"product_brand","embeddable":true,"href":"https:\/\/etev7e.pef.czu.cz\/zs2223\/wp-json\/wp\/v2\/product_brand?post=3642"},{"taxonomy":"product_cat","embeddable":true,"href":"https:\/\/etev7e.pef.czu.cz\/zs2223\/wp-json\/wp\/v2\/product_cat?post=3642"},{"taxonomy":"product_tag","embeddable":true,"href":"https:\/\/etev7e.pef.czu.cz\/zs2223\/wp-json\/wp\/v2\/product_tag?post=3642"}],"curies":[{"name":"wp","href":"https:\/\/api.w.org\/{rel}","templated":true}]}}