{"id":3643,"date":"2023-11-06T17:44:38","date_gmt":"2023-11-06T16:44:38","guid":{"rendered":"https:\/\/etev7e.pef.czu.cz\/zs2223\/?post_type=product&#038;p=3643"},"modified":"2023-11-06T17:44:38","modified_gmt":"2023-11-06T16:44:38","slug":"napenovac-mleka","status":"publish","type":"product","link":"https:\/\/etev7e.pef.czu.cz\/zs2223\/produkt\/napenovac-mleka\/","title":{"rendered":"Nap\u011b\u0148ova\u010d ml\u00e9ka"},"content":{"rendered":"<p>Nap\u011b\u0148ova\u010d ml\u00e9ka vy\u0161leh\u00e1 dokonalou ml\u00e9\u010dnou p\u011bnu v kr\u00e1tk\u00e9m \u010dase. Zahrnuje funkci nap\u011bn\u011bn\u00ed za studena, d\u00edky kter\u00e9 budete m\u00edt b\u011bhem chvilky ml\u00e9\u010dnou p\u011bnu do Va\u0161\u00ed k\u00e1vy. Nap\u011b\u0148ova\u010d ml\u00e9ka disponuje automatick\u00fdm bezpe\u010dnostn\u00edm vyp\u00edn\u00e1n\u00edm a ochranou proti provozu na sucho. Balen\u00ed obsahuje tak\u00e9 metlu na \u0161leh\u00e1n\u00ed.<\/p>\n","protected":false},"excerpt":{"rendered":"<p>Nap\u011b\u0148ova\u010d ml\u00e9ka vy\u0161leh\u00e1 dokonalou ml\u00e9\u010dnou p\u011bnu v kr\u00e1tk\u00e9m \u010dase. Zahrnuje funkci nap\u011bn\u011bn\u00ed za studena, d\u00edky kter\u00e9 budete m\u00edt b\u011bhem chvilky ml\u00e9\u010dnou p\u011bnu do Va\u0161\u00ed k\u00e1vy. Nap\u011b\u0148ova\u010d ml\u00e9ka disponuje automatick\u00fdm bezpe\u010dnostn\u00edm vyp\u00edn\u00e1n\u00edm a ochranou proti provozu na sucho. Balen\u00ed obsahuje tak\u00e9 metlu na \u0161leh\u00e1n\u00ed.<\/p>\n","protected":false},"featured_media":3644,"comment_status":"open","ping_status":"closed","template":"","meta":[],"product_brand":[],"product_cat":[1041],"product_tag":[1045,1044],"class_list":{"0":"post-3643","1":"product","2":"type-product","3":"status-publish","4":"has-post-thumbnail","6":"product_cat-prislusenstvi-ke-kave-a-priprave-kavy","7":"product_tag-prenosne-spotrebice","8":"product_tag-priprava-mleka","10":"first","11":"instock","12":"sale","13":"taxable","14":"shipping-taxable","15":"purchasable","16":"product-type-simple"},"jetpack_sharing_enabled":true,"_links":{"self":[{"href":"https:\/\/etev7e.pef.czu.cz\/zs2223\/wp-json\/wp\/v2\/product\/3643","targetHints":{"allow":["GET"]}}],"collection":[{"href":"https:\/\/etev7e.pef.czu.cz\/zs2223\/wp-json\/wp\/v2\/product"}],"about":[{"href":"https:\/\/etev7e.pef.czu.cz\/zs2223\/wp-json\/wp\/v2\/types\/product"}],"replies":[{"embeddable":true,"href":"https:\/\/etev7e.pef.czu.cz\/zs2223\/wp-json\/wp\/v2\/comments?post=3643"}],"wp:featuredmedia":[{"embeddable":true,"href":"https:\/\/etev7e.pef.czu.cz\/zs2223\/wp-json\/wp\/v2\/media\/3644"}],"wp:attachment":[{"href":"https:\/\/etev7e.pef.czu.cz\/zs2223\/wp-json\/wp\/v2\/media?parent=3643"}],"wp:term":[{"taxonomy":"product_brand","embeddable":true,"href":"https:\/\/etev7e.pef.czu.cz\/zs2223\/wp-json\/wp\/v2\/product_brand?post=3643"},{"taxonomy":"product_cat","embeddable":true,"href":"https:\/\/etev7e.pef.czu.cz\/zs2223\/wp-json\/wp\/v2\/product_cat?post=3643"},{"taxonomy":"product_tag","embeddable":true,"href":"https:\/\/etev7e.pef.czu.cz\/zs2223\/wp-json\/wp\/v2\/product_tag?post=3643"}],"curies":[{"name":"wp","href":"https:\/\/api.w.org\/{rel}","templated":true}]}}