{"id":3645,"date":"2023-11-06T17:47:58","date_gmt":"2023-11-06T16:47:58","guid":{"rendered":"https:\/\/etev7e.pef.czu.cz\/zs2223\/?post_type=product&#038;p=3645"},"modified":"2023-11-06T17:47:58","modified_gmt":"2023-11-06T16:47:58","slug":"rucni-mlynek-na-kavu","status":"publish","type":"product","link":"https:\/\/etev7e.pef.czu.cz\/zs2223\/produkt\/rucni-mlynek-na-kavu\/","title":{"rendered":"Ru\u010dn\u00ed ml\u00fdnek na k\u00e1vu"},"content":{"rendered":"<p>Ru\u010dn\u00ed ml\u00fdnek na k\u00e1vu s keramick\u00fdm mechanismem a nastavitelnou hrubost\u00ed mlet\u00ed. Jedn\u00e1 se o tradi\u010dn\u00ed \u010desk\u00fd v\u00fdrobek, kter\u00fd je kvalitn\u011b zpracovan\u00fd s velk\u00fdm pod\u00edlem ru\u010dn\u00ed pr\u00e1ce.<\/p>\n","protected":false},"excerpt":{"rendered":"<p>Ru\u010dn\u00ed ml\u00fdnek na k\u00e1vu s keramick\u00fdm mechanismem a nastavitelnou hrubost\u00ed mlet\u00ed. Jedn\u00e1 se o tradi\u010dn\u00ed \u010desk\u00fd v\u00fdrobek, kter\u00fd je kvalitn\u011b zpracovan\u00fd s velk\u00fdm pod\u00edlem ru\u010dn\u00ed pr\u00e1ce.<\/p>\n","protected":false},"featured_media":3646,"comment_status":"open","ping_status":"closed","template":"","meta":[],"product_brand":[],"product_cat":[1041],"product_tag":[1046,1043],"class_list":{"0":"post-3645","1":"product","2":"type-product","3":"status-publish","4":"has-post-thumbnail","6":"product_cat-prislusenstvi-ke-kave-a-priprave-kavy","7":"product_tag-kuchynske-spotrebice","8":"product_tag-priprava-kavy","10":"first","11":"instock","12":"sale","13":"taxable","14":"shipping-taxable","15":"purchasable","16":"product-type-simple"},"jetpack_sharing_enabled":true,"_links":{"self":[{"href":"https:\/\/etev7e.pef.czu.cz\/zs2223\/wp-json\/wp\/v2\/product\/3645","targetHints":{"allow":["GET"]}}],"collection":[{"href":"https:\/\/etev7e.pef.czu.cz\/zs2223\/wp-json\/wp\/v2\/product"}],"about":[{"href":"https:\/\/etev7e.pef.czu.cz\/zs2223\/wp-json\/wp\/v2\/types\/product"}],"replies":[{"embeddable":true,"href":"https:\/\/etev7e.pef.czu.cz\/zs2223\/wp-json\/wp\/v2\/comments?post=3645"}],"wp:featuredmedia":[{"embeddable":true,"href":"https:\/\/etev7e.pef.czu.cz\/zs2223\/wp-json\/wp\/v2\/media\/3646"}],"wp:attachment":[{"href":"https:\/\/etev7e.pef.czu.cz\/zs2223\/wp-json\/wp\/v2\/media?parent=3645"}],"wp:term":[{"taxonomy":"product_brand","embeddable":true,"href":"https:\/\/etev7e.pef.czu.cz\/zs2223\/wp-json\/wp\/v2\/product_brand?post=3645"},{"taxonomy":"product_cat","embeddable":true,"href":"https:\/\/etev7e.pef.czu.cz\/zs2223\/wp-json\/wp\/v2\/product_cat?post=3645"},{"taxonomy":"product_tag","embeddable":true,"href":"https:\/\/etev7e.pef.czu.cz\/zs2223\/wp-json\/wp\/v2\/product_tag?post=3645"}],"curies":[{"name":"wp","href":"https:\/\/api.w.org\/{rel}","templated":true}]}}