{"id":3652,"date":"2023-11-06T18:33:40","date_gmt":"2023-11-06T17:33:40","guid":{"rendered":"https:\/\/etev7e.pef.czu.cz\/zs2223\/?post_type=product&#038;p=3652"},"modified":"2023-11-17T18:44:57","modified_gmt":"2023-11-17T17:44:57","slug":"zrnkova-kava-segafredo-zanetti-passione","status":"publish","type":"product","link":"https:\/\/etev7e.pef.czu.cz\/zs2223\/produkt\/zrnkova-kava-segafredo-zanetti-passione\/","title":{"rendered":"Zrnkov\u00e1 k\u00e1va Segafredo Zanetti Passione"},"content":{"rendered":"<p>Jedine\u010dn\u00fd pom\u011br zrn Arabica a Robusta snoub\u00ed v k\u00e1v\u011b n\u00e1dech pikantnosti, tmav\u00e9 \u010dokol\u00e1dy a o\u0159echu. K\u00e1va je zpracov\u00e1na za pomoci p\u016fvodn\u00ed italsk\u00e9 receptury a\u00a0italsk\u00e9ho pra\u017een\u00ed.\u00a0N\u00e1dech tmav\u00e9 \u010dokol\u00e1dy a o\u0159echu\u00a0je perfektn\u00ed pro p\u0159\u00edpravu klasick\u00e9ho italsk\u00e9ho espressa. K\u00e1va je\u00a0vhodn\u00e1 k p\u0159\u00edprav\u011b k\u00e1vy v\u00a0moka konvi\u010dk\u00e1ch, automatick\u00fdch k\u00e1vovarech, french pressech \u010di jako p\u0159ekap\u00e1vanou k\u00e1vu.<\/p>\n","protected":false},"excerpt":{"rendered":"<p>Zrnkov\u00e1 k\u00e1va pra\u017eena dle italsk\u00e9 receptury s p\u0159\u00edchut\u00ed\u00a0tmav\u00e9 \u010dokol\u00e1dy a o\u0159ech\u016f.<\/p>\n","protected":false},"featured_media":3681,"comment_status":"open","ping_status":"closed","template":"","meta":[],"product_brand":[],"product_cat":[1049],"product_tag":[816,534],"class_list":{"0":"post-3652","1":"product","2":"type-product","3":"status-publish","4":"has-post-thumbnail","6":"product_cat-kava","7":"product_tag-teple-napoje","8":"product_tag-zrnkova-kava","10":"first","11":"instock","12":"sale","13":"taxable","14":"shipping-taxable","15":"purchasable","16":"product-type-simple"},"jetpack_sharing_enabled":true,"_links":{"self":[{"href":"https:\/\/etev7e.pef.czu.cz\/zs2223\/wp-json\/wp\/v2\/product\/3652","targetHints":{"allow":["GET"]}}],"collection":[{"href":"https:\/\/etev7e.pef.czu.cz\/zs2223\/wp-json\/wp\/v2\/product"}],"about":[{"href":"https:\/\/etev7e.pef.czu.cz\/zs2223\/wp-json\/wp\/v2\/types\/product"}],"replies":[{"embeddable":true,"href":"https:\/\/etev7e.pef.czu.cz\/zs2223\/wp-json\/wp\/v2\/comments?post=3652"}],"wp:featuredmedia":[{"embeddable":true,"href":"https:\/\/etev7e.pef.czu.cz\/zs2223\/wp-json\/wp\/v2\/media\/3681"}],"wp:attachment":[{"href":"https:\/\/etev7e.pef.czu.cz\/zs2223\/wp-json\/wp\/v2\/media?parent=3652"}],"wp:term":[{"taxonomy":"product_brand","embeddable":true,"href":"https:\/\/etev7e.pef.czu.cz\/zs2223\/wp-json\/wp\/v2\/product_brand?post=3652"},{"taxonomy":"product_cat","embeddable":true,"href":"https:\/\/etev7e.pef.czu.cz\/zs2223\/wp-json\/wp\/v2\/product_cat?post=3652"},{"taxonomy":"product_tag","embeddable":true,"href":"https:\/\/etev7e.pef.czu.cz\/zs2223\/wp-json\/wp\/v2\/product_tag?post=3652"}],"curies":[{"name":"wp","href":"https:\/\/api.w.org\/{rel}","templated":true}]}}