{"id":3673,"date":"2023-11-06T18:34:23","date_gmt":"2023-11-06T17:34:23","guid":{"rendered":"https:\/\/etev7e.pef.czu.cz\/zs2223\/?post_type=product&#038;p=3673"},"modified":"2023-11-06T18:34:24","modified_gmt":"2023-11-06T17:34:24","slug":"far-cry-6","status":"publish","type":"product","link":"https:\/\/etev7e.pef.czu.cz\/zs2223\/produkt\/far-cry-6\/","title":{"rendered":"Far Cry 6"},"content":{"rendered":"<p>Hra V\u00e1s zavede k ostrovn\u00edmu karibsk\u00e9mu n\u00e1rodu Yara, kter\u00fd se zm\u00edt\u00e1 v prob\u00edhaj\u00edc\u00ed revoluce proti v\u016fdci Antonu Castillovi a jeho synovi Diegovi. N\u00e1rod je vlivem sankc\u00ed a nejr\u016fzn\u011bj\u0161\u00edch t\u011b\u017ekost\u00ed zchudl\u00fd a n\u00e1zorov\u011b rozd\u011blen\u00fd. Anton se u moci udr\u017euje n\u00e1sil\u00edm a jeho brutalita nezn\u00e1 mez\u00ed. Je nejvy\u0161\u0161\u00ed \u010das na vzpouru, kter\u00e1 bude efektivn\u00ed a d\u00e1 lidem nad\u011bji na lep\u0161\u00ed z\u00edt\u0159ky. Cesta ke svobod\u011b a klidu v\u0161ak nebude jednoduch\u00e1.<\/p>\n","protected":false},"excerpt":{"rendered":"<p>Hra V\u00e1s zavede k ostrovn\u00edmu karibsk\u00e9mu n\u00e1rodu Yara, kter\u00fd se zm\u00edt\u00e1 v prob\u00edhaj\u00edc\u00ed revoluce proti v\u016fdci Antonu Castillovi a jeho synovi Diegovi. Cesta ke svobod\u011b a klidu v\u0161ak nebude jednoduch\u00e1.<\/p>\n","protected":false},"featured_media":3683,"comment_status":"open","ping_status":"closed","template":"","meta":[],"product_brand":[],"product_cat":[1052],"product_tag":[1065,1066,301],"class_list":{"0":"post-3673","1":"product","2":"type-product","3":"status-publish","4":"has-post-thumbnail","6":"product_cat-hry-na-playstation5","7":"product_tag-akcni","8":"product_tag-dobrodruzstvi","9":"product_tag-hry","11":"first","12":"instock","13":"sale","14":"taxable","15":"shipping-taxable","16":"purchasable","17":"product-type-simple"},"jetpack_sharing_enabled":true,"_links":{"self":[{"href":"https:\/\/etev7e.pef.czu.cz\/zs2223\/wp-json\/wp\/v2\/product\/3673","targetHints":{"allow":["GET"]}}],"collection":[{"href":"https:\/\/etev7e.pef.czu.cz\/zs2223\/wp-json\/wp\/v2\/product"}],"about":[{"href":"https:\/\/etev7e.pef.czu.cz\/zs2223\/wp-json\/wp\/v2\/types\/product"}],"replies":[{"embeddable":true,"href":"https:\/\/etev7e.pef.czu.cz\/zs2223\/wp-json\/wp\/v2\/comments?post=3673"}],"wp:featuredmedia":[{"embeddable":true,"href":"https:\/\/etev7e.pef.czu.cz\/zs2223\/wp-json\/wp\/v2\/media\/3683"}],"wp:attachment":[{"href":"https:\/\/etev7e.pef.czu.cz\/zs2223\/wp-json\/wp\/v2\/media?parent=3673"}],"wp:term":[{"taxonomy":"product_brand","embeddable":true,"href":"https:\/\/etev7e.pef.czu.cz\/zs2223\/wp-json\/wp\/v2\/product_brand?post=3673"},{"taxonomy":"product_cat","embeddable":true,"href":"https:\/\/etev7e.pef.czu.cz\/zs2223\/wp-json\/wp\/v2\/product_cat?post=3673"},{"taxonomy":"product_tag","embeddable":true,"href":"https:\/\/etev7e.pef.czu.cz\/zs2223\/wp-json\/wp\/v2\/product_tag?post=3673"}],"curies":[{"name":"wp","href":"https:\/\/api.w.org\/{rel}","templated":true}]}}