{"id":3685,"date":"2023-11-06T18:38:31","date_gmt":"2023-11-06T17:38:31","guid":{"rendered":"https:\/\/etev7e.pef.czu.cz\/zs2223\/?post_type=product&#038;p=3685"},"modified":"2023-11-06T18:38:31","modified_gmt":"2023-11-06T17:38:31","slug":"hogwarts-legacy","status":"publish","type":"product","link":"https:\/\/etev7e.pef.czu.cz\/zs2223\/produkt\/hogwarts-legacy\/","title":{"rendered":"Hogwarts Legacy"},"content":{"rendered":"<p>Ak\u010dn\u00ed hra Hogwarts Legacy na PlayStation 5 se odehr\u00e1v\u00e1 ve sv\u011bt\u011b kouzel a kouzeln\u00edk\u016f. \u010casov\u011b je za\u0159azena do konce 19. stolet\u00ed, tedy 100 let p\u0159ed ud\u00e1lostmi, kter\u00e9 jsou popsan\u00e9 v kni\u017en\u00ed s\u00e9rii Harry Potter. Jako hr\u00e1\u010d budete ovl\u00e1dat studenta na \u0160kole \u010dar a kouzel v Bradavic\u00edch. P\u0159i tvorb\u011b postavy si zvol\u00edte jej\u00ed vzhled, pohlav\u00ed, hlas a typ t\u011bla. Postupn\u011b se budete u\u010dit ve\u0161ker\u00e1 kouzla, lektvary a bojov\u00e9 schopnosti. Do sv\u00e9 koleje budete p\u0159i\u0159azen\u00ed stejn\u011b jako ve kn\u00ed\u017ek\u00e1ch a filmech s\u00e9rie Harry Potter &#8211; pomoc\u00ed Moudr\u00e9ho klobouku.<\/p>\n","protected":false},"excerpt":{"rendered":"<p>Ak\u010dn\u00ed hra Hogwarts Legacy na PlayStation 5 se odehr\u00e1v\u00e1 ve sv\u011bt\u011b kouzel a kouzeln\u00edk\u016f. Do sv\u00e9 koleje budete p\u0159i\u0159azen\u00ed stejn\u011b jako ve kn\u00ed\u017ek\u00e1ch a filmech s\u00e9rie Harry Potter &#8211; pomoc\u00ed Moudr\u00e9ho klobouku.<\/p>\n","protected":false},"featured_media":3690,"comment_status":"open","ping_status":"closed","template":"","meta":[],"product_brand":[],"product_cat":[1052],"product_tag":[1062,1066,1068,301],"class_list":{"0":"post-3685","1":"product","2":"type-product","3":"status-publish","4":"has-post-thumbnail","6":"product_cat-hry-na-playstation5","7":"product_tag-akce","8":"product_tag-dobrodruzstvi","9":"product_tag-harry-potter","10":"product_tag-hry","12":"first","13":"instock","14":"sale","15":"taxable","16":"shipping-taxable","17":"purchasable","18":"product-type-simple"},"jetpack_sharing_enabled":true,"_links":{"self":[{"href":"https:\/\/etev7e.pef.czu.cz\/zs2223\/wp-json\/wp\/v2\/product\/3685","targetHints":{"allow":["GET"]}}],"collection":[{"href":"https:\/\/etev7e.pef.czu.cz\/zs2223\/wp-json\/wp\/v2\/product"}],"about":[{"href":"https:\/\/etev7e.pef.czu.cz\/zs2223\/wp-json\/wp\/v2\/types\/product"}],"replies":[{"embeddable":true,"href":"https:\/\/etev7e.pef.czu.cz\/zs2223\/wp-json\/wp\/v2\/comments?post=3685"}],"wp:featuredmedia":[{"embeddable":true,"href":"https:\/\/etev7e.pef.czu.cz\/zs2223\/wp-json\/wp\/v2\/media\/3690"}],"wp:attachment":[{"href":"https:\/\/etev7e.pef.czu.cz\/zs2223\/wp-json\/wp\/v2\/media?parent=3685"}],"wp:term":[{"taxonomy":"product_brand","embeddable":true,"href":"https:\/\/etev7e.pef.czu.cz\/zs2223\/wp-json\/wp\/v2\/product_brand?post=3685"},{"taxonomy":"product_cat","embeddable":true,"href":"https:\/\/etev7e.pef.czu.cz\/zs2223\/wp-json\/wp\/v2\/product_cat?post=3685"},{"taxonomy":"product_tag","embeddable":true,"href":"https:\/\/etev7e.pef.czu.cz\/zs2223\/wp-json\/wp\/v2\/product_tag?post=3685"}],"curies":[{"name":"wp","href":"https:\/\/api.w.org\/{rel}","templated":true}]}}