{"id":3693,"date":"2023-11-06T18:44:06","date_gmt":"2023-11-06T17:44:06","guid":{"rendered":"https:\/\/etev7e.pef.czu.cz\/zs2223\/?post_type=product&#038;p=3693"},"modified":"2023-11-07T11:02:13","modified_gmt":"2023-11-07T10:02:13","slug":"horizon-forbidden-west","status":"publish","type":"product","link":"https:\/\/etev7e.pef.czu.cz\/zs2223\/produkt\/horizon-forbidden-west\/","title":{"rendered":"Horizon: Forbidden West"},"content":{"rendered":"<p>Vstupte do nel\u00edtostn\u00e9ho postapokalyptick\u00e9ho fantaskn\u00edho sv\u011bta a n\u00e1sledujte hlavn\u00ed hrdinku Aloy. Spole\u010dn\u011b odhalte tajemstv\u00ed pustiny Forbidden West, kter\u00e1 ukr\u00fdv\u00e1 nebezpe\u010dnou hrozbu. Na cest\u011b se m\u016f\u017eete utkat se stroji, potk\u00e1te nov\u00e9 kmeny a pro\u017eijete ak\u010dn\u00ed okam\u017eiky pln\u00e9 nap\u011bt\u00ed. \u017divot na Zemi je \u010d\u00edm d\u00e1l slo\u017eit\u011bj\u0161\u00ed. Posledn\u00ed zbytky lid\u00ed \u010del\u00ed siln\u00fdm bou\u0159\u00edm, pohrom\u00e1m a hr\u016fzn\u00fdm mechanick\u00fdm stroj\u016fm, kter\u00e9 se vymkly kontrole. \u017divot na Zemi postupn\u011b sm\u011b\u0159uje k vyhuben\u00ed a je z\u00e1hadou pro\u010d. Aloy je odhodl\u00e1na odkr\u00fdt tajemstv\u00ed, znovu nastolit po\u0159\u00e1dek a rovnov\u00e1hu. B\u011bhem sv\u00e9 mise se potk\u00e1 se star\u00fdmi zn\u00e1m\u00fdmi, bude tvo\u0159it aliance a bude se sna\u017eit naj\u00edt odkaz z minulosti, aby uzdravila budoucnost. Sna\u017ete se spolu s n\u00ed b\u00fdt v\u017edy o krok nap\u0159ed. Budete to pot\u0159ebovat<\/p>\n","protected":false},"excerpt":{"rendered":"<p>Vstupte do nel\u00edtostn\u00e9ho postapokalyptick\u00e9ho fantaskn\u00edho sv\u011bta a n\u00e1sledujte hlavn\u00ed hrdinku Aloy. Spole\u010dn\u011b odhalte tajemstv\u00ed pustiny Forbidden West, kter\u00e1 ukr\u00fdv\u00e1 nebezpe\u010dnou hrozbu. Na cest\u011b se m\u016f\u017eete utkat se stroji, potk\u00e1te nov\u00e9 kmeny a pro\u017eijete ak\u010dn\u00ed okam\u017eiky pln\u00e9 nap\u011bt\u00ed.<\/p>\n","protected":false},"featured_media":3798,"comment_status":"open","ping_status":"closed","template":"","meta":[],"product_brand":[],"product_cat":[1052],"product_tag":[1065,1070,305,1072,1071],"class_list":{"0":"post-3693","1":"product","2":"type-product","3":"status-publish","4":"has-post-thumbnail","6":"product_cat-hry-na-playstation5","7":"product_tag-akcni","8":"product_tag-aloy","9":"product_tag-hra","10":"product_tag-hrdinka","11":"product_tag-svet","13":"first","14":"instock","15":"sale","16":"taxable","17":"shipping-taxable","18":"purchasable","19":"product-type-simple"},"jetpack_sharing_enabled":true,"_links":{"self":[{"href":"https:\/\/etev7e.pef.czu.cz\/zs2223\/wp-json\/wp\/v2\/product\/3693","targetHints":{"allow":["GET"]}}],"collection":[{"href":"https:\/\/etev7e.pef.czu.cz\/zs2223\/wp-json\/wp\/v2\/product"}],"about":[{"href":"https:\/\/etev7e.pef.czu.cz\/zs2223\/wp-json\/wp\/v2\/types\/product"}],"replies":[{"embeddable":true,"href":"https:\/\/etev7e.pef.czu.cz\/zs2223\/wp-json\/wp\/v2\/comments?post=3693"}],"wp:featuredmedia":[{"embeddable":true,"href":"https:\/\/etev7e.pef.czu.cz\/zs2223\/wp-json\/wp\/v2\/media\/3798"}],"wp:attachment":[{"href":"https:\/\/etev7e.pef.czu.cz\/zs2223\/wp-json\/wp\/v2\/media?parent=3693"}],"wp:term":[{"taxonomy":"product_brand","embeddable":true,"href":"https:\/\/etev7e.pef.czu.cz\/zs2223\/wp-json\/wp\/v2\/product_brand?post=3693"},{"taxonomy":"product_cat","embeddable":true,"href":"https:\/\/etev7e.pef.czu.cz\/zs2223\/wp-json\/wp\/v2\/product_cat?post=3693"},{"taxonomy":"product_tag","embeddable":true,"href":"https:\/\/etev7e.pef.czu.cz\/zs2223\/wp-json\/wp\/v2\/product_tag?post=3693"}],"curies":[{"name":"wp","href":"https:\/\/api.w.org\/{rel}","templated":true}]}}