{"id":3696,"date":"2023-11-06T19:54:30","date_gmt":"2023-11-06T18:54:30","guid":{"rendered":"https:\/\/etev7e.pef.czu.cz\/zs2223\/?post_type=product&#038;p=3696"},"modified":"2023-11-17T18:43:40","modified_gmt":"2023-11-17T17:43:40","slug":"instantni-kava-davidoff-fine-aroma","status":"publish","type":"product","link":"https:\/\/etev7e.pef.czu.cz\/zs2223\/produkt\/instantni-kava-davidoff-fine-aroma\/","title":{"rendered":"Instantn\u00ed k\u00e1va Davidoff Fine Aroma"},"content":{"rendered":"<p>Tato instantn\u00ed k\u00e1va je vyrobena ze 100% Arabiky, kter\u00e1 ji d\u011bl\u00e1 bohatou, jemnou a elegantn\u00ed chu\u0165. Kvalita k\u00e1vy je zaji\u0161t\u011bna pe\u010dliv\u00fdm v\u00fdb\u011brem zrn Arabica z oblasti St\u0159edn\u00ed Ameriky a Kolumbie. K\u00e1va V\u00e1s ohrom\u00ed sv\u00fdm delik\u00e1tn\u00edm aroma a jemnou chut\u00ed s elegantn\u00edm kysel\u00fdm charakterem.<\/p>\n","protected":false},"excerpt":{"rendered":"<p>Instantn\u00ed k\u00e1va s elegantn\u00edm kysel\u00fdm charakterem vyrobena ze 100% Arabiky.<\/p>\n","protected":false},"featured_media":3709,"comment_status":"open","ping_status":"closed","template":"","meta":[],"product_brand":[],"product_cat":[1049],"product_tag":[1084,816],"class_list":{"0":"post-3696","1":"product","2":"type-product","3":"status-publish","4":"has-post-thumbnail","6":"product_cat-kava","7":"product_tag-instantni-kava","8":"product_tag-teple-napoje","10":"first","11":"instock","12":"sale","13":"taxable","14":"shipping-taxable","15":"purchasable","16":"product-type-simple"},"jetpack_sharing_enabled":true,"_links":{"self":[{"href":"https:\/\/etev7e.pef.czu.cz\/zs2223\/wp-json\/wp\/v2\/product\/3696","targetHints":{"allow":["GET"]}}],"collection":[{"href":"https:\/\/etev7e.pef.czu.cz\/zs2223\/wp-json\/wp\/v2\/product"}],"about":[{"href":"https:\/\/etev7e.pef.czu.cz\/zs2223\/wp-json\/wp\/v2\/types\/product"}],"replies":[{"embeddable":true,"href":"https:\/\/etev7e.pef.czu.cz\/zs2223\/wp-json\/wp\/v2\/comments?post=3696"}],"wp:featuredmedia":[{"embeddable":true,"href":"https:\/\/etev7e.pef.czu.cz\/zs2223\/wp-json\/wp\/v2\/media\/3709"}],"wp:attachment":[{"href":"https:\/\/etev7e.pef.czu.cz\/zs2223\/wp-json\/wp\/v2\/media?parent=3696"}],"wp:term":[{"taxonomy":"product_brand","embeddable":true,"href":"https:\/\/etev7e.pef.czu.cz\/zs2223\/wp-json\/wp\/v2\/product_brand?post=3696"},{"taxonomy":"product_cat","embeddable":true,"href":"https:\/\/etev7e.pef.czu.cz\/zs2223\/wp-json\/wp\/v2\/product_cat?post=3696"},{"taxonomy":"product_tag","embeddable":true,"href":"https:\/\/etev7e.pef.czu.cz\/zs2223\/wp-json\/wp\/v2\/product_tag?post=3696"}],"curies":[{"name":"wp","href":"https:\/\/api.w.org\/{rel}","templated":true}]}}