{"id":3701,"date":"2023-11-06T19:39:00","date_gmt":"2023-11-06T18:39:00","guid":{"rendered":"https:\/\/etev7e.pef.czu.cz\/zs2223\/?post_type=product&#038;p=3701"},"modified":"2023-11-06T19:39:00","modified_gmt":"2023-11-06T18:39:00","slug":"kufr-na-naradi","status":"publish","type":"product","link":"https:\/\/etev7e.pef.czu.cz\/zs2223\/produkt\/kufr-na-naradi\/","title":{"rendered":"Kufr na n\u00e1\u0159ad\u00ed"},"content":{"rendered":"<p>Kufr na n\u00e1\u0159ad\u00ed je \u010dern\u00fd, vyroben\u00fd z odoln\u00e9ho plastov\u00e9ho materi\u00e1lu. M\u00e1 uzamykateln\u00fd klip pro bezpe\u010dn\u00e9 uskladn\u011bn\u00ed n\u00e1\u0159ad\u00ed a je vybaven rukojet\u00ed pro snadnou p\u0159enositelnost. Uvnit\u0159 kuf\u0159\u00edku se nach\u00e1z\u00ed n\u011bkolik rozd\u00edln\u00fdch p\u0159ihr\u00e1dek a kapsi\u010dek pro organizaci a ulo\u017een\u00ed r\u016fzn\u00e9ho n\u00e1\u0159ad\u00ed.<\/p>\n","protected":false},"excerpt":{"rendered":"<p>Uzamykateln\u00fd kufr na n\u00e1\u0159ad\u00ed pro bezpe\u010dn\u00e9 uskladn\u011bn\u00ed n\u00e1\u0159ad\u00ed.<\/p>\n","protected":false},"featured_media":3702,"comment_status":"open","ping_status":"closed","template":"","meta":[],"product_brand":[],"product_cat":[1075,823],"product_tag":[1079,1077,1081,1080,1078,1076],"class_list":{"0":"post-3701","1":"product","2":"type-product","3":"status-publish","4":"has-post-thumbnail","6":"product_cat-naradi","7":"product_cat-zahradni-naradi","8":"product_tag-kufry-na-naradi","9":"product_tag-naradi-a-dilna","10":"product_tag-organizery-a-zasobniky-na-drobne-dily","11":"product_tag-plastove-ulozne-boxy","12":"product_tag-skladovani-naradi-a-uskladneni","13":"product_tag-stroje","15":"first","16":"instock","17":"sale","18":"taxable","19":"shipping-taxable","20":"purchasable","21":"product-type-simple"},"jetpack_sharing_enabled":true,"_links":{"self":[{"href":"https:\/\/etev7e.pef.czu.cz\/zs2223\/wp-json\/wp\/v2\/product\/3701","targetHints":{"allow":["GET"]}}],"collection":[{"href":"https:\/\/etev7e.pef.czu.cz\/zs2223\/wp-json\/wp\/v2\/product"}],"about":[{"href":"https:\/\/etev7e.pef.czu.cz\/zs2223\/wp-json\/wp\/v2\/types\/product"}],"replies":[{"embeddable":true,"href":"https:\/\/etev7e.pef.czu.cz\/zs2223\/wp-json\/wp\/v2\/comments?post=3701"}],"wp:featuredmedia":[{"embeddable":true,"href":"https:\/\/etev7e.pef.czu.cz\/zs2223\/wp-json\/wp\/v2\/media\/3702"}],"wp:attachment":[{"href":"https:\/\/etev7e.pef.czu.cz\/zs2223\/wp-json\/wp\/v2\/media?parent=3701"}],"wp:term":[{"taxonomy":"product_brand","embeddable":true,"href":"https:\/\/etev7e.pef.czu.cz\/zs2223\/wp-json\/wp\/v2\/product_brand?post=3701"},{"taxonomy":"product_cat","embeddable":true,"href":"https:\/\/etev7e.pef.czu.cz\/zs2223\/wp-json\/wp\/v2\/product_cat?post=3701"},{"taxonomy":"product_tag","embeddable":true,"href":"https:\/\/etev7e.pef.czu.cz\/zs2223\/wp-json\/wp\/v2\/product_tag?post=3701"}],"curies":[{"name":"wp","href":"https:\/\/api.w.org\/{rel}","templated":true}]}}