{"id":3703,"date":"2023-11-06T20:01:30","date_gmt":"2023-11-06T19:01:30","guid":{"rendered":"https:\/\/etev7e.pef.czu.cz\/zs2223\/?post_type=product&#038;p=3703"},"modified":"2023-11-06T20:01:30","modified_gmt":"2023-11-06T19:01:30","slug":"plochy-sroubovak","status":"publish","type":"product","link":"https:\/\/etev7e.pef.czu.cz\/zs2223\/produkt\/plochy-sroubovak\/","title":{"rendered":"Ploch\u00fd \u0161roubov\u00e1k"},"content":{"rendered":"<p>Ploch\u00fd \u0161roubov\u00e1k je n\u00e1stroj pou\u017e\u00edvan\u00fd pro utahov\u00e1n\u00ed nebo uvol\u0148ov\u00e1n\u00ed ploch\u00fdch \u0161roub\u016f s dr\u00e1\u017ekou.<\/p>\n","protected":false},"excerpt":{"rendered":"<p>Ploch\u00fd \u0161roubov\u00e1k pro utahov\u00e1n\u00ed nebo uvol\u0148ov\u00e1n\u00ed \u0161roub\u016f<\/p>\n","protected":false},"featured_media":3714,"comment_status":"open","ping_status":"closed","template":"","meta":[],"product_brand":[],"product_cat":[1075,823],"product_tag":[1089,1077,1088,1086,1090,1087,1076],"class_list":{"0":"post-3703","1":"product","2":"type-product","3":"status-publish","4":"has-post-thumbnail","6":"product_cat-naradi","7":"product_cat-zahradni-naradi","8":"product_tag-bezpecnostni-sroubovaky","9":"product_tag-naradi-a-dilna","10":"product_tag-ploche-sroubovaky","11":"product_tag-rucni-naradi","12":"product_tag-sady-sroubovaku","13":"product_tag-sroubovaky","14":"product_tag-stroje","16":"first","17":"instock","18":"sale","19":"taxable","20":"shipping-taxable","21":"purchasable","22":"product-type-simple"},"jetpack_sharing_enabled":true,"_links":{"self":[{"href":"https:\/\/etev7e.pef.czu.cz\/zs2223\/wp-json\/wp\/v2\/product\/3703","targetHints":{"allow":["GET"]}}],"collection":[{"href":"https:\/\/etev7e.pef.czu.cz\/zs2223\/wp-json\/wp\/v2\/product"}],"about":[{"href":"https:\/\/etev7e.pef.czu.cz\/zs2223\/wp-json\/wp\/v2\/types\/product"}],"replies":[{"embeddable":true,"href":"https:\/\/etev7e.pef.czu.cz\/zs2223\/wp-json\/wp\/v2\/comments?post=3703"}],"wp:featuredmedia":[{"embeddable":true,"href":"https:\/\/etev7e.pef.czu.cz\/zs2223\/wp-json\/wp\/v2\/media\/3714"}],"wp:attachment":[{"href":"https:\/\/etev7e.pef.czu.cz\/zs2223\/wp-json\/wp\/v2\/media?parent=3703"}],"wp:term":[{"taxonomy":"product_brand","embeddable":true,"href":"https:\/\/etev7e.pef.czu.cz\/zs2223\/wp-json\/wp\/v2\/product_brand?post=3703"},{"taxonomy":"product_cat","embeddable":true,"href":"https:\/\/etev7e.pef.czu.cz\/zs2223\/wp-json\/wp\/v2\/product_cat?post=3703"},{"taxonomy":"product_tag","embeddable":true,"href":"https:\/\/etev7e.pef.czu.cz\/zs2223\/wp-json\/wp\/v2\/product_tag?post=3703"}],"curies":[{"name":"wp","href":"https:\/\/api.w.org\/{rel}","templated":true}]}}