{"id":3706,"date":"2023-11-06T20:01:07","date_gmt":"2023-11-06T19:01:07","guid":{"rendered":"https:\/\/etev7e.pef.czu.cz\/zs2223\/?post_type=product&#038;p=3706"},"modified":"2023-11-07T12:52:49","modified_gmt":"2023-11-07T11:52:49","slug":"polstarek-jednorozec","status":"publish","type":"product","link":"https:\/\/etev7e.pef.czu.cz\/zs2223\/produkt\/polstarek-jednorozec\/","title":{"rendered":"Pol\u0161t\u00e1\u0159ek jednoro\u017eec"},"content":{"rendered":"<p>B\u00edl\u00fd jednoro\u017eec pot\u011b\u0161\u00ed nejen holky, ale i kluky. Ply\u0161ov\u00e1 hra\u010dka je vyrobena z velice p\u0159\u00edjemn\u00e9ho materi\u00e1lu, tud\u00ed\u017e m\u016f\u017ee dob\u0159e slou\u017eit i jako pol\u0161t\u00e1\u0159ek pod hlavu. Ply\u0161\u00e1k je ide\u00e1ln\u00ed k us\u00edn\u00e1n\u00ed.<\/p>\n","protected":false},"excerpt":{"rendered":"<p>Pol\u0161t\u00e1\u0159ek k us\u00edn\u00e1n\u00ed pro ka\u017ed\u00e9 mal\u00e9 d\u00edt\u011b.<\/p>\n","protected":false},"featured_media":3715,"comment_status":"open","ping_status":"closed","template":"","meta":[],"product_brand":[],"product_cat":[1083],"product_tag":[376,902,374],"class_list":{"0":"post-3706","1":"product","2":"type-product","3":"status-publish","4":"has-post-thumbnail","6":"product_cat-plysove-hracky","7":"product_tag-hracky","8":"product_tag-hracky-pro-nejmensi","9":"product_tag-plysove-hracky","11":"first","12":"instock","13":"sale","14":"taxable","15":"shipping-taxable","16":"purchasable","17":"product-type-variable"},"jetpack_sharing_enabled":true,"_links":{"self":[{"href":"https:\/\/etev7e.pef.czu.cz\/zs2223\/wp-json\/wp\/v2\/product\/3706","targetHints":{"allow":["GET"]}}],"collection":[{"href":"https:\/\/etev7e.pef.czu.cz\/zs2223\/wp-json\/wp\/v2\/product"}],"about":[{"href":"https:\/\/etev7e.pef.czu.cz\/zs2223\/wp-json\/wp\/v2\/types\/product"}],"replies":[{"embeddable":true,"href":"https:\/\/etev7e.pef.czu.cz\/zs2223\/wp-json\/wp\/v2\/comments?post=3706"}],"wp:featuredmedia":[{"embeddable":true,"href":"https:\/\/etev7e.pef.czu.cz\/zs2223\/wp-json\/wp\/v2\/media\/3715"}],"wp:attachment":[{"href":"https:\/\/etev7e.pef.czu.cz\/zs2223\/wp-json\/wp\/v2\/media?parent=3706"}],"wp:term":[{"taxonomy":"product_brand","embeddable":true,"href":"https:\/\/etev7e.pef.czu.cz\/zs2223\/wp-json\/wp\/v2\/product_brand?post=3706"},{"taxonomy":"product_cat","embeddable":true,"href":"https:\/\/etev7e.pef.czu.cz\/zs2223\/wp-json\/wp\/v2\/product_cat?post=3706"},{"taxonomy":"product_tag","embeddable":true,"href":"https:\/\/etev7e.pef.czu.cz\/zs2223\/wp-json\/wp\/v2\/product_tag?post=3706"}],"curies":[{"name":"wp","href":"https:\/\/api.w.org\/{rel}","templated":true}]}}