{"id":3713,"date":"2023-11-06T20:00:22","date_gmt":"2023-11-06T19:00:22","guid":{"rendered":"https:\/\/etev7e.pef.czu.cz\/zs2223\/?post_type=product&#038;p=3713"},"modified":"2023-11-17T18:43:07","modified_gmt":"2023-11-17T17:43:07","slug":"mleta-kava-illy-decaf-bez-kofeinu","status":"publish","type":"product","link":"https:\/\/etev7e.pef.czu.cz\/zs2223\/produkt\/mleta-kava-illy-decaf-bez-kofeinu\/","title":{"rendered":"Mlet\u00e1 k\u00e1va illy DECAF bez kofeinu"},"content":{"rendered":"<p>K\u00e1va Illy je zn\u00e1m\u00e1 svou velmi silnou intenzivn\u00ed v\u016fn\u00ed. Po ochutn\u00e1n\u00ed t\u00e9to k\u00e1vy V\u00e1m z\u016fstane jej\u00ed vyv\u00e1\u017een\u00e1 chu\u0165 je\u0161t\u011b po dlouhou dobu na jazyku. Tuto mletou bezkofeinovou k\u00e1vu, kter\u00e1 obsahuje sm\u011bs dev\u00edti druh\u016f k\u00e1vy Arabica, si m\u016f\u017ee vychutnat opravdu ka\u017ed\u00fd v\u010detn\u011b lid\u00ed s vysok\u00fdm tlakem nebo t\u011bhotn\u00fdch \u017een.<\/p>\n","protected":false},"excerpt":{"rendered":"<p>Mlet\u00e1 k\u00e1va bez kofeinu obsahuje sm\u011bs dev\u00edti druh\u016f k\u00e1vy Arabica a je vhodn\u00fd pro\u00a0osoby s vysok\u00fdm tlakem nebo t\u011bhotn\u00e9 \u017eeny.<\/p>\n","protected":false},"featured_media":3716,"comment_status":"open","ping_status":"closed","template":"","meta":[],"product_brand":[],"product_cat":[1049],"product_tag":[1085,1050,816],"class_list":{"0":"post-3713","1":"product","2":"type-product","3":"status-publish","4":"has-post-thumbnail","6":"product_cat-kava","7":"product_tag-bezkofeinova-kava","8":"product_tag-mleta-kava","9":"product_tag-teple-napoje","11":"first","12":"instock","13":"sale","14":"taxable","15":"shipping-taxable","16":"purchasable","17":"product-type-simple"},"jetpack_sharing_enabled":true,"_links":{"self":[{"href":"https:\/\/etev7e.pef.czu.cz\/zs2223\/wp-json\/wp\/v2\/product\/3713","targetHints":{"allow":["GET"]}}],"collection":[{"href":"https:\/\/etev7e.pef.czu.cz\/zs2223\/wp-json\/wp\/v2\/product"}],"about":[{"href":"https:\/\/etev7e.pef.czu.cz\/zs2223\/wp-json\/wp\/v2\/types\/product"}],"replies":[{"embeddable":true,"href":"https:\/\/etev7e.pef.czu.cz\/zs2223\/wp-json\/wp\/v2\/comments?post=3713"}],"wp:featuredmedia":[{"embeddable":true,"href":"https:\/\/etev7e.pef.czu.cz\/zs2223\/wp-json\/wp\/v2\/media\/3716"}],"wp:attachment":[{"href":"https:\/\/etev7e.pef.czu.cz\/zs2223\/wp-json\/wp\/v2\/media?parent=3713"}],"wp:term":[{"taxonomy":"product_brand","embeddable":true,"href":"https:\/\/etev7e.pef.czu.cz\/zs2223\/wp-json\/wp\/v2\/product_brand?post=3713"},{"taxonomy":"product_cat","embeddable":true,"href":"https:\/\/etev7e.pef.czu.cz\/zs2223\/wp-json\/wp\/v2\/product_cat?post=3713"},{"taxonomy":"product_tag","embeddable":true,"href":"https:\/\/etev7e.pef.czu.cz\/zs2223\/wp-json\/wp\/v2\/product_tag?post=3713"}],"curies":[{"name":"wp","href":"https:\/\/api.w.org\/{rel}","templated":true}]}}