{"id":3724,"date":"2023-11-06T20:14:29","date_gmt":"2023-11-06T19:14:29","guid":{"rendered":"https:\/\/etev7e.pef.czu.cz\/zs2223\/?post_type=product&#038;p=3724"},"modified":"2023-11-07T12:50:57","modified_gmt":"2023-11-07T11:50:57","slug":"plysak-furby","status":"publish","type":"product","link":"https:\/\/etev7e.pef.czu.cz\/zs2223\/produkt\/plysak-furby\/","title":{"rendered":"Ply\u0161\u00e1k Furby"},"content":{"rendered":"<p>S Furbym si ka\u017ed\u00e9 d\u00edt\u011b u\u017eije mnoho z\u00e1bavy! Vid\u00edte ten sv\u016fdn\u00fd pohled? Tento ply\u0161\u00e1k je vhodn\u00fd pro ka\u017ed\u00e9 men\u0161\u00ed d\u00edt\u011b. P\u0159ita\u017eliv\u00e1 fialov\u00e1 barva, dopln\u011bn\u00e1 o prvky r\u016f\u017eov\u00e9 vypad\u00e1 opravdu stylov\u011b.<\/p>\n","protected":false},"excerpt":{"rendered":"<p>Sv\u016fdn\u00fd fialov\u00fd Furby je tu!<\/p>\n","protected":false},"featured_media":3725,"comment_status":"open","ping_status":"closed","template":"","meta":[],"product_brand":[],"product_cat":[1083],"product_tag":[901,376,374],"class_list":{"0":"post-3724","1":"product","2":"type-product","3":"status-publish","4":"has-post-thumbnail","6":"product_cat-plysove-hracky","7":"product_tag-detske-hracky","8":"product_tag-hracky","9":"product_tag-plysove-hracky","11":"first","12":"instock","13":"sale","14":"taxable","15":"shipping-taxable","16":"purchasable","17":"product-type-variable"},"jetpack_sharing_enabled":true,"_links":{"self":[{"href":"https:\/\/etev7e.pef.czu.cz\/zs2223\/wp-json\/wp\/v2\/product\/3724","targetHints":{"allow":["GET"]}}],"collection":[{"href":"https:\/\/etev7e.pef.czu.cz\/zs2223\/wp-json\/wp\/v2\/product"}],"about":[{"href":"https:\/\/etev7e.pef.czu.cz\/zs2223\/wp-json\/wp\/v2\/types\/product"}],"replies":[{"embeddable":true,"href":"https:\/\/etev7e.pef.czu.cz\/zs2223\/wp-json\/wp\/v2\/comments?post=3724"}],"wp:featuredmedia":[{"embeddable":true,"href":"https:\/\/etev7e.pef.czu.cz\/zs2223\/wp-json\/wp\/v2\/media\/3725"}],"wp:attachment":[{"href":"https:\/\/etev7e.pef.czu.cz\/zs2223\/wp-json\/wp\/v2\/media?parent=3724"}],"wp:term":[{"taxonomy":"product_brand","embeddable":true,"href":"https:\/\/etev7e.pef.czu.cz\/zs2223\/wp-json\/wp\/v2\/product_brand?post=3724"},{"taxonomy":"product_cat","embeddable":true,"href":"https:\/\/etev7e.pef.czu.cz\/zs2223\/wp-json\/wp\/v2\/product_cat?post=3724"},{"taxonomy":"product_tag","embeddable":true,"href":"https:\/\/etev7e.pef.czu.cz\/zs2223\/wp-json\/wp\/v2\/product_tag?post=3724"}],"curies":[{"name":"wp","href":"https:\/\/api.w.org\/{rel}","templated":true}]}}