{"id":3735,"date":"2023-11-06T20:21:08","date_gmt":"2023-11-06T19:21:08","guid":{"rendered":"https:\/\/etev7e.pef.czu.cz\/zs2223\/?post_type=product&#038;p=3735"},"modified":"2023-11-11T09:38:50","modified_gmt":"2023-11-11T08:38:50","slug":"unisex-volnocasova-obuv-converse-cerna","status":"publish","type":"product","link":"https:\/\/etev7e.pef.czu.cz\/zs2223\/produkt\/unisex-volnocasova-obuv-converse-cerna\/","title":{"rendered":"Unisex volno\u010dasov\u00e1 obuv Converse &#8211; \u010dern\u00e1"},"content":{"rendered":"<p>Modern\u00ed unisex volno\u010dasov\u00e1 obuv zna\u010dky Converse by rozhodn\u011b nem\u011bla chyb\u011bt v \u017e\u00e1dn\u00e9m \u0161atn\u00edku.<br \/>\nBoty maj\u00ed ni\u017e\u0161\u00ed kotn\u00edkov\u00e9 proveden\u00ed, pl\u00e1t\u011bnou svrchn\u00ed \u010d\u00e1st, kvalitn\u00ed gumovou podr\u00e1\u017eku a p\u0159\u00edjemn\u00e9 polstrov\u00e1n\u00ed.<br \/>\nLogo zna\u010dky se nach\u00e1z\u00ed na zadn\u00ed \u010d\u00e1sti bot a na jazyku.<\/p>\n<p>Univerz\u00e1ln\u00ed boty, kter\u00e9 se hod\u00ed ke ka\u017ed\u00e9mu outfitu.<\/p>\n","protected":false},"excerpt":{"rendered":"<p>Modern\u00ed unisex volno\u010dasov\u00e1 obuv zna\u010dky Converse.<\/p>\n","protected":false},"featured_media":3737,"comment_status":"open","ping_status":"closed","template":"","meta":[],"product_brand":[],"product_cat":[1082],"product_tag":[691,1093,232,1091,1092],"class_list":{"0":"post-3735","1":"product","2":"type-product","3":"status-publish","4":"has-post-thumbnail","6":"product_cat-volnocasova-obuv","7":"product_tag-obuv","8":"product_tag-platena-obuv","9":"product_tag-tenisky","10":"product_tag-unisex","11":"product_tag-volnocasova-obuv","13":"first","14":"instock","15":"taxable","16":"shipping-taxable","17":"purchasable","18":"product-type-simple"},"jetpack_sharing_enabled":true,"_links":{"self":[{"href":"https:\/\/etev7e.pef.czu.cz\/zs2223\/wp-json\/wp\/v2\/product\/3735","targetHints":{"allow":["GET"]}}],"collection":[{"href":"https:\/\/etev7e.pef.czu.cz\/zs2223\/wp-json\/wp\/v2\/product"}],"about":[{"href":"https:\/\/etev7e.pef.czu.cz\/zs2223\/wp-json\/wp\/v2\/types\/product"}],"replies":[{"embeddable":true,"href":"https:\/\/etev7e.pef.czu.cz\/zs2223\/wp-json\/wp\/v2\/comments?post=3735"}],"wp:featuredmedia":[{"embeddable":true,"href":"https:\/\/etev7e.pef.czu.cz\/zs2223\/wp-json\/wp\/v2\/media\/3737"}],"wp:attachment":[{"href":"https:\/\/etev7e.pef.czu.cz\/zs2223\/wp-json\/wp\/v2\/media?parent=3735"}],"wp:term":[{"taxonomy":"product_brand","embeddable":true,"href":"https:\/\/etev7e.pef.czu.cz\/zs2223\/wp-json\/wp\/v2\/product_brand?post=3735"},{"taxonomy":"product_cat","embeddable":true,"href":"https:\/\/etev7e.pef.czu.cz\/zs2223\/wp-json\/wp\/v2\/product_cat?post=3735"},{"taxonomy":"product_tag","embeddable":true,"href":"https:\/\/etev7e.pef.czu.cz\/zs2223\/wp-json\/wp\/v2\/product_tag?post=3735"}],"curies":[{"name":"wp","href":"https:\/\/api.w.org\/{rel}","templated":true}]}}