{"id":3736,"date":"2023-11-06T20:23:44","date_gmt":"2023-11-06T19:23:44","guid":{"rendered":"https:\/\/etev7e.pef.czu.cz\/zs2223\/?post_type=product&#038;p=3736"},"modified":"2023-11-07T12:49:19","modified_gmt":"2023-11-07T11:49:19","slug":"angry-birds-prase","status":"publish","type":"product","link":"https:\/\/etev7e.pef.czu.cz\/zs2223\/produkt\/angry-birds-prase\/","title":{"rendered":"Angry Birds prase"},"content":{"rendered":"<p>Kdo by neznal legend\u00e1rn\u00ed hru Angry Birds? A co teprve m\u00edt jedno z pras\u00e1tek p\u0159\u00edmo doma? Nic nen\u00ed nemo\u017en\u00e9! Tento ply\u0161\u00e1k pot\u011b\u0161\u00ed ka\u017ed\u00e9ho p\u0159\u00edznivce t\u00e9to nest\u00e1rnouc\u00ed hry.<\/p>\n","protected":false},"excerpt":{"rendered":"<p>Angry Birds prase nejen pro milovn\u00edky t\u00e9to nest\u00e1rnouc\u00ed hry.<\/p>\n","protected":false},"featured_media":3741,"comment_status":"open","ping_status":"closed","template":"","meta":[],"product_brand":[],"product_cat":[1083],"product_tag":[901,376,374],"class_list":{"0":"post-3736","1":"product","2":"type-product","3":"status-publish","4":"has-post-thumbnail","6":"product_cat-plysove-hracky","7":"product_tag-detske-hracky","8":"product_tag-hracky","9":"product_tag-plysove-hracky","11":"first","12":"instock","13":"sale","14":"taxable","15":"shipping-taxable","16":"purchasable","17":"product-type-variable"},"jetpack_sharing_enabled":true,"_links":{"self":[{"href":"https:\/\/etev7e.pef.czu.cz\/zs2223\/wp-json\/wp\/v2\/product\/3736","targetHints":{"allow":["GET"]}}],"collection":[{"href":"https:\/\/etev7e.pef.czu.cz\/zs2223\/wp-json\/wp\/v2\/product"}],"about":[{"href":"https:\/\/etev7e.pef.czu.cz\/zs2223\/wp-json\/wp\/v2\/types\/product"}],"replies":[{"embeddable":true,"href":"https:\/\/etev7e.pef.czu.cz\/zs2223\/wp-json\/wp\/v2\/comments?post=3736"}],"wp:featuredmedia":[{"embeddable":true,"href":"https:\/\/etev7e.pef.czu.cz\/zs2223\/wp-json\/wp\/v2\/media\/3741"}],"wp:attachment":[{"href":"https:\/\/etev7e.pef.czu.cz\/zs2223\/wp-json\/wp\/v2\/media?parent=3736"}],"wp:term":[{"taxonomy":"product_brand","embeddable":true,"href":"https:\/\/etev7e.pef.czu.cz\/zs2223\/wp-json\/wp\/v2\/product_brand?post=3736"},{"taxonomy":"product_cat","embeddable":true,"href":"https:\/\/etev7e.pef.czu.cz\/zs2223\/wp-json\/wp\/v2\/product_cat?post=3736"},{"taxonomy":"product_tag","embeddable":true,"href":"https:\/\/etev7e.pef.czu.cz\/zs2223\/wp-json\/wp\/v2\/product_tag?post=3736"}],"curies":[{"name":"wp","href":"https:\/\/api.w.org\/{rel}","templated":true}]}}