{"id":3749,"date":"2023-11-06T20:57:11","date_gmt":"2023-11-06T19:57:11","guid":{"rendered":"https:\/\/etev7e.pef.czu.cz\/zs2223\/?post_type=product&#038;p=3749"},"modified":"2023-11-07T11:15:25","modified_gmt":"2023-11-07T10:15:25","slug":"versace-eros","status":"publish","type":"product","link":"https:\/\/etev7e.pef.czu.cz\/zs2223\/produkt\/versace-eros\/","title":{"rendered":"VERSACE EROS"},"content":{"rendered":"<p>Toaletn\u00ed voda pro mu\u017ee VERSACE EROS. Zahal\u00ed v\u00e1s do podmaniv\u00e9 v\u016fn\u011b, podtrhne va\u0161i mu\u017enost a dod\u00e1 v\u00e1m kapku sebev\u011bdom\u00ed do ka\u017ed\u00e9ho dne. Vonn\u00e1 kompozice se otev\u00edr\u00e1 osv\u011b\u017euj\u00edc\u00edmi l\u00edstky m\u00e1ty, kter\u00e9 jsou dopln\u011bny sladk\u00fdmi t\u00f3ny jablka a \u0161\u0165avnat\u00e9ho citronu. Z\u00e1kladem v\u016fn\u011b prostupuj\u00ed \u010dist\u00e9 esence mechu, h\u0159ejiv\u00e9ho cedru, vetiveru a gurm\u00e1nsk\u00e9 vanilky. Ide\u00e1ln\u00ed na denn\u00ed no\u0161en\u00ed i speci\u00e1ln\u00ed p\u0159\u00edle\u017eitosti.<\/p>\n","protected":false},"excerpt":{"rendered":"<p>Parf\u00e9movan\u00e1 voda pro mu\u017ee.<\/p>\n","protected":false},"featured_media":3744,"comment_status":"open","ping_status":"closed","template":"","meta":[],"product_brand":[],"product_cat":[1094],"product_tag":[1099,1098,330],"class_list":{"0":"post-3749","1":"product","2":"type-product","3":"status-publish","4":"has-post-thumbnail","6":"product_cat-parfemy","7":"product_tag-panske-parfemy","8":"product_tag-parfemovane-vody","9":"product_tag-parfemy","11":"first","12":"instock","13":"sale","14":"taxable","15":"shipping-taxable","16":"purchasable","17":"product-type-simple"},"jetpack_sharing_enabled":true,"_links":{"self":[{"href":"https:\/\/etev7e.pef.czu.cz\/zs2223\/wp-json\/wp\/v2\/product\/3749","targetHints":{"allow":["GET"]}}],"collection":[{"href":"https:\/\/etev7e.pef.czu.cz\/zs2223\/wp-json\/wp\/v2\/product"}],"about":[{"href":"https:\/\/etev7e.pef.czu.cz\/zs2223\/wp-json\/wp\/v2\/types\/product"}],"replies":[{"embeddable":true,"href":"https:\/\/etev7e.pef.czu.cz\/zs2223\/wp-json\/wp\/v2\/comments?post=3749"}],"wp:featuredmedia":[{"embeddable":true,"href":"https:\/\/etev7e.pef.czu.cz\/zs2223\/wp-json\/wp\/v2\/media\/3744"}],"wp:attachment":[{"href":"https:\/\/etev7e.pef.czu.cz\/zs2223\/wp-json\/wp\/v2\/media?parent=3749"}],"wp:term":[{"taxonomy":"product_brand","embeddable":true,"href":"https:\/\/etev7e.pef.czu.cz\/zs2223\/wp-json\/wp\/v2\/product_brand?post=3749"},{"taxonomy":"product_cat","embeddable":true,"href":"https:\/\/etev7e.pef.czu.cz\/zs2223\/wp-json\/wp\/v2\/product_cat?post=3749"},{"taxonomy":"product_tag","embeddable":true,"href":"https:\/\/etev7e.pef.czu.cz\/zs2223\/wp-json\/wp\/v2\/product_tag?post=3749"}],"curies":[{"name":"wp","href":"https:\/\/api.w.org\/{rel}","templated":true}]}}