{"id":3750,"date":"2023-11-06T21:06:25","date_gmt":"2023-11-06T20:06:25","guid":{"rendered":"https:\/\/etev7e.pef.czu.cz\/zs2223\/?post_type=product&#038;p=3750"},"modified":"2023-11-07T11:14:33","modified_gmt":"2023-11-07T10:14:33","slug":"dior-fahrenheit","status":"publish","type":"product","link":"https:\/\/etev7e.pef.czu.cz\/zs2223\/produkt\/dior-fahrenheit\/","title":{"rendered":"DIOR FAHRENHEIT"},"content":{"rendered":"<p>P\u00e1nsk\u00e1 sada Dior Fahrenheit je umocn\u011bna velkorys\u00fdm designem, d\u00e1rkovou kazetou zdobenou origin\u00e1ln\u00edm motivem fantaskn\u00edho souhv\u011bzd\u00ed. Sada obsahuje:<\/p>\n<ul>\n<li>Fahrenheit Eau de Toilette 100 ml. V\u016fn\u011b je postavena na sv\u011b\u017e\u00edch t\u00f3nech sicilsk\u00e9 mandarinky, p\u0159ekvapiv\u00e9 sm\u011bsi mu\u017en\u00fdch d\u0159evit\u00fdch a ko\u017een\u00fdch t\u00f3n\u016f a akordu fialky.<\/li>\n<li>Sprchov\u00fd gel Fahrenheit 50 ml. Sprchov\u00fd gel Fahrenheit von\u00ed jemn\u011b po d\u0159evin\u00e1ch a ko\u0159en\u00ed. Sprchov\u00fd gel Fahrenheit je ur\u010den pro ka\u017edodenn\u00ed pou\u017eit\u00ed na vlasy a t\u011blo.<\/li>\n<li>Fahrenheit Eau de Toilette Travel Spray 10ml. Cestovn\u00ed sprej p\u0159edpln\u011bn\u00fd a znovu plniteln\u00fd. Cestovn\u00ed sprej toaletn\u00ed vody Fahrenheit je nezbytnou sou\u010d\u00e1st\u00ed v\u00fdbavy zna\u010dky Dior pro ka\u017edou dovolenou.<\/li>\n<\/ul>\n","protected":false},"excerpt":{"rendered":"<p>D\u00e1rkov\u00e1 sada pro mu\u017ee.<\/p>\n","protected":false},"featured_media":3751,"comment_status":"open","ping_status":"closed","template":"","meta":[],"product_brand":[],"product_cat":[1094],"product_tag":[1097,1099,1098,330],"class_list":{"0":"post-3750","1":"product","2":"type-product","3":"status-publish","4":"has-post-thumbnail","6":"product_cat-parfemy","7":"product_tag-darkove-sady","8":"product_tag-panske-parfemy","9":"product_tag-parfemovane-vody","10":"product_tag-parfemy","12":"first","13":"instock","14":"sale","15":"taxable","16":"shipping-taxable","17":"purchasable","18":"product-type-simple"},"jetpack_sharing_enabled":true,"_links":{"self":[{"href":"https:\/\/etev7e.pef.czu.cz\/zs2223\/wp-json\/wp\/v2\/product\/3750","targetHints":{"allow":["GET"]}}],"collection":[{"href":"https:\/\/etev7e.pef.czu.cz\/zs2223\/wp-json\/wp\/v2\/product"}],"about":[{"href":"https:\/\/etev7e.pef.czu.cz\/zs2223\/wp-json\/wp\/v2\/types\/product"}],"replies":[{"embeddable":true,"href":"https:\/\/etev7e.pef.czu.cz\/zs2223\/wp-json\/wp\/v2\/comments?post=3750"}],"wp:featuredmedia":[{"embeddable":true,"href":"https:\/\/etev7e.pef.czu.cz\/zs2223\/wp-json\/wp\/v2\/media\/3751"}],"wp:attachment":[{"href":"https:\/\/etev7e.pef.czu.cz\/zs2223\/wp-json\/wp\/v2\/media?parent=3750"}],"wp:term":[{"taxonomy":"product_brand","embeddable":true,"href":"https:\/\/etev7e.pef.czu.cz\/zs2223\/wp-json\/wp\/v2\/product_brand?post=3750"},{"taxonomy":"product_cat","embeddable":true,"href":"https:\/\/etev7e.pef.czu.cz\/zs2223\/wp-json\/wp\/v2\/product_cat?post=3750"},{"taxonomy":"product_tag","embeddable":true,"href":"https:\/\/etev7e.pef.czu.cz\/zs2223\/wp-json\/wp\/v2\/product_tag?post=3750"}],"curies":[{"name":"wp","href":"https:\/\/api.w.org\/{rel}","templated":true}]}}