{"id":3753,"date":"2023-11-06T21:10:49","date_gmt":"2023-11-06T20:10:49","guid":{"rendered":"https:\/\/etev7e.pef.czu.cz\/zs2223\/?post_type=product&#038;p=3753"},"modified":"2023-11-07T11:13:55","modified_gmt":"2023-11-07T10:13:55","slug":"paco-rabanne-lady-million","status":"publish","type":"product","link":"https:\/\/etev7e.pef.czu.cz\/zs2223\/produkt\/paco-rabanne-lady-million\/","title":{"rendered":"PACO RABANNE Lady Million"},"content":{"rendered":"<p>D\u00e1rkov\u00e1 sada pro \u017eeny Paco Rabanne Lady Million EdP Set. V sad\u011b najdete parf\u00e9movanou vodu a t\u011blov\u00e9 ml\u00e9ko. Sv\u011b\u017e\u00ed v\u016fn\u011b se sladk\u00fdmi t\u00f3ny. V parf\u00e9mov\u00e9 vod\u011b \u010dek\u00e1 v\u016fn\u011b sladkokysel\u00e9 maliny, gard\u00e9nie a medu, dopln\u011bn\u00e9 o aroma gard\u00e9nie. Set za v\u00fdhodnou cenu. Skv\u011ble se hod\u00ed jako d\u00e1rek.<\/p>\n","protected":false},"excerpt":{"rendered":"<p>D\u00e1rkov\u00e1 sada pro \u017eeny.<\/p>\n","protected":false},"featured_media":3745,"comment_status":"open","ping_status":"closed","template":"","meta":[],"product_brand":[],"product_cat":[1094],"product_tag":[1096,1097,1098,330],"class_list":{"0":"post-3753","1":"product","2":"type-product","3":"status-publish","4":"has-post-thumbnail","6":"product_cat-parfemy","7":"product_tag-damske-parfemy","8":"product_tag-darkove-sady","9":"product_tag-parfemovane-vody","10":"product_tag-parfemy","12":"first","13":"instock","14":"sale","15":"taxable","16":"shipping-taxable","17":"purchasable","18":"product-type-simple"},"jetpack_sharing_enabled":true,"_links":{"self":[{"href":"https:\/\/etev7e.pef.czu.cz\/zs2223\/wp-json\/wp\/v2\/product\/3753","targetHints":{"allow":["GET"]}}],"collection":[{"href":"https:\/\/etev7e.pef.czu.cz\/zs2223\/wp-json\/wp\/v2\/product"}],"about":[{"href":"https:\/\/etev7e.pef.czu.cz\/zs2223\/wp-json\/wp\/v2\/types\/product"}],"replies":[{"embeddable":true,"href":"https:\/\/etev7e.pef.czu.cz\/zs2223\/wp-json\/wp\/v2\/comments?post=3753"}],"wp:featuredmedia":[{"embeddable":true,"href":"https:\/\/etev7e.pef.czu.cz\/zs2223\/wp-json\/wp\/v2\/media\/3745"}],"wp:attachment":[{"href":"https:\/\/etev7e.pef.czu.cz\/zs2223\/wp-json\/wp\/v2\/media?parent=3753"}],"wp:term":[{"taxonomy":"product_brand","embeddable":true,"href":"https:\/\/etev7e.pef.czu.cz\/zs2223\/wp-json\/wp\/v2\/product_brand?post=3753"},{"taxonomy":"product_cat","embeddable":true,"href":"https:\/\/etev7e.pef.czu.cz\/zs2223\/wp-json\/wp\/v2\/product_cat?post=3753"},{"taxonomy":"product_tag","embeddable":true,"href":"https:\/\/etev7e.pef.czu.cz\/zs2223\/wp-json\/wp\/v2\/product_tag?post=3753"}],"curies":[{"name":"wp","href":"https:\/\/api.w.org\/{rel}","templated":true}]}}