{"id":3754,"date":"2023-11-06T21:16:00","date_gmt":"2023-11-06T20:16:00","guid":{"rendered":"https:\/\/etev7e.pef.czu.cz\/zs2223\/?post_type=product&#038;p=3754"},"modified":"2023-11-07T11:19:42","modified_gmt":"2023-11-07T10:19:42","slug":"yves-saint-laurent-mon-paris","status":"publish","type":"product","link":"https:\/\/etev7e.pef.czu.cz\/zs2223\/produkt\/yves-saint-laurent-mon-paris\/","title":{"rendered":"YVES SAINT LAURENT Mon Paris"},"content":{"rendered":"<p>Osl\u0148uj\u00edc\u00ed parf\u00e9movan\u00e1 voda pro \u017eeny Yves Saint Laurent Mon Paris.\u00a0 Symbolizuje \u017eenskou n\u011bhu, p\u016fvab a kr\u00e1su. Delik\u00e1tn\u00ed aroma \u0161\u0165avnat\u00e9ho ovoce. Obsahuje sladk\u00e9 jahody, hrav\u00e9 maliny, sv\u016fdnou hru\u0161ku a pomeran\u010dov\u00e9 akordy. Umocn\u00ed v\u00e1\u0161 osobit\u00fd \u0161arm a dod\u00e1 v\u00e1m styl. Perfektn\u011b se hod\u00ed pro denn\u00ed no\u0161en\u00ed.<\/p>\n","protected":false},"excerpt":{"rendered":"<p>Parf\u00e9movan\u00e1 voda pro \u017eeny.<\/p>\n","protected":false},"featured_media":3755,"comment_status":"open","ping_status":"closed","template":"","meta":[],"product_brand":[],"product_cat":[1094],"product_tag":[1096,1095,330],"class_list":{"0":"post-3754","1":"product","2":"type-product","3":"status-publish","4":"has-post-thumbnail","6":"product_cat-parfemy","7":"product_tag-damske-parfemy","8":"product_tag-parfemovana-voda","9":"product_tag-parfemy","11":"first","12":"instock","13":"sale","14":"taxable","15":"shipping-taxable","16":"purchasable","17":"product-type-simple"},"jetpack_sharing_enabled":true,"_links":{"self":[{"href":"https:\/\/etev7e.pef.czu.cz\/zs2223\/wp-json\/wp\/v2\/product\/3754","targetHints":{"allow":["GET"]}}],"collection":[{"href":"https:\/\/etev7e.pef.czu.cz\/zs2223\/wp-json\/wp\/v2\/product"}],"about":[{"href":"https:\/\/etev7e.pef.czu.cz\/zs2223\/wp-json\/wp\/v2\/types\/product"}],"replies":[{"embeddable":true,"href":"https:\/\/etev7e.pef.czu.cz\/zs2223\/wp-json\/wp\/v2\/comments?post=3754"}],"wp:featuredmedia":[{"embeddable":true,"href":"https:\/\/etev7e.pef.czu.cz\/zs2223\/wp-json\/wp\/v2\/media\/3755"}],"wp:attachment":[{"href":"https:\/\/etev7e.pef.czu.cz\/zs2223\/wp-json\/wp\/v2\/media?parent=3754"}],"wp:term":[{"taxonomy":"product_brand","embeddable":true,"href":"https:\/\/etev7e.pef.czu.cz\/zs2223\/wp-json\/wp\/v2\/product_brand?post=3754"},{"taxonomy":"product_cat","embeddable":true,"href":"https:\/\/etev7e.pef.czu.cz\/zs2223\/wp-json\/wp\/v2\/product_cat?post=3754"},{"taxonomy":"product_tag","embeddable":true,"href":"https:\/\/etev7e.pef.czu.cz\/zs2223\/wp-json\/wp\/v2\/product_tag?post=3754"}],"curies":[{"name":"wp","href":"https:\/\/api.w.org\/{rel}","templated":true}]}}