{"id":3773,"date":"2023-11-07T09:47:37","date_gmt":"2023-11-07T08:47:37","guid":{"rendered":"https:\/\/etev7e.pef.czu.cz\/zs2223\/?post_type=product&#038;p=3773"},"modified":"2023-11-07T16:02:43","modified_gmt":"2023-11-07T15:02:43","slug":"estee-lauder-advanced-night-repair-serum-synchronized-multi-recovery-complex","status":"publish","type":"product","link":"https:\/\/etev7e.pef.czu.cz\/zs2223\/produkt\/estee-lauder-advanced-night-repair-serum-synchronized-multi-recovery-complex\/","title":{"rendered":"Estee Lauder \u2013 Advanced Night Repair serum synchronized Multi-Recovery Complex"},"content":{"rendered":"<p>Advanced Night Repair je vysoce \u00fa\u010dinn\u00e9 ple\u0165ov\u00e9 s\u00e9rum s peptidem Tripeptidem-32, kyselinou hyaluronovou a antioxida\u010dn\u00edmi \u00fa\u010dinky. Dermatologicky a oftalmologicky testov\u00e1no. S\u00e9rum je bez syntetick\u00e9 parfemace. Ple\u0165ov\u00e9 s\u00e9rum se nan\u00e1\u0161\u00ed r\u00e1no a ve\u010der na vy\u010dist\u011bnou ple\u0165 p\u0159ed nanesen\u00edm kr\u00e9mu. Jedn\u00e1 se o velmi jemn\u00e9 tekut\u00e9 s\u00e9rum, lze pou\u017e\u00edt pro v\u0161echny typy pleti. D\u00edky aktivn\u00edm l\u00e1tk\u00e1m jako jsou kyselina hyaluronov\u00e1, bambuck\u00e9 m\u00e1slo, arganov\u00fd olej, kofein, he\u0159m\u00e1nek a squalane obsahuje s\u00edlu 7 s\u00e9r a slibuje tyto \u00fa\u010dinky:<\/p>\n<ul>\n<li>s\u00e9rum poskytuje hydrataci a\u017e na 48 hodin<\/li>\n<li>redukce vr\u00e1sek a linek<\/li>\n<li>zpevn\u011bn\u00ed pleti<\/li>\n<li>sjednocen\u00ed t\u00f3nu pleti<\/li>\n<li>pos\u00edlen\u00ed ko\u017en\u00ed bari\u00e9ry<\/li>\n<li>hydratace<\/li>\n<li>rozjasn\u011bn\u00ed pleti<\/li>\n<li>antioxida\u010dn\u00ed ochrana<\/li>\n<li>omezen\u00ed viditelnosti p\u00f3r\u016f<\/li>\n<\/ul>\n","protected":false},"excerpt":{"rendered":"<p>Zna\u010dka Est\u00e9e Lauder poskytne va\u0161\u00ed pleti to nejlep\u0161\u00ed, abyste se i vy mohli c\u00edtit dob\u0159e. P\u0159edstavuje synonymum kvality, elegance a luxusu.<\/p>\n","protected":false},"featured_media":3775,"comment_status":"open","ping_status":"closed","template":"","meta":[],"product_brand":[],"product_cat":[1100],"product_tag":[318,737,728],"class_list":{"0":"post-3773","1":"product","2":"type-product","3":"status-publish","4":"has-post-thumbnail","6":"product_cat-pecujici-kosmetika","7":"product_tag-damska-kosmetika","8":"product_tag-pletova-sera","9":"product_tag-pletove-serum","11":"first","12":"instock","13":"taxable","14":"shipping-taxable","15":"purchasable","16":"product-type-variable"},"jetpack_sharing_enabled":true,"_links":{"self":[{"href":"https:\/\/etev7e.pef.czu.cz\/zs2223\/wp-json\/wp\/v2\/product\/3773","targetHints":{"allow":["GET"]}}],"collection":[{"href":"https:\/\/etev7e.pef.czu.cz\/zs2223\/wp-json\/wp\/v2\/product"}],"about":[{"href":"https:\/\/etev7e.pef.czu.cz\/zs2223\/wp-json\/wp\/v2\/types\/product"}],"replies":[{"embeddable":true,"href":"https:\/\/etev7e.pef.czu.cz\/zs2223\/wp-json\/wp\/v2\/comments?post=3773"}],"wp:featuredmedia":[{"embeddable":true,"href":"https:\/\/etev7e.pef.czu.cz\/zs2223\/wp-json\/wp\/v2\/media\/3775"}],"wp:attachment":[{"href":"https:\/\/etev7e.pef.czu.cz\/zs2223\/wp-json\/wp\/v2\/media?parent=3773"}],"wp:term":[{"taxonomy":"product_brand","embeddable":true,"href":"https:\/\/etev7e.pef.czu.cz\/zs2223\/wp-json\/wp\/v2\/product_brand?post=3773"},{"taxonomy":"product_cat","embeddable":true,"href":"https:\/\/etev7e.pef.czu.cz\/zs2223\/wp-json\/wp\/v2\/product_cat?post=3773"},{"taxonomy":"product_tag","embeddable":true,"href":"https:\/\/etev7e.pef.czu.cz\/zs2223\/wp-json\/wp\/v2\/product_tag?post=3773"}],"curies":[{"name":"wp","href":"https:\/\/api.w.org\/{rel}","templated":true}]}}