{"id":3777,"date":"2023-11-07T09:58:44","date_gmt":"2023-11-07T08:58:44","guid":{"rendered":"https:\/\/etev7e.pef.czu.cz\/zs2223\/?post_type=product&#038;p=3777"},"modified":"2023-11-07T16:03:05","modified_gmt":"2023-11-07T15:03:05","slug":"loreal-paris-revitalift-filler-ocni-serum-s-25-kyselinou-hyaluronovou","status":"publish","type":"product","link":"https:\/\/etev7e.pef.czu.cz\/zs2223\/produkt\/loreal-paris-revitalift-filler-ocni-serum-s-25-kyselinou-hyaluronovou\/","title":{"rendered":"L\u00f3real Paris &#8211; Revitalift Filler O\u010dn\u00ed s\u00e9rum s 2,5 % kyselinou hyaluronovou"},"content":{"rendered":"<p>O\u010dn\u00ed s\u00e9rum obsahuj\u00edc\u00ed dv\u011b formy kyseliny hyaluronov\u00e9 zajist\u00ed hloubkovou hydrataci o\u010dn\u00edho okol\u00ed, kofein a niacinamid p\u016fsob\u00edc\u00ed proti \u010dern\u00fdm kruh\u016fm a v\u00e1\u010dk\u016fm pod o\u010dima. S\u00e9rum se nan\u00e1\u0161\u00ed na o\u010dn\u00ed okol\u00ed pomoc\u00ed chladiv\u00e9ho aplik\u00e1toru v podob\u011b t\u0159\u00ed nerezov\u00fdch kuli\u010dek p\u0159ed. S\u00e9rum bylo dermatologicky otestov\u00e1no a neobsahuje parfemaci.<\/p>\n<p><strong>O\u010dn\u00ed s\u00e9rum slibuje tyto \u00fa\u010dinky: <\/strong><\/p>\n<ul>\n<li>redukce vr\u00e1sek a linek v okol\u00ed o\u010d\u00ed<\/li>\n<li>zesv\u011btlen\u00ed tmav\u00fdch kruh\u016f a v\u00e1\u010dk\u016f pod o\u010dima<\/li>\n<li>zpevn\u011bn\u00ed o\u010dn\u00edho okol\u00ed<\/li>\n<li>hydratace o\u010dn\u00edho okol\u00ed a\u017e na 48 hodin<\/li>\n<li>rozjasn\u011bn\u00ed o\u010dn\u00edho okol\u00ed<\/li>\n<\/ul>\n","protected":false},"excerpt":{"rendered":"<p>Kosmetika L\u2019Or\u00e9al Paris se vyzna\u010duje nekompromisn\u00ed kvalitou a bohat\u00fdm sortimentem, kter\u00fd doprov\u00e1z\u00ed \u017eeny a mu\u017ee nap\u0159\u00ed\u010d v\u0161emi etapami jejich \u017eivota.<\/p>\n","protected":false},"featured_media":3778,"comment_status":"open","ping_status":"closed","template":"","meta":[],"product_brand":[],"product_cat":[1100],"product_tag":[725,344,1121],"class_list":{"0":"post-3777","1":"product","2":"type-product","3":"status-publish","4":"has-post-thumbnail","6":"product_cat-pecujici-kosmetika","7":"product_tag-pece-o-plet","8":"product_tag-plet-pece-o-plet-pletove-serum","9":"product_tag-serum-na-ocni-okoli","11":"first","12":"instock","13":"taxable","14":"shipping-taxable","15":"purchasable","16":"product-type-simple"},"jetpack_sharing_enabled":true,"_links":{"self":[{"href":"https:\/\/etev7e.pef.czu.cz\/zs2223\/wp-json\/wp\/v2\/product\/3777","targetHints":{"allow":["GET"]}}],"collection":[{"href":"https:\/\/etev7e.pef.czu.cz\/zs2223\/wp-json\/wp\/v2\/product"}],"about":[{"href":"https:\/\/etev7e.pef.czu.cz\/zs2223\/wp-json\/wp\/v2\/types\/product"}],"replies":[{"embeddable":true,"href":"https:\/\/etev7e.pef.czu.cz\/zs2223\/wp-json\/wp\/v2\/comments?post=3777"}],"wp:featuredmedia":[{"embeddable":true,"href":"https:\/\/etev7e.pef.czu.cz\/zs2223\/wp-json\/wp\/v2\/media\/3778"}],"wp:attachment":[{"href":"https:\/\/etev7e.pef.czu.cz\/zs2223\/wp-json\/wp\/v2\/media?parent=3777"}],"wp:term":[{"taxonomy":"product_brand","embeddable":true,"href":"https:\/\/etev7e.pef.czu.cz\/zs2223\/wp-json\/wp\/v2\/product_brand?post=3777"},{"taxonomy":"product_cat","embeddable":true,"href":"https:\/\/etev7e.pef.czu.cz\/zs2223\/wp-json\/wp\/v2\/product_cat?post=3777"},{"taxonomy":"product_tag","embeddable":true,"href":"https:\/\/etev7e.pef.czu.cz\/zs2223\/wp-json\/wp\/v2\/product_tag?post=3777"}],"curies":[{"name":"wp","href":"https:\/\/api.w.org\/{rel}","templated":true}]}}