{"id":3781,"date":"2023-11-07T10:05:05","date_gmt":"2023-11-07T09:05:05","guid":{"rendered":"https:\/\/etev7e.pef.czu.cz\/zs2223\/?post_type=product&#038;p=3781"},"modified":"2023-11-07T16:03:32","modified_gmt":"2023-11-07T15:03:32","slug":"yves-rocher-hydra-vegetal","status":"publish","type":"product","link":"https:\/\/etev7e.pef.czu.cz\/zs2223\/produkt\/yves-rocher-hydra-vegetal\/","title":{"rendered":"Yves Rocher \u2013 Hydra V\u00e9g\u00e9tal"},"content":{"rendered":"<p>Intenzivn\u00ed hydrata\u010dn\u00ed ple\u0165ov\u00fd kr\u00e9m, kter\u00fd vyu\u017e\u00edv\u00e1 bun\u011b\u010dnou vodu z kosmatcovn\u00edku. Trojit\u00fd hydrata\u010dn\u00ed \u00fa\u010dinek kosmatcovn\u00edku ukl\u00e1d\u00e1 vodu v j\u00e1dru pleti, rozptyluje ji do v\u0161ech vrstev a omezuje jej\u00ed odpa\u0159ov\u00e1n\u00ed. Pleti dod\u00e1v\u00e1 hydrataci a\u017e 100 hodin. Kr\u00e9m je vhodn\u00fd pro v\u0161echny typy pleti. D\u00edky rozpl\u00fdvaj\u00edc\u00ed se kr\u00e9mov\u00e9 struktu\u0159e se kr\u00e9m kr\u00e1sn\u011b nan\u00e1\u0161\u00ed na ple\u0165.<\/p>\n<p><strong>Ple\u0165ov\u00fd kr\u00e9m slibuje tyto \u00fa\u010dinky:<\/strong><\/p>\n<ul>\n<li>vysok\u00fd hydrata\u010dn\u00ed \u00fa\u010dinek<\/li>\n<li>sv\u011b\u017e\u00ed a rozz\u00e1\u0159en\u00e1 ple\u0165<\/li>\n<li>zpevn\u011bn\u00ed pleti<\/li>\n<li>redukce linek zp\u016fsoben\u00e9 dehydratac\u00ed<\/li>\n<li>nezanech\u00e1v\u00e1 mastn\u00fd film<\/li>\n<\/ul>\n","protected":false},"excerpt":{"rendered":"<p>Intenzivn\u00ed hydratace a\u017e na 48 hodin.<\/p>\n","protected":false},"featured_media":3782,"comment_status":"open","ping_status":"closed","template":"","meta":[],"product_brand":[],"product_cat":[1100],"product_tag":[725,724,340,1122],"class_list":{"0":"post-3781","1":"product","2":"type-product","3":"status-publish","4":"has-post-thumbnail","6":"product_cat-pecujici-kosmetika","7":"product_tag-pece-o-plet","8":"product_tag-plet","9":"product_tag-plet-pece-o-plet-pletove-kremy","10":"product_tag-pletove-kremy","12":"first","13":"instock","14":"taxable","15":"shipping-taxable","16":"purchasable","17":"product-type-simple"},"jetpack_sharing_enabled":true,"_links":{"self":[{"href":"https:\/\/etev7e.pef.czu.cz\/zs2223\/wp-json\/wp\/v2\/product\/3781","targetHints":{"allow":["GET"]}}],"collection":[{"href":"https:\/\/etev7e.pef.czu.cz\/zs2223\/wp-json\/wp\/v2\/product"}],"about":[{"href":"https:\/\/etev7e.pef.czu.cz\/zs2223\/wp-json\/wp\/v2\/types\/product"}],"replies":[{"embeddable":true,"href":"https:\/\/etev7e.pef.czu.cz\/zs2223\/wp-json\/wp\/v2\/comments?post=3781"}],"wp:featuredmedia":[{"embeddable":true,"href":"https:\/\/etev7e.pef.czu.cz\/zs2223\/wp-json\/wp\/v2\/media\/3782"}],"wp:attachment":[{"href":"https:\/\/etev7e.pef.czu.cz\/zs2223\/wp-json\/wp\/v2\/media?parent=3781"}],"wp:term":[{"taxonomy":"product_brand","embeddable":true,"href":"https:\/\/etev7e.pef.czu.cz\/zs2223\/wp-json\/wp\/v2\/product_brand?post=3781"},{"taxonomy":"product_cat","embeddable":true,"href":"https:\/\/etev7e.pef.czu.cz\/zs2223\/wp-json\/wp\/v2\/product_cat?post=3781"},{"taxonomy":"product_tag","embeddable":true,"href":"https:\/\/etev7e.pef.czu.cz\/zs2223\/wp-json\/wp\/v2\/product_tag?post=3781"}],"curies":[{"name":"wp","href":"https:\/\/api.w.org\/{rel}","templated":true}]}}