{"id":3784,"date":"2023-11-07T10:10:19","date_gmt":"2023-11-07T09:10:19","guid":{"rendered":"https:\/\/etev7e.pef.czu.cz\/zs2223\/?post_type=product&#038;p=3784"},"modified":"2023-11-07T16:03:58","modified_gmt":"2023-11-07T15:03:58","slug":"laneige-sleeping-care-water-sleeping-mask","status":"publish","type":"product","link":"https:\/\/etev7e.pef.czu.cz\/zs2223\/produkt\/laneige-sleeping-care-water-sleeping-mask\/","title":{"rendered":"Laneige \u2013 Sleeping Care \u2013 Water Sleeping mask"},"content":{"rendered":"<p>Gelov\u00e1 maska, kter\u00e1 slou\u017e\u00ed k vy\u017eiven\u00ed pleti b\u011bhem va\u0161eho sp\u00e1nku. D\u00edky p\u016fsoben\u00ed masky b\u011bhem noci, ple\u0165 p\u0159ij\u00edm\u00e1 maximum l\u00e1tek z miner\u00e1l\u016f obsa\u017een\u00e9 v Hydro-ionizovan\u00e9 miner\u00e1ln\u00ed vod\u011b (zinek, mangan, ho\u0159\u010d\u00edk, sod\u00edk, v\u00e1pn\u00edk a drasl\u00edk). D\u00edky aroma pomeran\u010dov\u00e9ho kv\u011btu, r\u016f\u017ei a santalov\u00e9mu d\u0159evu se va\u0161e ple\u0165 zklidn\u00ed. V\u00fdta\u017eky z meru\u0148ky, kter\u00e9 jsou bohat\u00e9 na antioxidanty a v\u00fdta\u017eky z pupalky dvoulet\u00e9 zajist\u00ed dokonal\u00e9 pro\u010di\u0161t\u011bn\u00ed pleti. Maska tak\u00e9 obsahuje exkluzivn\u00ed technologii Moisture WrapTM , kter\u00e1 uzamyk\u00e1 v\u0161echny \u00fa\u010dinn\u00e9 l\u00e1tky uvnit\u0159 va\u0161\u00ed pleti. Produkt je vhodn\u00fd pro v\u0161echny typy pleti. No\u010dn\u00ed gelov\u00e1 maska m\u00e1 velmi p\u0159\u00edjemn\u00fd chladivou gelovou texturu.<\/p>\n<p><strong>No\u010dn\u00ed gelov\u00e1 maska slibuje tyto \u00fa\u010dinky:<\/strong><\/p>\n<ul>\n<li>zklid\u0148uj\u00edc\u00ed a pe\u010duj\u00edc\u00ed \u00fa\u010dinek<\/li>\n<li>pro\u010di\u0161t\u011bn\u00ed pleti<\/li>\n<li>vysok\u00fd hydrata\u010dn\u00ed \u00fa\u010dinek<\/li>\n<li>uzam\u010den\u00ed \u00fa\u010dinn\u00fdch l\u00e1tek do pleti<\/li>\n<\/ul>\n","protected":false},"excerpt":{"rendered":"<p>P\u0159i hled\u00e1n\u00ed tajemstv\u00ed sn\u011bhob\u00edl\u00e9 poko\u017eky inspirovan\u00e9 korejskou kr\u00e1sou, byla laborato\u0159emi ArmorePacific vyvinuta kosmetick\u00e1 \u0159ada LaNeige.<\/p>\n","protected":false},"featured_media":3785,"comment_status":"open","ping_status":"closed","template":"","meta":[],"product_brand":[],"product_cat":[1100],"product_tag":[878,729,1123,725,724,343],"class_list":{"0":"post-3784","1":"product","2":"type-product","3":"status-publish","4":"has-post-thumbnail","6":"product_cat-pecujici-kosmetika","7":"product_tag-cisteni-pleti","8":"product_tag-nocni-krem","9":"product_tag-nocni-pletove-kremy","10":"product_tag-pece-o-plet","11":"product_tag-plet","12":"product_tag-plet-pece-o-plet-nocni-krem","14":"first","15":"instock","16":"taxable","17":"shipping-taxable","18":"purchasable","19":"product-type-simple"},"jetpack_sharing_enabled":true,"_links":{"self":[{"href":"https:\/\/etev7e.pef.czu.cz\/zs2223\/wp-json\/wp\/v2\/product\/3784","targetHints":{"allow":["GET"]}}],"collection":[{"href":"https:\/\/etev7e.pef.czu.cz\/zs2223\/wp-json\/wp\/v2\/product"}],"about":[{"href":"https:\/\/etev7e.pef.czu.cz\/zs2223\/wp-json\/wp\/v2\/types\/product"}],"replies":[{"embeddable":true,"href":"https:\/\/etev7e.pef.czu.cz\/zs2223\/wp-json\/wp\/v2\/comments?post=3784"}],"wp:featuredmedia":[{"embeddable":true,"href":"https:\/\/etev7e.pef.czu.cz\/zs2223\/wp-json\/wp\/v2\/media\/3785"}],"wp:attachment":[{"href":"https:\/\/etev7e.pef.czu.cz\/zs2223\/wp-json\/wp\/v2\/media?parent=3784"}],"wp:term":[{"taxonomy":"product_brand","embeddable":true,"href":"https:\/\/etev7e.pef.czu.cz\/zs2223\/wp-json\/wp\/v2\/product_brand?post=3784"},{"taxonomy":"product_cat","embeddable":true,"href":"https:\/\/etev7e.pef.czu.cz\/zs2223\/wp-json\/wp\/v2\/product_cat?post=3784"},{"taxonomy":"product_tag","embeddable":true,"href":"https:\/\/etev7e.pef.czu.cz\/zs2223\/wp-json\/wp\/v2\/product_tag?post=3784"}],"curies":[{"name":"wp","href":"https:\/\/api.w.org\/{rel}","templated":true}]}}