{"id":3786,"date":"2023-11-07T10:15:11","date_gmt":"2023-11-07T09:15:11","guid":{"rendered":"https:\/\/etev7e.pef.czu.cz\/zs2223\/?post_type=product&#038;p=3786"},"modified":"2023-11-07T16:04:20","modified_gmt":"2023-11-07T15:04:20","slug":"vichy-aqualia-thermal","status":"publish","type":"product","link":"https:\/\/etev7e.pef.czu.cz\/zs2223\/produkt\/vichy-aqualia-thermal\/","title":{"rendered":"Vichy &#8211; Aqualia Thermal"},"content":{"rendered":"<p>No\u010dn\u00ed kr\u00e9m, kter\u00fd nab\u00edz\u00ed intenzivn\u00ed hydrata\u010dn\u00ed p\u00e9\u010di proti zn\u00e1mk\u00e1m \u00fanavy. Kr\u00e9m obsahuje kyselinu hyaluronovou, kter\u00e1 nab\u00edz\u00ed intenzivn\u00ed vlhkost pro va\u0161i ple\u0165 a z\u00e1sob\u00ed ji d\u016fle\u017eit\u00fdmi miner\u00e1ln\u00edmi l\u00e1tkami. No\u010dn\u00ed kr\u00e9m m\u00e1 chladivou gelovou texturu a je vhodn\u00fd pro v\u0161echny typy pleti. Kr\u00e9m podporuje p\u0159irozenou regeneraci pleti, pln\u011bj\u0161\u00ed dojem a jej\u00ed rozz\u00e1\u0159en\u00ed d\u00edky aktivn\u00edm l\u00e1tk\u00e1m obsa\u017een\u00e9 v term\u00e1ln\u00ed vod\u011b z Vichy.<\/p>\n<p><strong>No\u010dn\u00ed kr\u00e9m slibuje tyto \u00fa\u010dinky:<\/strong><\/p>\n<ul>\n<li>vysok\u00fd hydrata\u010dn\u00ed \u00fa\u010dinek<\/li>\n<li>zklid\u0148uj\u00edc\u00ed a regenera\u010dn\u00ed \u00fa\u010dinek<\/li>\n<li>dopln\u011bn\u00ed miner\u00e1ln\u00edch l\u00e1tek<\/li>\n<li>sv\u011b\u017e\u00ed a z\u00e1\u0159ivou ple\u0165<\/li>\n<li>zjemn\u011bn\u00ed a vypln\u011bn\u00ed pleti<\/li>\n<\/ul>\n","protected":false},"excerpt":{"rendered":"<p>Objevte blahod\u00e1rn\u00e9 \u00fa\u010dinky mineralizovan\u00e9 term\u00e1ln\u00ed vody Vichy v produktech, kter\u00e9 odpov\u00eddaj\u00ed pot\u0159eb\u00e1m ka\u017ed\u00e9 pleti.<\/p>\n","protected":false},"featured_media":3787,"comment_status":"open","ping_status":"closed","template":"","meta":[],"product_brand":[],"product_cat":[1100],"product_tag":[878,1124,725,724,346,738],"class_list":{"0":"post-3786","1":"product","2":"type-product","3":"status-publish","4":"has-post-thumbnail","6":"product_cat-pecujici-kosmetika","7":"product_tag-cisteni-pleti","8":"product_tag-nocni-pletova-maska","9":"product_tag-pece-o-plet","10":"product_tag-plet","11":"product_tag-plet-pece-o-plet-pletove-masky","12":"product_tag-pletova-kosmetika","14":"first","15":"instock","16":"taxable","17":"shipping-taxable","18":"purchasable","19":"product-type-simple"},"jetpack_sharing_enabled":true,"_links":{"self":[{"href":"https:\/\/etev7e.pef.czu.cz\/zs2223\/wp-json\/wp\/v2\/product\/3786","targetHints":{"allow":["GET"]}}],"collection":[{"href":"https:\/\/etev7e.pef.czu.cz\/zs2223\/wp-json\/wp\/v2\/product"}],"about":[{"href":"https:\/\/etev7e.pef.czu.cz\/zs2223\/wp-json\/wp\/v2\/types\/product"}],"replies":[{"embeddable":true,"href":"https:\/\/etev7e.pef.czu.cz\/zs2223\/wp-json\/wp\/v2\/comments?post=3786"}],"wp:featuredmedia":[{"embeddable":true,"href":"https:\/\/etev7e.pef.czu.cz\/zs2223\/wp-json\/wp\/v2\/media\/3787"}],"wp:attachment":[{"href":"https:\/\/etev7e.pef.czu.cz\/zs2223\/wp-json\/wp\/v2\/media?parent=3786"}],"wp:term":[{"taxonomy":"product_brand","embeddable":true,"href":"https:\/\/etev7e.pef.czu.cz\/zs2223\/wp-json\/wp\/v2\/product_brand?post=3786"},{"taxonomy":"product_cat","embeddable":true,"href":"https:\/\/etev7e.pef.czu.cz\/zs2223\/wp-json\/wp\/v2\/product_cat?post=3786"},{"taxonomy":"product_tag","embeddable":true,"href":"https:\/\/etev7e.pef.czu.cz\/zs2223\/wp-json\/wp\/v2\/product_tag?post=3786"}],"curies":[{"name":"wp","href":"https:\/\/api.w.org\/{rel}","templated":true}]}}