{"id":3800,"date":"2023-11-07T11:33:42","date_gmt":"2023-11-07T10:33:42","guid":{"rendered":"https:\/\/etev7e.pef.czu.cz\/zs2223\/?post_type=product&#038;p=3800"},"modified":"2023-11-07T11:35:45","modified_gmt":"2023-11-07T10:35:45","slug":"harry-potter-a-kamen-mudrcu","status":"publish","type":"product","link":"https:\/\/etev7e.pef.czu.cz\/zs2223\/produkt\/harry-potter-a-kamen-mudrcu\/","title":{"rendered":"Harry Potter a k\u00e1men mudrc\u016f"},"content":{"rendered":"<p>A\u017e do sv\u00fdch jeden\u00e1ct\u00fdch narozenin si o sob\u011b Harry myslel, \u017ee je jen oby\u010dejn\u00fd chlapec. Pak ale dostal sov\u00ed po\u0161tou dopis, kter\u00fdm byl zv\u00e1n ke studiu na presti\u017en\u00ed soukrom\u00e9 \u0160kole \u010dar a kouzel v Bradavic\u00edch, a jeho \u017eivot se r\u00e1zem prom\u011bnil. Leccos se dozv\u00edd\u00e1 o minulosti sv\u00fdch zem\u0159el\u00fdch rodi\u010d\u016f, z\u00edsk\u00e1 p\u00e1r dobr\u00fdch kamar\u00e1d\u016f, nau\u010d\u00ed se mist<span class=\"end_text et_501766\">rovsky hr\u00e1t famfrp\u00e1l a kv\u016fli Kameni mudrc\u016f podstoup\u00ed smrteln\u00fd souboj se zloduchem Voldemortem&#8230;<\/span><\/p>\n<p>Prvn\u00ed kniha sedmid\u00edln\u00e9 s\u00e9rie o Harrym Potterovi, kter\u00e1 nastartovala triumf\u00e1ln\u00ed sv\u011btov\u00fd \u00fasp\u011bch autorce i hlavn\u00edm hrdin\u016fm.<\/p>\n","protected":false},"excerpt":{"rendered":"<p>Kniha od autorky J. K. Rowlingov\u00e9<\/p>\n","protected":false},"featured_media":3801,"comment_status":"open","ping_status":"closed","template":"","meta":[],"product_brand":[],"product_cat":[],"product_tag":[1113,1115,1112,1116],"class_list":{"0":"post-3800","1":"product","2":"type-product","3":"status-publish","4":"has-post-thumbnail","6":"product_tag-beletrie","7":"product_tag-fantasy","8":"product_tag-knihy","9":"product_tag-literatura-pro-mladez","11":"first","12":"instock","13":"sale","14":"taxable","15":"shipping-taxable","16":"purchasable","17":"product-type-simple"},"jetpack_sharing_enabled":true,"_links":{"self":[{"href":"https:\/\/etev7e.pef.czu.cz\/zs2223\/wp-json\/wp\/v2\/product\/3800","targetHints":{"allow":["GET"]}}],"collection":[{"href":"https:\/\/etev7e.pef.czu.cz\/zs2223\/wp-json\/wp\/v2\/product"}],"about":[{"href":"https:\/\/etev7e.pef.czu.cz\/zs2223\/wp-json\/wp\/v2\/types\/product"}],"replies":[{"embeddable":true,"href":"https:\/\/etev7e.pef.czu.cz\/zs2223\/wp-json\/wp\/v2\/comments?post=3800"}],"wp:featuredmedia":[{"embeddable":true,"href":"https:\/\/etev7e.pef.czu.cz\/zs2223\/wp-json\/wp\/v2\/media\/3801"}],"wp:attachment":[{"href":"https:\/\/etev7e.pef.czu.cz\/zs2223\/wp-json\/wp\/v2\/media?parent=3800"}],"wp:term":[{"taxonomy":"product_brand","embeddable":true,"href":"https:\/\/etev7e.pef.czu.cz\/zs2223\/wp-json\/wp\/v2\/product_brand?post=3800"},{"taxonomy":"product_cat","embeddable":true,"href":"https:\/\/etev7e.pef.czu.cz\/zs2223\/wp-json\/wp\/v2\/product_cat?post=3800"},{"taxonomy":"product_tag","embeddable":true,"href":"https:\/\/etev7e.pef.czu.cz\/zs2223\/wp-json\/wp\/v2\/product_tag?post=3800"}],"curies":[{"name":"wp","href":"https:\/\/api.w.org\/{rel}","templated":true}]}}