{"id":3802,"date":"2023-11-07T11:32:44","date_gmt":"2023-11-07T10:32:44","guid":{"rendered":"https:\/\/etev7e.pef.czu.cz\/zs2223\/?post_type=product&#038;p=3802"},"modified":"2023-11-07T11:32:45","modified_gmt":"2023-11-07T10:32:45","slug":"sifra-mistra-leonarda","status":"publish","type":"product","link":"https:\/\/etev7e.pef.czu.cz\/zs2223\/produkt\/sifra-mistra-leonarda\/","title":{"rendered":"\u0160ifra mistra Leonarda"},"content":{"rendered":"<p>V pa\u0159\u00ed\u017esk\u00e9m Louvru dojde k vra\u017ed\u011b. Na m\u00edsto \u010dinu je povol\u00e1n znalec symbol\u016f Robert Langdon, protot\u017ee ob\u011b\u0165 byla nalezena za mimo\u0159\u00e1dn\u011b podivn\u00fdch okolnost\u00ed. Tak za\u010d\u00edn\u00e1 jeden z nej\u010dt\u011bn\u011bj\u0161\u00edch thriller\u016f v\u0161ech dob, \u0160ifra mistra Leonarda od Dana Browna, ve kter\u00e9m s LAngdonem objevujeme po stalet\u00ed st\u0159e\u017een\u00e9 tajemstv\u00ed ukryt\u00e9 v obrazu Leona<span class=\"end_text et_299049\">rda da Vinci Posledn\u00ed ve\u010de\u0159e. Rychl\u00e9 tempo, tajemn\u00e9 \u0161ifry, vedouc\u00ed k dal\u0161\u00edm indici\u00edm a dal\u0161\u00edm zlo\u010din\u016fm, p\u0159ekvapiv\u00e9 zvraty i ne\u010dek\u00e1n\u00fd z\u00e1v\u011br, kter\u00fd sv\u00e9ho \u010dasu vyvolal pobou\u0159en\u00ed v katolick\u00e9 c\u00edrkvi- to v\u0161e je z\u00e1rukou skv\u011bl\u00e9ho \u010dten\u00e1\u0159sk\u00e9ho z\u00e1\u017eitku.<\/span><\/p>\n","protected":false},"excerpt":{"rendered":"<p>Kniha od autora Dana Browna<\/p>\n","protected":false},"featured_media":3803,"comment_status":"open","ping_status":"closed","template":"","meta":[],"product_brand":[],"product_cat":[],"product_tag":[1113,1117,1112,770],"class_list":{"0":"post-3802","1":"product","2":"type-product","3":"status-publish","4":"has-post-thumbnail","6":"product_tag-beletrie","7":"product_tag-detektivky","8":"product_tag-knihy","9":"product_tag-thriller","11":"first","12":"instock","13":"sale","14":"taxable","15":"shipping-taxable","16":"purchasable","17":"product-type-simple"},"jetpack_sharing_enabled":true,"_links":{"self":[{"href":"https:\/\/etev7e.pef.czu.cz\/zs2223\/wp-json\/wp\/v2\/product\/3802","targetHints":{"allow":["GET"]}}],"collection":[{"href":"https:\/\/etev7e.pef.czu.cz\/zs2223\/wp-json\/wp\/v2\/product"}],"about":[{"href":"https:\/\/etev7e.pef.czu.cz\/zs2223\/wp-json\/wp\/v2\/types\/product"}],"replies":[{"embeddable":true,"href":"https:\/\/etev7e.pef.czu.cz\/zs2223\/wp-json\/wp\/v2\/comments?post=3802"}],"wp:featuredmedia":[{"embeddable":true,"href":"https:\/\/etev7e.pef.czu.cz\/zs2223\/wp-json\/wp\/v2\/media\/3803"}],"wp:attachment":[{"href":"https:\/\/etev7e.pef.czu.cz\/zs2223\/wp-json\/wp\/v2\/media?parent=3802"}],"wp:term":[{"taxonomy":"product_brand","embeddable":true,"href":"https:\/\/etev7e.pef.czu.cz\/zs2223\/wp-json\/wp\/v2\/product_brand?post=3802"},{"taxonomy":"product_cat","embeddable":true,"href":"https:\/\/etev7e.pef.czu.cz\/zs2223\/wp-json\/wp\/v2\/product_cat?post=3802"},{"taxonomy":"product_tag","embeddable":true,"href":"https:\/\/etev7e.pef.czu.cz\/zs2223\/wp-json\/wp\/v2\/product_tag?post=3802"}],"curies":[{"name":"wp","href":"https:\/\/api.w.org\/{rel}","templated":true}]}}