{"id":3804,"date":"2023-11-07T11:29:58","date_gmt":"2023-11-07T10:29:58","guid":{"rendered":"https:\/\/etev7e.pef.czu.cz\/zs2223\/?post_type=product&#038;p=3804"},"modified":"2023-11-07T11:29:58","modified_gmt":"2023-11-07T10:29:58","slug":"zaklinac-posledni-prani","status":"publish","type":"product","link":"https:\/\/etev7e.pef.czu.cz\/zs2223\/produkt\/zaklinac-posledni-prani\/","title":{"rendered":"Zakl\u00edna\u010d &#8211; Posledn\u00ed p\u0159\u00e1n\u00ed"},"content":{"rendered":"<p>Nov\u011b p\u0159elo\u017een\u00e9 geraltovsk\u00e9 pov\u00eddky ze St\u0159\u00edbrn\u00e9ho me\u010de, n\u011bco z V\u011b\u010dn\u00e9ho ohn\u011b a Me\u010de osudu &amp; kompletn\u00ed pov\u00eddka Hlas rozumu, kde Geralt vysv\u011btluje, jak to v\u0161echno za\u010dalo. Zakl\u00edna\u010d, o\u0161lehan\u00fd mu\u017e bez v\u011bku, jeho\u017e b\u00edl\u00e9 vlasy nejsou znakem st\u00e1\u0159\u00ed, ale mutace, kterou musel podstoupit. Placen\u00fd i dobrovoln\u00fd likvid\u00e1tor prapodivn\u00fdch tvor<span class=\"end_text et_30396\">\u016f: mantichor, troll\u016f, vidlohon\u016f, strig, amfisbain \u2013 pokud ov\u0161em ohro\u017euj\u00ed lidsk\u00fd rod; v takov\u00e9m p\u0159\u00edpad\u011b zab\u00edj\u00ed i bytost zvanou \u010dlov\u011bk. Prvot\u0159\u00eddn\u00ed, skv\u011bl\u00fd bojovn\u00edk, kter\u00fd nen\u00ed neporaziteln\u00fd ani nezraniteln\u00fd \u2013 naopak, t\u00e9m\u011b\u0159 z ka\u017ed\u00e9ho dobrodru\u017estv\u00ed si odn\u00e1\u0161\u00ed dal\u0161\u00ed \u0161r\u00e1my na t\u011ble i na du\u0161i.<\/span><\/p>\n","protected":false},"excerpt":{"rendered":"<p>Fantasy kniha od autora\u00a0<a href=\"https:\/\/www.knihydobrovsky.cz\/autori\/sapkowski-andrzej-150071\">A<\/a>ndrzej Sapkowski<\/p>\n","protected":false},"featured_media":3806,"comment_status":"open","ping_status":"closed","template":"","meta":[],"product_brand":[],"product_cat":[],"product_tag":[1113,1115,1112],"class_list":{"0":"post-3804","1":"product","2":"type-product","3":"status-publish","4":"has-post-thumbnail","6":"product_tag-beletrie","7":"product_tag-fantasy","8":"product_tag-knihy","10":"first","11":"instock","12":"sale","13":"taxable","14":"shipping-taxable","15":"purchasable","16":"product-type-simple"},"jetpack_sharing_enabled":true,"_links":{"self":[{"href":"https:\/\/etev7e.pef.czu.cz\/zs2223\/wp-json\/wp\/v2\/product\/3804","targetHints":{"allow":["GET"]}}],"collection":[{"href":"https:\/\/etev7e.pef.czu.cz\/zs2223\/wp-json\/wp\/v2\/product"}],"about":[{"href":"https:\/\/etev7e.pef.czu.cz\/zs2223\/wp-json\/wp\/v2\/types\/product"}],"replies":[{"embeddable":true,"href":"https:\/\/etev7e.pef.czu.cz\/zs2223\/wp-json\/wp\/v2\/comments?post=3804"}],"wp:featuredmedia":[{"embeddable":true,"href":"https:\/\/etev7e.pef.czu.cz\/zs2223\/wp-json\/wp\/v2\/media\/3806"}],"wp:attachment":[{"href":"https:\/\/etev7e.pef.czu.cz\/zs2223\/wp-json\/wp\/v2\/media?parent=3804"}],"wp:term":[{"taxonomy":"product_brand","embeddable":true,"href":"https:\/\/etev7e.pef.czu.cz\/zs2223\/wp-json\/wp\/v2\/product_brand?post=3804"},{"taxonomy":"product_cat","embeddable":true,"href":"https:\/\/etev7e.pef.czu.cz\/zs2223\/wp-json\/wp\/v2\/product_cat?post=3804"},{"taxonomy":"product_tag","embeddable":true,"href":"https:\/\/etev7e.pef.czu.cz\/zs2223\/wp-json\/wp\/v2\/product_tag?post=3804"}],"curies":[{"name":"wp","href":"https:\/\/api.w.org\/{rel}","templated":true}]}}