{"id":3805,"date":"2023-11-07T12:03:56","date_gmt":"2023-11-07T11:03:56","guid":{"rendered":"https:\/\/etev7e.pef.czu.cz\/zs2223\/?post_type=product&#038;p=3805"},"modified":"2023-11-07T12:03:57","modified_gmt":"2023-11-07T11:03:57","slug":"metr-svinovaci","status":"publish","type":"product","link":"https:\/\/etev7e.pef.czu.cz\/zs2223\/produkt\/metr-svinovaci\/","title":{"rendered":"Metr svinovac\u00ed"},"content":{"rendered":"<p>Svinovac\u00ed metr je praktick\u00fd n\u00e1stroj pro m\u011b\u0159en\u00ed d\u00e9lky, kter\u00fd se skl\u00e1d\u00e1 z pru\u017en\u00e9ho m\u011b\u0159ic\u00edho p\u00e1su, obvykle ozna\u010den\u00e9ho v centimetrech a milimetrech, a kompaktn\u00edho pouzdra pro snadn\u00e9 no\u0161en\u00ed. D\u00edky sv\u00e9mu kompaktn\u00edmu designu se stane ide\u00e1ln\u00edm spole\u010dn\u00edkem pro rychl\u00e1 a p\u0159esn\u00e1 m\u011b\u0159en\u00ed v dom\u00e1cnosti, p\u0159i stavebn\u00edch prac\u00edch nebo jin\u00fdch ka\u017edodenn\u00edch \u00fakolech.<\/p>\n","protected":false},"excerpt":{"rendered":"<p>Svinovac\u00ed metr pro m\u011b\u0159en\u00ed vzd\u00e1lenosti<\/p>\n","protected":false},"featured_media":3809,"comment_status":"open","ping_status":"closed","template":"","meta":[],"product_brand":[],"product_cat":[1075],"product_tag":[1077,1086,574,1076],"class_list":{"0":"post-3805","1":"product","2":"type-product","3":"status-publish","4":"has-post-thumbnail","6":"product_cat-naradi","7":"product_tag-naradi-a-dilna","8":"product_tag-rucni-naradi","9":"product_tag-stavba-a-zahrada","10":"product_tag-stroje","12":"first","13":"instock","14":"sale","15":"taxable","16":"shipping-taxable","17":"purchasable","18":"product-type-simple"},"jetpack_sharing_enabled":true,"_links":{"self":[{"href":"https:\/\/etev7e.pef.czu.cz\/zs2223\/wp-json\/wp\/v2\/product\/3805","targetHints":{"allow":["GET"]}}],"collection":[{"href":"https:\/\/etev7e.pef.czu.cz\/zs2223\/wp-json\/wp\/v2\/product"}],"about":[{"href":"https:\/\/etev7e.pef.czu.cz\/zs2223\/wp-json\/wp\/v2\/types\/product"}],"replies":[{"embeddable":true,"href":"https:\/\/etev7e.pef.czu.cz\/zs2223\/wp-json\/wp\/v2\/comments?post=3805"}],"wp:featuredmedia":[{"embeddable":true,"href":"https:\/\/etev7e.pef.czu.cz\/zs2223\/wp-json\/wp\/v2\/media\/3809"}],"wp:attachment":[{"href":"https:\/\/etev7e.pef.czu.cz\/zs2223\/wp-json\/wp\/v2\/media?parent=3805"}],"wp:term":[{"taxonomy":"product_brand","embeddable":true,"href":"https:\/\/etev7e.pef.czu.cz\/zs2223\/wp-json\/wp\/v2\/product_brand?post=3805"},{"taxonomy":"product_cat","embeddable":true,"href":"https:\/\/etev7e.pef.czu.cz\/zs2223\/wp-json\/wp\/v2\/product_cat?post=3805"},{"taxonomy":"product_tag","embeddable":true,"href":"https:\/\/etev7e.pef.czu.cz\/zs2223\/wp-json\/wp\/v2\/product_tag?post=3805"}],"curies":[{"name":"wp","href":"https:\/\/api.w.org\/{rel}","templated":true}]}}