{"id":3807,"date":"2023-11-07T11:30:45","date_gmt":"2023-11-07T10:30:45","guid":{"rendered":"https:\/\/etev7e.pef.czu.cz\/zs2223\/?post_type=product&#038;p=3807"},"modified":"2023-11-07T11:30:45","modified_gmt":"2023-11-07T10:30:45","slug":"zaklinac-2-mec-osudu","status":"publish","type":"product","link":"https:\/\/etev7e.pef.czu.cz\/zs2223\/produkt\/zaklinac-2-mec-osudu\/","title":{"rendered":"Zakl\u00edna\u010d 2 &#8211; Me\u010d osudu"},"content":{"rendered":"<p>Hlavn\u00edm hrdinou tvorby A. Sapkowsk\u00e9ho je zakl\u00edna\u010d Geralt z Rivie. Jako n\u00e1jemn\u00fd hubitel up\u00edr\u016f, vlkodlak\u016f a v\u0161emo\u017en\u00fdch nebezpe\u010dn\u00fdch netvor\u016f pochopiteln\u011b ovl\u00e1d\u00e1 bojov\u00e9 a magick\u00e9 techniky nezbytn\u00e9 pro jeho zam\u011bstn\u00e1n\u00ed. nicm\u00e9n\u011b nen\u00ed pouze chladnokrevn\u00fdm profesion\u00e1lem a u\u017e v\u016fbec ne jedn\u00edm ze superhrdin\u016f, jimi\u017e se \u017e\u00e1nr fantasy jen hem<span class=\"end_text et_328737\">\u017e\u00ed. Postupn\u011b vych\u00e1z\u00ed najevo, \u017ee nem\u011bl mo\u017enost si sv\u016fj osud svobodn\u011b zvolit, ale naopak je nucen draze platit za schopnosti a dovednosti nedosa\u017eiteln\u00e9 a vesm\u011bs t\u00e9\u017e nepochopiteln\u00e9 b\u011b\u017en\u00fdm smrteln\u00edk\u016fm. Proto vyvol\u00e1v\u00e1 strach a z\u00e1rove\u0148 nevra\u017eivost a odpor t\u011bch, jejich\u017e \u017eivoty vlastn\u011b chr\u00e1n\u00ed. P\u0159es sv\u00e9 pozitivn\u00ed p\u016fsoben\u00ed jsou zakl\u00edna\u010di odsouzeni k vyhnanstv\u00ed na sam\u00e9m okraji spole\u010dnosti, kter\u00e1 sice p\u016fsob\u00ed vn\u011bj\u0161kov\u011b st\u0159edov\u011bk\u00fdm dojmem, av\u0161ak s mnoha atributy p\u0159evzat\u00fdmi ze sou\u010dasnosti.<\/span><\/p>\n","protected":false},"excerpt":{"rendered":"<p>Pokra\u010dov\u00e1ni fantasy p\u0159\u00edb\u011bhu od autora Andrzeje Sapkowskiho, pevn\u00e1 vazba<\/p>\n","protected":false},"featured_media":3808,"comment_status":"open","ping_status":"closed","template":"","meta":[],"product_brand":[],"product_cat":[],"product_tag":[1113,1115,1112],"class_list":{"0":"post-3807","1":"product","2":"type-product","3":"status-publish","4":"has-post-thumbnail","6":"product_tag-beletrie","7":"product_tag-fantasy","8":"product_tag-knihy","10":"first","11":"instock","12":"sale","13":"taxable","14":"shipping-taxable","15":"purchasable","16":"product-type-simple"},"jetpack_sharing_enabled":true,"_links":{"self":[{"href":"https:\/\/etev7e.pef.czu.cz\/zs2223\/wp-json\/wp\/v2\/product\/3807","targetHints":{"allow":["GET"]}}],"collection":[{"href":"https:\/\/etev7e.pef.czu.cz\/zs2223\/wp-json\/wp\/v2\/product"}],"about":[{"href":"https:\/\/etev7e.pef.czu.cz\/zs2223\/wp-json\/wp\/v2\/types\/product"}],"replies":[{"embeddable":true,"href":"https:\/\/etev7e.pef.czu.cz\/zs2223\/wp-json\/wp\/v2\/comments?post=3807"}],"wp:featuredmedia":[{"embeddable":true,"href":"https:\/\/etev7e.pef.czu.cz\/zs2223\/wp-json\/wp\/v2\/media\/3808"}],"wp:attachment":[{"href":"https:\/\/etev7e.pef.czu.cz\/zs2223\/wp-json\/wp\/v2\/media?parent=3807"}],"wp:term":[{"taxonomy":"product_brand","embeddable":true,"href":"https:\/\/etev7e.pef.czu.cz\/zs2223\/wp-json\/wp\/v2\/product_brand?post=3807"},{"taxonomy":"product_cat","embeddable":true,"href":"https:\/\/etev7e.pef.czu.cz\/zs2223\/wp-json\/wp\/v2\/product_cat?post=3807"},{"taxonomy":"product_tag","embeddable":true,"href":"https:\/\/etev7e.pef.czu.cz\/zs2223\/wp-json\/wp\/v2\/product_tag?post=3807"}],"curies":[{"name":"wp","href":"https:\/\/api.w.org\/{rel}","templated":true}]}}