{"id":3810,"date":"2023-11-07T12:15:58","date_gmt":"2023-11-07T11:15:58","guid":{"rendered":"https:\/\/etev7e.pef.czu.cz\/zs2223\/?post_type=product&#038;p=3810"},"modified":"2023-11-07T12:15:58","modified_gmt":"2023-11-07T11:15:58","slug":"zamecnicke-kladivo","status":"publish","type":"product","link":"https:\/\/etev7e.pef.czu.cz\/zs2223\/produkt\/zamecnicke-kladivo\/","title":{"rendered":"Z\u00e1me\u010dnick\u00e9 kladivo"},"content":{"rendered":"<p>Z\u00e1me\u010dnick\u00e9 kladivo je mnoho\u00fa\u010delov\u00fdm \u00faderov\u00fdm n\u00e1strojem mimo\u0159\u00e1dn\u011b vhodn\u00fdm pro pr\u00e1ci zejm\u00e9na z\u00e1me\u010dn\u00edk\u016f, ale nalezlo si cestu i k dom\u00e1c\u00edm kutil\u016fm.<\/p>\n","protected":false},"excerpt":{"rendered":"<p>Z\u00e1me\u010dnick\u00e9 v\u00edce\u00fa\u010delov\u00e9 kladivo<\/p>\n","protected":false},"featured_media":3811,"comment_status":"open","ping_status":"closed","template":"","meta":[],"product_brand":[],"product_cat":[1075],"product_tag":[553,1077,1086,574,1076],"class_list":{"0":"post-3810","1":"product","2":"type-product","3":"status-publish","4":"has-post-thumbnail","6":"product_cat-naradi","7":"product_tag-dilna","8":"product_tag-naradi-a-dilna","9":"product_tag-rucni-naradi","10":"product_tag-stavba-a-zahrada","11":"product_tag-stroje","13":"first","14":"instock","15":"sale","16":"taxable","17":"shipping-taxable","18":"purchasable","19":"product-type-simple"},"jetpack_sharing_enabled":true,"_links":{"self":[{"href":"https:\/\/etev7e.pef.czu.cz\/zs2223\/wp-json\/wp\/v2\/product\/3810","targetHints":{"allow":["GET"]}}],"collection":[{"href":"https:\/\/etev7e.pef.czu.cz\/zs2223\/wp-json\/wp\/v2\/product"}],"about":[{"href":"https:\/\/etev7e.pef.czu.cz\/zs2223\/wp-json\/wp\/v2\/types\/product"}],"replies":[{"embeddable":true,"href":"https:\/\/etev7e.pef.czu.cz\/zs2223\/wp-json\/wp\/v2\/comments?post=3810"}],"wp:featuredmedia":[{"embeddable":true,"href":"https:\/\/etev7e.pef.czu.cz\/zs2223\/wp-json\/wp\/v2\/media\/3811"}],"wp:attachment":[{"href":"https:\/\/etev7e.pef.czu.cz\/zs2223\/wp-json\/wp\/v2\/media?parent=3810"}],"wp:term":[{"taxonomy":"product_brand","embeddable":true,"href":"https:\/\/etev7e.pef.czu.cz\/zs2223\/wp-json\/wp\/v2\/product_brand?post=3810"},{"taxonomy":"product_cat","embeddable":true,"href":"https:\/\/etev7e.pef.czu.cz\/zs2223\/wp-json\/wp\/v2\/product_cat?post=3810"},{"taxonomy":"product_tag","embeddable":true,"href":"https:\/\/etev7e.pef.czu.cz\/zs2223\/wp-json\/wp\/v2\/product_tag?post=3810"}],"curies":[{"name":"wp","href":"https:\/\/api.w.org\/{rel}","templated":true}]}}