{"id":3822,"date":"2023-11-07T15:49:45","date_gmt":"2023-11-07T14:49:45","guid":{"rendered":"https:\/\/etev7e.pef.czu.cz\/zs2223\/?post_type=product&#038;p=3822"},"modified":"2023-11-08T10:01:28","modified_gmt":"2023-11-08T09:01:28","slug":"naramek-ochrana-a-energie","status":"publish","type":"product","link":"https:\/\/etev7e.pef.czu.cz\/zs2223\/produkt\/naramek-ochrana-a-energie\/","title":{"rendered":"N\u00e1ramek &#8211; Ochrana a energie"},"content":{"rendered":"<p>Miner\u00e1ln\u00ed n\u00e1ramek z 6mm kor\u00e1lk\u016f tyg\u0159\u00edho oka magenta a k\u0159i\u0161\u0165\u00e1lu. P\u0159\u00edv\u011bsek \u201cmom\u201d neboli maminka, je z chirurgick\u00e9 oceli, kter\u00e1 ne\u010dern\u00e1 a je vhodn\u00e1 i pro alergiky.\u00a0Tyg\u0159\u00ed oko spolu s k\u0159i\u0161\u0165\u00e1lem poskytuj\u00ed ochranu. K\u0159i\u0161\u0165\u00e1l jako\u017eto univerz\u00e1ln\u00ed krystal m\u00e1 moc regulovat energie.<\/p>\n","protected":false},"excerpt":{"rendered":"<p>Miner\u00e1ln\u00ed n\u00e1ramek z tyg\u0159\u00edho oka a k\u0159i\u0161\u0165\u00e1lu. P\u0159\u00edv\u011bsek je z chirurgick\u00e9 oceli.<\/p>\n","protected":false},"featured_media":3825,"comment_status":"open","ping_status":"closed","template":"","meta":[],"product_brand":[],"product_cat":[1119],"product_tag":[1120,797],"class_list":{"0":"post-3822","1":"product","2":"type-product","3":"status-publish","4":"has-post-thumbnail","6":"product_cat-sperky-s-mineraly","7":"product_tag-modni-doplnky","8":"product_tag-sperky","10":"first","11":"instock","12":"sale","13":"taxable","14":"shipping-taxable","15":"purchasable","16":"product-type-simple"},"jetpack_sharing_enabled":true,"_links":{"self":[{"href":"https:\/\/etev7e.pef.czu.cz\/zs2223\/wp-json\/wp\/v2\/product\/3822","targetHints":{"allow":["GET"]}}],"collection":[{"href":"https:\/\/etev7e.pef.czu.cz\/zs2223\/wp-json\/wp\/v2\/product"}],"about":[{"href":"https:\/\/etev7e.pef.czu.cz\/zs2223\/wp-json\/wp\/v2\/types\/product"}],"replies":[{"embeddable":true,"href":"https:\/\/etev7e.pef.czu.cz\/zs2223\/wp-json\/wp\/v2\/comments?post=3822"}],"wp:featuredmedia":[{"embeddable":true,"href":"https:\/\/etev7e.pef.czu.cz\/zs2223\/wp-json\/wp\/v2\/media\/3825"}],"wp:attachment":[{"href":"https:\/\/etev7e.pef.czu.cz\/zs2223\/wp-json\/wp\/v2\/media?parent=3822"}],"wp:term":[{"taxonomy":"product_brand","embeddable":true,"href":"https:\/\/etev7e.pef.czu.cz\/zs2223\/wp-json\/wp\/v2\/product_brand?post=3822"},{"taxonomy":"product_cat","embeddable":true,"href":"https:\/\/etev7e.pef.czu.cz\/zs2223\/wp-json\/wp\/v2\/product_cat?post=3822"},{"taxonomy":"product_tag","embeddable":true,"href":"https:\/\/etev7e.pef.czu.cz\/zs2223\/wp-json\/wp\/v2\/product_tag?post=3822"}],"curies":[{"name":"wp","href":"https:\/\/api.w.org\/{rel}","templated":true}]}}