{"id":3823,"date":"2023-11-07T15:51:30","date_gmt":"2023-11-07T14:51:30","guid":{"rendered":"https:\/\/etev7e.pef.czu.cz\/zs2223\/?post_type=product&#038;p=3823"},"modified":"2023-11-08T10:01:19","modified_gmt":"2023-11-08T09:01:19","slug":"peckove-nausnice","status":"publish","type":"product","link":"https:\/\/etev7e.pef.czu.cz\/zs2223\/produkt\/peckove-nausnice\/","title":{"rendered":"Peckov\u00e9 n\u00e1u\u0161nice"},"content":{"rendered":"<p>Peckov\u00e9 n\u00e1u\u0161nice z chirurgick\u00e9 oceli. Miner\u00e1ln\u00ed zlomky zalit\u00e9 \u0161perka\u0159skou prysky\u0159ic\u00ed. Prysky\u0159ice na slunci ne\u017eloutne, zachov\u00e1v\u00e1 sv\u016fj vzhled. Velikost n\u00e1u\u0161nic je 10mm. Na v\u00fdb\u011br jsou r\u016fzn\u00e9 varianty.<\/p>\n","protected":false},"excerpt":{"rendered":"<p>Peckov\u00e9 miner\u00e1ln\u00ed n\u00e1u\u0161nice zal\u00e9van\u00e9 prysky\u0159ic\u00ed.<\/p>\n","protected":false},"featured_media":3826,"comment_status":"open","ping_status":"closed","template":"","meta":[],"product_brand":[],"product_cat":[1119],"product_tag":[1120,797],"class_list":{"0":"post-3823","1":"product","2":"type-product","3":"status-publish","4":"has-post-thumbnail","6":"product_cat-sperky-s-mineraly","7":"product_tag-modni-doplnky","8":"product_tag-sperky","10":"first","11":"instock","12":"sale","13":"taxable","14":"shipping-taxable","15":"purchasable","16":"product-type-simple"},"jetpack_sharing_enabled":true,"_links":{"self":[{"href":"https:\/\/etev7e.pef.czu.cz\/zs2223\/wp-json\/wp\/v2\/product\/3823","targetHints":{"allow":["GET"]}}],"collection":[{"href":"https:\/\/etev7e.pef.czu.cz\/zs2223\/wp-json\/wp\/v2\/product"}],"about":[{"href":"https:\/\/etev7e.pef.czu.cz\/zs2223\/wp-json\/wp\/v2\/types\/product"}],"replies":[{"embeddable":true,"href":"https:\/\/etev7e.pef.czu.cz\/zs2223\/wp-json\/wp\/v2\/comments?post=3823"}],"wp:featuredmedia":[{"embeddable":true,"href":"https:\/\/etev7e.pef.czu.cz\/zs2223\/wp-json\/wp\/v2\/media\/3826"}],"wp:attachment":[{"href":"https:\/\/etev7e.pef.czu.cz\/zs2223\/wp-json\/wp\/v2\/media?parent=3823"}],"wp:term":[{"taxonomy":"product_brand","embeddable":true,"href":"https:\/\/etev7e.pef.czu.cz\/zs2223\/wp-json\/wp\/v2\/product_brand?post=3823"},{"taxonomy":"product_cat","embeddable":true,"href":"https:\/\/etev7e.pef.czu.cz\/zs2223\/wp-json\/wp\/v2\/product_cat?post=3823"},{"taxonomy":"product_tag","embeddable":true,"href":"https:\/\/etev7e.pef.czu.cz\/zs2223\/wp-json\/wp\/v2\/product_tag?post=3823"}],"curies":[{"name":"wp","href":"https:\/\/api.w.org\/{rel}","templated":true}]}}