{"id":3827,"date":"2023-11-07T15:55:17","date_gmt":"2023-11-07T14:55:17","guid":{"rendered":"https:\/\/etev7e.pef.czu.cz\/zs2223\/?post_type=product&#038;p=3827"},"modified":"2023-11-08T10:01:09","modified_gmt":"2023-11-08T09:01:09","slug":"mineralni-prstynek","status":"publish","type":"product","link":"https:\/\/etev7e.pef.czu.cz\/zs2223\/produkt\/mineralni-prstynek\/","title":{"rendered":"Miner\u00e1ln\u00ed prst\u00fdnek"},"content":{"rendered":"<p>Prst\u00fdnek je vyroben dr\u00e1tku z chirurgick\u00e9 oceli o pr\u016fm\u011bru 0,6mm. Kor\u00e1lek, kter\u00fd zdob\u00ed tento prsten je z miner\u00e1lu ametyst. Tento miner\u00e1ln\u00ed prst\u00fdnek chr\u00e1n\u00ed p\u0159ed negativn\u00edmi emocemi a naopak p\u0159in\u00e1\u0161\u00ed l\u00e1sku, klid a kvalitn\u00ed sp\u00e1nek. Ide\u00e1ln\u00ed jako d\u00e1rek pro jakoukoli \u017eenu.<\/p>\n","protected":false},"excerpt":{"rendered":"<p>Ametystov\u00fd prsten z dr\u00e1tku z chirurgick\u00e9 oceli.<\/p>\n","protected":false},"featured_media":3830,"comment_status":"open","ping_status":"closed","template":"","meta":[],"product_brand":[],"product_cat":[1119],"product_tag":[1120,797],"class_list":{"0":"post-3827","1":"product","2":"type-product","3":"status-publish","4":"has-post-thumbnail","6":"product_cat-sperky-s-mineraly","7":"product_tag-modni-doplnky","8":"product_tag-sperky","10":"first","11":"instock","12":"sale","13":"taxable","14":"shipping-taxable","15":"purchasable","16":"product-type-simple"},"jetpack_sharing_enabled":true,"_links":{"self":[{"href":"https:\/\/etev7e.pef.czu.cz\/zs2223\/wp-json\/wp\/v2\/product\/3827","targetHints":{"allow":["GET"]}}],"collection":[{"href":"https:\/\/etev7e.pef.czu.cz\/zs2223\/wp-json\/wp\/v2\/product"}],"about":[{"href":"https:\/\/etev7e.pef.czu.cz\/zs2223\/wp-json\/wp\/v2\/types\/product"}],"replies":[{"embeddable":true,"href":"https:\/\/etev7e.pef.czu.cz\/zs2223\/wp-json\/wp\/v2\/comments?post=3827"}],"wp:featuredmedia":[{"embeddable":true,"href":"https:\/\/etev7e.pef.czu.cz\/zs2223\/wp-json\/wp\/v2\/media\/3830"}],"wp:attachment":[{"href":"https:\/\/etev7e.pef.czu.cz\/zs2223\/wp-json\/wp\/v2\/media?parent=3827"}],"wp:term":[{"taxonomy":"product_brand","embeddable":true,"href":"https:\/\/etev7e.pef.czu.cz\/zs2223\/wp-json\/wp\/v2\/product_brand?post=3827"},{"taxonomy":"product_cat","embeddable":true,"href":"https:\/\/etev7e.pef.czu.cz\/zs2223\/wp-json\/wp\/v2\/product_cat?post=3827"},{"taxonomy":"product_tag","embeddable":true,"href":"https:\/\/etev7e.pef.czu.cz\/zs2223\/wp-json\/wp\/v2\/product_tag?post=3827"}],"curies":[{"name":"wp","href":"https:\/\/api.w.org\/{rel}","templated":true}]}}