{"id":3828,"date":"2023-11-07T15:57:16","date_gmt":"2023-11-07T14:57:16","guid":{"rendered":"https:\/\/etev7e.pef.czu.cz\/zs2223\/?post_type=product&#038;p=3828"},"modified":"2023-11-08T10:00:59","modified_gmt":"2023-11-08T09:00:59","slug":"prirodni-nahrdelnik-ametyst","status":"publish","type":"product","link":"https:\/\/etev7e.pef.czu.cz\/zs2223\/produkt\/prirodni-nahrdelnik-ametyst\/","title":{"rendered":"P\u0159\u00edrodn\u00ed n\u00e1hrdeln\u00edk &#8211; Ametyst"},"content":{"rendered":"<p>Mimo\u0159\u00e1dn\u011b mocn\u00fd ochrann\u00fd k\u00e1men, kter\u00fd je obda\u0159en spiritu\u00e1ln\u00edmi vibracemi. N\u00e1hrdeln\u00edk br\u00e1n\u00ed nositele p\u0159ed negativn\u00edmi energiemi, kter\u00e9 m\u011bn\u00ed v l\u00e1sku. Je blahod\u00e1rn\u00fd pro na\u0161i mysl, kterou dok\u00e1\u017ee uklidnit \u010di povzbudit. V\u00fdborn\u00fd pomocn\u00edk k meditaci, podporuje soust\u0159ed\u011bnost a odv\u00e1d\u00ed my\u0161lenky od v\u0161eho sv\u011btsk\u00e9ho. Napom\u00e1h\u00e1 k p\u0159ij\u00edm\u00e1n\u00ed nov\u00fdch my\u0161lenek. Ametyst zlep\u0161uje pam\u011b\u0165 a p\u0159isp\u00edv\u00e1 ke kvalitn\u00edmu sp\u00e1nku. Otev\u00edr\u00e1 cestu pro rozvoj intuice.<\/p>\n","protected":false},"excerpt":{"rendered":"<p>Jemn\u00fd n\u00e1hrdeln\u00edk se surov\u00fdm miner\u00e1lem ametystu. D\u00e9lka n\u00e1hrdeln\u00edku je 51 cm a velikost surov\u00e9ho ametystu je 2 x 2 cm.<\/p>\n","protected":false},"featured_media":3832,"comment_status":"open","ping_status":"closed","template":"","meta":[],"product_brand":[],"product_cat":[1119],"product_tag":[1120,797],"class_list":{"0":"post-3828","1":"product","2":"type-product","3":"status-publish","4":"has-post-thumbnail","6":"product_cat-sperky-s-mineraly","7":"product_tag-modni-doplnky","8":"product_tag-sperky","10":"first","11":"instock","12":"sale","13":"taxable","14":"shipping-taxable","15":"purchasable","16":"product-type-simple"},"jetpack_sharing_enabled":true,"_links":{"self":[{"href":"https:\/\/etev7e.pef.czu.cz\/zs2223\/wp-json\/wp\/v2\/product\/3828","targetHints":{"allow":["GET"]}}],"collection":[{"href":"https:\/\/etev7e.pef.czu.cz\/zs2223\/wp-json\/wp\/v2\/product"}],"about":[{"href":"https:\/\/etev7e.pef.czu.cz\/zs2223\/wp-json\/wp\/v2\/types\/product"}],"replies":[{"embeddable":true,"href":"https:\/\/etev7e.pef.czu.cz\/zs2223\/wp-json\/wp\/v2\/comments?post=3828"}],"wp:featuredmedia":[{"embeddable":true,"href":"https:\/\/etev7e.pef.czu.cz\/zs2223\/wp-json\/wp\/v2\/media\/3832"}],"wp:attachment":[{"href":"https:\/\/etev7e.pef.czu.cz\/zs2223\/wp-json\/wp\/v2\/media?parent=3828"}],"wp:term":[{"taxonomy":"product_brand","embeddable":true,"href":"https:\/\/etev7e.pef.czu.cz\/zs2223\/wp-json\/wp\/v2\/product_brand?post=3828"},{"taxonomy":"product_cat","embeddable":true,"href":"https:\/\/etev7e.pef.czu.cz\/zs2223\/wp-json\/wp\/v2\/product_cat?post=3828"},{"taxonomy":"product_tag","embeddable":true,"href":"https:\/\/etev7e.pef.czu.cz\/zs2223\/wp-json\/wp\/v2\/product_tag?post=3828"}],"curies":[{"name":"wp","href":"https:\/\/api.w.org\/{rel}","templated":true}]}}